{"id":9291,"date":"2024-09-17T15:59:27","date_gmt":"2024-09-17T13:59:27","guid":{"rendered":"https:\/\/antcube.shop\/en\/product\/brombeerblatter-100g-frisch\/"},"modified":"2026-03-31T20:25:10","modified_gmt":"2026-03-31T18:25:10","slug":"brombeerblatter-100g-frisch","status":"publish","type":"product","link":"https:\/\/antcube.shop\/sv\/produkt\/brombeerblatter-100g-frisch\/","title":{"rendered":"Blad fr\u00e5n bj\u00f6rnb\u00e4r 100g - f\u00e4rska"},"content":{"rendered":"<p><strong>Inneh\u00e5ll:<\/strong> 100 g f\u00e4rska bj\u00f6rnb\u00e4rsblad<\/p>\n<p><strong>Beskrivning:<\/strong> Bj\u00f6rnb\u00e4rsblad som grogrund f\u00f6r svampgroende myrarter.<\/p>\n<p><strong>Anv\u00e4ndning:<\/strong><br \/>\nBj\u00f6rnb\u00e4rsblad = f\u00f6r svamp\u00e4tande myrarter<br \/>\nDetta \u00e4r ett \"helfoder\" (enkelfoder) och anv\u00e4nds endast som grogrund f\u00f6r svampen.<br \/>\nPlacera bara de blad som ska matas i matningskammaren.<\/p>\n<p>F\u00f6rvaring: 5-8\u00b0C \/ 60-90% luftfuktighet. (alternativt \u00e4ven i en vas med vatten)<\/p>\n<p><strong>Inneh\u00e5ller:<\/strong><br \/>\n100% f\u00e4rska bj\u00f6rnb\u00e4rsblad<\/p>\n<p><strong>Observera:<\/strong><br \/>\nF\u00f6r ytterligare information h\u00e4nvisas till bipacksedeln.<\/p>\n<p>Informationshotline +49 30 439703870<\/p>\n<p>Ansvarig veterin\u00e4r- och livsmedelsinspektion:<br \/>\nSteglitz Veterin\u00e4rbyr\u00e5<br \/>\nK\u00f6nigin-Luise-Str. 92<br \/>\n14195 Berlin<\/p>","protected":false},"excerpt":{"rendered":"<p>Inneh\u00e5ll: 100g f\u00e4rska bj\u00f6rnb\u00e4rsblad Beskrivning: Bj\u00f6rnb\u00e4rsblad som grogrund f\u00f6r svampodlande myrarter. Anv\u00e4ndning: Bj\u00f6rnb\u00e4rsblad = f\u00f6r svampodlande myrarter Detta \u00e4r ett \"helfoder\" (enkelfoder) och anv\u00e4nds endast som grogrund f\u00f6r svampen. Placera bara de blad som ska utfodras i utfodringskammaren. F\u00f6rvaring: 5-8\u00b0C","protected":false},"featured_media":9603,"comment_status":"open","ping_status":"closed","template":"","meta":{"_acf_changed":false,"content-type":"","_monsterinsights_skip_tracking":false,"_monsterinsights_sitenote_active":false,"_monsterinsights_sitenote_note":"","_monsterinsights_sitenote_category":0},"product_brand":[],"product_cat":[115,116],"product_tag":[],"class_list":{"0":"post-9291","1":"product","2":"type-product","3":"status-publish","4":"has-post-thumbnail","6":"product_cat-food-and-feeding","7":"product_cat-food","9":"first","10":"onbackorder","11":"taxable","12":"shipping-taxable","13":"purchasable","14":"product-type-simple"},"acf":[],"aioseo_notices":[],"jetpack_sharing_enabled":true,"_links":{"self":[{"href":"https:\/\/antcube.shop\/sv\/wp-json\/wp\/v2\/product\/9291","targetHints":{"allow":["GET"]}}],"collection":[{"href":"https:\/\/antcube.shop\/sv\/wp-json\/wp\/v2\/product"}],"about":[{"href":"https:\/\/antcube.shop\/sv\/wp-json\/wp\/v2\/types\/product"}],"replies":[{"embeddable":true,"href":"https:\/\/antcube.shop\/sv\/wp-json\/wp\/v2\/comments?post=9291"}],"wp:featuredmedia":[{"embeddable":true,"href":"https:\/\/antcube.shop\/sv\/wp-json\/wp\/v2\/media\/9603"}],"wp:attachment":[{"href":"https:\/\/antcube.shop\/sv\/wp-json\/wp\/v2\/media?parent=9291"}],"wp:term":[{"taxonomy":"product_brand","embeddable":true,"href":"https:\/\/antcube.shop\/sv\/wp-json\/wp\/v2\/product_brand?post=9291"},{"taxonomy":"product_cat","embeddable":true,"href":"https:\/\/antcube.shop\/sv\/wp-json\/wp\/v2\/product_cat?post=9291"},{"taxonomy":"product_tag","embeddable":true,"href":"https:\/\/antcube.shop\/sv\/wp-json\/wp\/v2\/product_tag?post=9291"}],"curies":[{"name":"wp","href":"https:\/\/api.w.org\/{rel}","templated":true}]}}