{"id":9284,"date":"2024-09-17T15:56:19","date_gmt":"2024-09-17T13:56:19","guid":{"rendered":"https:\/\/antcube.shop\/en\/product\/felsschale-mini-sand-stone\/"},"modified":"2026-03-31T09:51:37","modified_gmt":"2026-03-31T07:51:37","slug":"stenskal-mini-sandsten","status":"publish","type":"product","link":"https:\/\/antcube.shop\/sv\/produkt\/stenskal-mini-sandsten\/","title":{"rendered":"Bergsskal mini Sandsten"},"content":{"rendered":"<p><strong>M\u00e5tt:<\/strong> 15 x 10 x 2,5 cm<\/p>\n<p><strong>F\u00e4rg:<\/strong> gul<\/p>\n<p><strong>Material:<\/strong> syntetiskt harts<\/p>\n<p><strong>Beskrivning:<\/strong><br \/>\nI dessa stensk\u00e5lar kan du erbjuda myrorna mat eller vatten. Stensk\u00e5larna \u00e4r tillverkade av robust konstharts och kan inte f\u00f6rst\u00f6ras av myrorna.<\/p>","protected":false},"excerpt":{"rendered":"<p>Storlek: 15 x 10 x 2,5 cm<\/p>","protected":false},"featured_media":9769,"comment_status":"open","ping_status":"closed","template":"","meta":{"_acf_changed":false,"content-type":"","_monsterinsights_skip_tracking":false,"_monsterinsights_sitenote_active":false,"_monsterinsights_sitenote_note":"","_monsterinsights_sitenote_category":0},"product_brand":[],"product_cat":[115,118],"product_tag":[],"class_list":{"0":"post-9284","1":"product","2":"type-product","3":"status-publish","4":"has-post-thumbnail","6":"product_cat-food-and-feeding","7":"product_cat-feeding-bowls","9":"first","10":"instock","11":"taxable","12":"shipping-taxable","13":"purchasable","14":"product-type-simple"},"acf":[],"aioseo_notices":[],"jetpack_sharing_enabled":true,"_links":{"self":[{"href":"https:\/\/antcube.shop\/sv\/wp-json\/wp\/v2\/product\/9284","targetHints":{"allow":["GET"]}}],"collection":[{"href":"https:\/\/antcube.shop\/sv\/wp-json\/wp\/v2\/product"}],"about":[{"href":"https:\/\/antcube.shop\/sv\/wp-json\/wp\/v2\/types\/product"}],"replies":[{"embeddable":true,"href":"https:\/\/antcube.shop\/sv\/wp-json\/wp\/v2\/comments?post=9284"}],"wp:featuredmedia":[{"embeddable":true,"href":"https:\/\/antcube.shop\/sv\/wp-json\/wp\/v2\/media\/9769"}],"wp:attachment":[{"href":"https:\/\/antcube.shop\/sv\/wp-json\/wp\/v2\/media?parent=9284"}],"wp:term":[{"taxonomy":"product_brand","embeddable":true,"href":"https:\/\/antcube.shop\/sv\/wp-json\/wp\/v2\/product_brand?post=9284"},{"taxonomy":"product_cat","embeddable":true,"href":"https:\/\/antcube.shop\/sv\/wp-json\/wp\/v2\/product_cat?post=9284"},{"taxonomy":"product_tag","embeddable":true,"href":"https:\/\/antcube.shop\/sv\/wp-json\/wp\/v2\/product_tag?post=9284"}],"curies":[{"name":"wp","href":"https:\/\/api.w.org\/{rel}","templated":true}]}}