{"id":9278,"date":"2024-09-17T15:53:55","date_gmt":"2024-09-17T13:53:55","guid":{"rendered":"https:\/\/antcube.shop\/en\/product\/napf-klar-1x30-schwamm\/"},"modified":"2026-04-14T15:34:56","modified_gmt":"2026-04-14T13:34:56","slug":"skal-klar-1x30-svamp","status":"publish","type":"product","link":"https:\/\/antcube.shop\/sv\/produkt\/skal-klar-1x30-svamp\/","title":{"rendered":"Sk\u00e5l klar 1\u00d730 - Svamp"},"content":{"rendered":"<p><strong>M\u00e5tt:<\/strong> 39 x 50 x 7 mm<\/p>\n<p><strong>Material:<\/strong> PMMA, skumplast (extremt finporig och h\u00f6gabsorberande)<\/p>\n<p><strong>Beskrivning:<\/strong> Fyrkantig sk\u00e5l med ett fodertr\u00e5g inklusive matchande svamp (20 mm diameter vardera) f\u00f6r foder.<\/p>","protected":false},"excerpt":{"rendered":"<p>M\u00e5tt: 29 x 40 mm: 29 x 40 mm, material: PMMA, skum (extremt finporigt och h\u00f6gabsorberande)<\/p>","protected":false},"featured_media":9612,"comment_status":"open","ping_status":"closed","template":"","meta":{"_acf_changed":false,"content-type":"","_monsterinsights_skip_tracking":false,"_monsterinsights_sitenote_active":false,"_monsterinsights_sitenote_note":"","_monsterinsights_sitenote_category":0},"product_brand":[],"product_cat":[115,118],"product_tag":[],"class_list":{"0":"post-9278","1":"product","2":"type-product","3":"status-publish","4":"has-post-thumbnail","6":"product_cat-food-and-feeding","7":"product_cat-feeding-bowls","9":"first","10":"instock","11":"taxable","12":"shipping-taxable","13":"purchasable","14":"product-type-simple"},"acf":[],"aioseo_notices":[],"jetpack_sharing_enabled":true,"_links":{"self":[{"href":"https:\/\/antcube.shop\/sv\/wp-json\/wp\/v2\/product\/9278","targetHints":{"allow":["GET"]}}],"collection":[{"href":"https:\/\/antcube.shop\/sv\/wp-json\/wp\/v2\/product"}],"about":[{"href":"https:\/\/antcube.shop\/sv\/wp-json\/wp\/v2\/types\/product"}],"replies":[{"embeddable":true,"href":"https:\/\/antcube.shop\/sv\/wp-json\/wp\/v2\/comments?post=9278"}],"wp:featuredmedia":[{"embeddable":true,"href":"https:\/\/antcube.shop\/sv\/wp-json\/wp\/v2\/media\/9612"}],"wp:attachment":[{"href":"https:\/\/antcube.shop\/sv\/wp-json\/wp\/v2\/media?parent=9278"}],"wp:term":[{"taxonomy":"product_brand","embeddable":true,"href":"https:\/\/antcube.shop\/sv\/wp-json\/wp\/v2\/product_brand?post=9278"},{"taxonomy":"product_cat","embeddable":true,"href":"https:\/\/antcube.shop\/sv\/wp-json\/wp\/v2\/product_cat?post=9278"},{"taxonomy":"product_tag","embeddable":true,"href":"https:\/\/antcube.shop\/sv\/wp-json\/wp\/v2\/product_tag?post=9278"}],"curies":[{"name":"wp","href":"https:\/\/api.w.org\/{rel}","templated":true}]}}