{"id":9273,"date":"2024-09-17T15:00:07","date_gmt":"2024-09-17T13:00:07","guid":{"rendered":"https:\/\/antcube.shop\/en\/product\/mini-thermometer-analog-metall-25mm\/"},"modified":"2026-04-13T09:32:47","modified_gmt":"2026-04-13T07:32:47","slug":"minitermometer-analog-metall-25mm","status":"publish","type":"product","link":"https:\/\/antcube.shop\/sv\/produkt\/minitermometer-analog-metall-25mm\/","title":{"rendered":"Minitermometer analog metall - 25mm"},"content":{"rendered":"<p><strong>M\u00e5tt:<\/strong> 25 mm<\/p>\n<p><strong>F\u00e4rg:<\/strong> metall, silver<\/p>\n<p><strong>M\u00e4tomr\u00e5de:<\/strong> -20 till +50\u00b0C \/ -10 till +130\u00b0F<\/p>\n<p><strong>Noggrannhet:<\/strong> +\/- 2\u00b0C , +\/- 4\u00b0F<\/p>\n<p><strong>Beskrivning:<\/strong><br \/>\nAnalog termometer, som \u00e4r s\u00e4rskilt l\u00e4mplig f\u00f6r mycket sm\u00e5 formicaria.<br \/>\nDen f\u00e4sts i ett 27 mm h\u00e5l med hj\u00e4lp av \"Formicarium-pluggen f\u00f6r 27 mm h\u00e5l\" med en 22 mm utsk\u00e4rning.<br \/>\nAnnars kan termometern f\u00e4stas p\u00e5 insidan av formicariets baksida med hj\u00e4lp av dubbelh\u00e4ftande tejp (medf\u00f6ljer ej).<\/p>\n<p><strong>Observera:<\/strong><br \/>\nSt\u00e4ng inte termometerns bakre \u00f6ppning, eftersom detta kan leda till m\u00e4tfel.<\/p>","protected":false},"excerpt":{"rendered":"<p>M\u00e4tomr\u00e5de: -20 till +50\u00b0C \/ -10 till +130\u00b0F, diameter: 25 mm<\/p>","protected":false},"featured_media":9748,"comment_status":"open","ping_status":"closed","template":"","meta":{"_acf_changed":false,"content-type":"","_monsterinsights_skip_tracking":false,"_monsterinsights_sitenote_active":false,"_monsterinsights_sitenote_note":"","_monsterinsights_sitenote_category":0},"product_brand":[],"product_cat":[359,119],"product_tag":[],"class_list":{"0":"post-9273","1":"product","2":"type-product","3":"status-publish","4":"has-post-thumbnail","6":"product_cat-light-heat-humidity","7":"product_cat-formicarium-components","9":"first","10":"instock","11":"taxable","12":"shipping-taxable","13":"purchasable","14":"product-type-simple"},"acf":[],"aioseo_notices":[],"jetpack_sharing_enabled":true,"_links":{"self":[{"href":"https:\/\/antcube.shop\/sv\/wp-json\/wp\/v2\/product\/9273","targetHints":{"allow":["GET"]}}],"collection":[{"href":"https:\/\/antcube.shop\/sv\/wp-json\/wp\/v2\/product"}],"about":[{"href":"https:\/\/antcube.shop\/sv\/wp-json\/wp\/v2\/types\/product"}],"replies":[{"embeddable":true,"href":"https:\/\/antcube.shop\/sv\/wp-json\/wp\/v2\/comments?post=9273"}],"wp:featuredmedia":[{"embeddable":true,"href":"https:\/\/antcube.shop\/sv\/wp-json\/wp\/v2\/media\/9748"}],"wp:attachment":[{"href":"https:\/\/antcube.shop\/sv\/wp-json\/wp\/v2\/media?parent=9273"}],"wp:term":[{"taxonomy":"product_brand","embeddable":true,"href":"https:\/\/antcube.shop\/sv\/wp-json\/wp\/v2\/product_brand?post=9273"},{"taxonomy":"product_cat","embeddable":true,"href":"https:\/\/antcube.shop\/sv\/wp-json\/wp\/v2\/product_cat?post=9273"},{"taxonomy":"product_tag","embeddable":true,"href":"https:\/\/antcube.shop\/sv\/wp-json\/wp\/v2\/product_tag?post=9273"}],"curies":[{"name":"wp","href":"https:\/\/api.w.org\/{rel}","templated":true}]}}