{"id":9272,"date":"2024-09-17T14:59:43","date_gmt":"2024-09-17T12:59:43","guid":{"rendered":"https:\/\/antcube.shop\/en\/product\/mini-thermo-hygrometer-analog-display-stehend\/"},"modified":"2026-04-06T20:34:08","modified_gmt":"2026-04-06T18:34:08","slug":"mini-termohygrometer-analog-display-stehend","status":"publish","type":"product","link":"https:\/\/antcube.shop\/sv\/produkt\/mini-termohygrometer-analog-display-stehend\/","title":{"rendered":"Mini termohygrometer analog - display - uppr\u00e4ttst\u00e5ende"},"content":{"rendered":"<p><strong>M\u00e5tt:<\/strong> 60 mm x 60 mm, 30 mm djup<\/p>\n<p><strong>Material:<\/strong> metall\/akrylglas<\/p>\n<p><strong>F\u00e4rg:<\/strong> metall, silver \/ transparent<\/p>\n<p><strong>Inneh\u00e5ll:<\/strong> 1x minitermometer analog metall - 25mm, 1x minihygrometer analog metall - 25mm, 1x akrylglash\u00e5llare med utsk\u00e4rningar f\u00f6r m\u00e4tinstrumenten - 60x60mm, 1x akrylglasbas - 30mm diameter<\/p>\n<p><strong>Beskrivning:<\/strong><br \/>\nSetet best\u00e5r av en analog termometer och hygrometer av metall (25 mm), som \u00e4r infogade i en akrylglasplatta (60x60 mm). Displayen kan placeras p\u00e5 basen (30 mm) i det rum som ska m\u00e4tas.<\/p>\n<p><strong>Observera:<\/strong><br \/>\nM\u00e4tinstrumenten p\u00e5 baksidan m\u00e5ste vara fria, annars kan m\u00e4tfel uppst\u00e5.<\/p>\n<p>Noggrannhet: +\/- 2\u00b0C , +\/- 4\u00b0F<br \/>\nNoggrannhet: +\/- 5%<\/p>","protected":false},"excerpt":{"rendered":"<p>Termometer och hygrometer i metall (25 mm) i akrylglasplatta (75x45 mm).<\/p>","protected":false},"featured_media":9745,"comment_status":"open","ping_status":"closed","template":"","meta":{"_acf_changed":false,"content-type":"","_monsterinsights_skip_tracking":false,"_monsterinsights_sitenote_active":false,"_monsterinsights_sitenote_note":"","_monsterinsights_sitenote_category":0},"product_brand":[],"product_cat":[359,119],"product_tag":[],"class_list":{"0":"post-9272","1":"product","2":"type-product","3":"status-publish","4":"has-post-thumbnail","6":"product_cat-light-heat-humidity","7":"product_cat-formicarium-components","9":"first","10":"instock","11":"taxable","12":"shipping-taxable","13":"purchasable","14":"product-type-simple"},"acf":[],"aioseo_notices":[],"jetpack_sharing_enabled":true,"_links":{"self":[{"href":"https:\/\/antcube.shop\/sv\/wp-json\/wp\/v2\/product\/9272","targetHints":{"allow":["GET"]}}],"collection":[{"href":"https:\/\/antcube.shop\/sv\/wp-json\/wp\/v2\/product"}],"about":[{"href":"https:\/\/antcube.shop\/sv\/wp-json\/wp\/v2\/types\/product"}],"replies":[{"embeddable":true,"href":"https:\/\/antcube.shop\/sv\/wp-json\/wp\/v2\/comments?post=9272"}],"wp:featuredmedia":[{"embeddable":true,"href":"https:\/\/antcube.shop\/sv\/wp-json\/wp\/v2\/media\/9745"}],"wp:attachment":[{"href":"https:\/\/antcube.shop\/sv\/wp-json\/wp\/v2\/media?parent=9272"}],"wp:term":[{"taxonomy":"product_brand","embeddable":true,"href":"https:\/\/antcube.shop\/sv\/wp-json\/wp\/v2\/product_brand?post=9272"},{"taxonomy":"product_cat","embeddable":true,"href":"https:\/\/antcube.shop\/sv\/wp-json\/wp\/v2\/product_cat?post=9272"},{"taxonomy":"product_tag","embeddable":true,"href":"https:\/\/antcube.shop\/sv\/wp-json\/wp\/v2\/product_tag?post=9272"}],"curies":[{"name":"wp","href":"https:\/\/api.w.org\/{rel}","templated":true}]}}