{"id":9271,"date":"2024-09-17T14:58:23","date_gmt":"2024-09-17T12:58:23","guid":{"rendered":"https:\/\/antcube.shop\/en\/product\/mini-thermo-hygrometer-analog-display-magnet\/"},"modified":"2026-04-13T10:49:03","modified_gmt":"2026-04-13T08:49:03","slug":"mini-termohygrometer-analog-display-magnet","status":"publish","type":"product","link":"https:\/\/antcube.shop\/sv\/produkt\/mini-termohygrometer-analog-display-magnet\/","title":{"rendered":"Mini termohygrometer analog - display - magnet"},"content":{"rendered":"<p><strong>M\u00e5tt:<\/strong> 75 mm x 60 mm, 8 mm djup<\/p>\n<p><strong>Material:<\/strong> metall\/akrylglas<\/p>\n<p><strong>F\u00e4rg:<\/strong> metall, silver \/ transparent<\/p>\n<p><strong>Inneh\u00e5ll:<\/strong> 1x minitermometer analog metall - 25mm, 1x minihygrometer analog metall - 25mm, 1x akrylglash\u00e5llare med utsk\u00e4rningar f\u00f6r m\u00e4tinstrumenten och tre magneter - 75x60mm, 1x akrylglasplatta med magneter f\u00f6r att f\u00e4sta displayen - 75x20mm,<\/p>\n<p><strong>Beskrivning:<\/strong><br \/>\nSatsen best\u00e5r av en analog termometer och hygrometer av metall (25 mm), som \u00e4r infogade i en akrylglasplatta (75x6 mm). Displayen f\u00e4sts via en liten platta med magneter, som f\u00e4sts p\u00e5 andra sidan av plattan. Detta g\u00f6r det m\u00f6jligt att anpassa placeringen av v\u00e4rderingsdisplayen till individuella krav. J\u00e4mf\u00f6rt med sj\u00e4lvh\u00e4ftande kuddar g\u00f6r magneterna det m\u00f6jligt att \u00e4ndra displayens position s\u00e5 ofta som kr\u00e4vs.<\/p>\n<p><strong>Observera:<\/strong><br \/>\nM\u00e4tinstrumenten p\u00e5 baksidan m\u00e5ste vara fria, annars kan m\u00e4tfel uppst\u00e5.<\/p>\n<p>P\u00e5 grund av tillverkningsprocessen kan sm\u00e5 till medelstora sprickor uppst\u00e5 p\u00e5 de magnetiska delarna.<\/p>\n<p>Noggrannhet: +\/- 2\u00b0C , +\/- 4\u00b0F<br \/>\nNoggrannhet: +\/- 5%<\/p>","protected":false},"excerpt":{"rendered":"<p>Termometer och hygrometer i metall (25 mm) i akrylglasplatta (75x45 mm).<\/p>","protected":false},"featured_media":9740,"comment_status":"open","ping_status":"closed","template":"","meta":{"_acf_changed":false,"content-type":"","_monsterinsights_skip_tracking":false,"_monsterinsights_sitenote_active":false,"_monsterinsights_sitenote_note":"","_monsterinsights_sitenote_category":0},"product_brand":[],"product_cat":[359,119],"product_tag":[],"class_list":{"0":"post-9271","1":"product","2":"type-product","3":"status-publish","4":"has-post-thumbnail","6":"product_cat-light-heat-humidity","7":"product_cat-formicarium-components","9":"first","10":"instock","11":"taxable","12":"shipping-taxable","13":"purchasable","14":"product-type-simple"},"acf":[],"aioseo_notices":[],"jetpack_sharing_enabled":true,"_links":{"self":[{"href":"https:\/\/antcube.shop\/sv\/wp-json\/wp\/v2\/product\/9271","targetHints":{"allow":["GET"]}}],"collection":[{"href":"https:\/\/antcube.shop\/sv\/wp-json\/wp\/v2\/product"}],"about":[{"href":"https:\/\/antcube.shop\/sv\/wp-json\/wp\/v2\/types\/product"}],"replies":[{"embeddable":true,"href":"https:\/\/antcube.shop\/sv\/wp-json\/wp\/v2\/comments?post=9271"}],"wp:featuredmedia":[{"embeddable":true,"href":"https:\/\/antcube.shop\/sv\/wp-json\/wp\/v2\/media\/9740"}],"wp:attachment":[{"href":"https:\/\/antcube.shop\/sv\/wp-json\/wp\/v2\/media?parent=9271"}],"wp:term":[{"taxonomy":"product_brand","embeddable":true,"href":"https:\/\/antcube.shop\/sv\/wp-json\/wp\/v2\/product_brand?post=9271"},{"taxonomy":"product_cat","embeddable":true,"href":"https:\/\/antcube.shop\/sv\/wp-json\/wp\/v2\/product_cat?post=9271"},{"taxonomy":"product_tag","embeddable":true,"href":"https:\/\/antcube.shop\/sv\/wp-json\/wp\/v2\/product_tag?post=9271"}],"curies":[{"name":"wp","href":"https:\/\/api.w.org\/{rel}","templated":true}]}}