{"id":9269,"date":"2024-09-17T14:52:27","date_gmt":"2024-09-17T12:52:27","guid":{"rendered":"https:\/\/antcube.shop\/en\/product\/heat-pack-stoffbeutel-72-std\/"},"modified":"2026-04-08T10:01:07","modified_gmt":"2026-04-08T08:01:07","slug":"varmepaket-tygpase-72-timmar","status":"publish","type":"product","link":"https:\/\/antcube.shop\/sv\/produkt\/varmepaket-tygpase-72-timmar\/","title":{"rendered":"V\u00e4rmef\u00f6rpackning - tygp\u00e5se - 72 timmar."},"content":{"rendered":"<p><strong>M\u00e5tt:<\/strong> 15,5 x 11,5 cm<\/p>\n<p>V\u00e4rme varaktighet ( h ): ~ 72<\/p>\n<p>Temperatur (max. \/ medium): 52\u00b0C \/ 46\u00b0C<\/p>\n<p><strong>Beskrivning:<\/strong> HeatPack \u00e4r en v\u00e4rmare med aktivt kol och aktiveras genom kontakt med luft. Ta helt enkelt ut HeatPack ur f\u00f6rpackningen, l\u00e5t den aktiveras en kort stund i frostfri milj\u00f6 och l\u00e4gg den i en l\u00e4mplig transportl\u00e5da (t.ex. en polystyrenl\u00e5da). V\u00e4rmeavgivningen b\u00f6rjar efter n\u00e5gra minuter och varar i upp till 72 timmar.<\/p>\n<p>Kan bara anv\u00e4ndas en g\u00e5ng!<\/p>\n<p><strong>Ingredienser:<\/strong> j\u00e4rn, vatten, cellulosa, aktivt kol, vermikulit, salt<\/p>","protected":false},"excerpt":{"rendered":"<p>V\u00e4rmeeffekt i 72 timmar.<\/p>","protected":false},"featured_media":9735,"comment_status":"open","ping_status":"closed","template":"","meta":{"_acf_changed":false,"content-type":"","_monsterinsights_skip_tracking":false,"_monsterinsights_sitenote_active":false,"_monsterinsights_sitenote_note":"","_monsterinsights_sitenote_category":0},"product_brand":[],"product_cat":[237],"product_tag":[],"class_list":{"0":"post-9269","1":"product","2":"type-product","3":"status-publish","4":"has-post-thumbnail","6":"product_cat-tools","8":"first","9":"instock","10":"taxable","11":"shipping-taxable","12":"purchasable","13":"product-type-simple"},"acf":[],"aioseo_notices":[],"jetpack_sharing_enabled":true,"_links":{"self":[{"href":"https:\/\/antcube.shop\/sv\/wp-json\/wp\/v2\/product\/9269","targetHints":{"allow":["GET"]}}],"collection":[{"href":"https:\/\/antcube.shop\/sv\/wp-json\/wp\/v2\/product"}],"about":[{"href":"https:\/\/antcube.shop\/sv\/wp-json\/wp\/v2\/types\/product"}],"replies":[{"embeddable":true,"href":"https:\/\/antcube.shop\/sv\/wp-json\/wp\/v2\/comments?post=9269"}],"wp:featuredmedia":[{"embeddable":true,"href":"https:\/\/antcube.shop\/sv\/wp-json\/wp\/v2\/media\/9735"}],"wp:attachment":[{"href":"https:\/\/antcube.shop\/sv\/wp-json\/wp\/v2\/media?parent=9269"}],"wp:term":[{"taxonomy":"product_brand","embeddable":true,"href":"https:\/\/antcube.shop\/sv\/wp-json\/wp\/v2\/product_brand?post=9269"},{"taxonomy":"product_cat","embeddable":true,"href":"https:\/\/antcube.shop\/sv\/wp-json\/wp\/v2\/product_cat?post=9269"},{"taxonomy":"product_tag","embeddable":true,"href":"https:\/\/antcube.shop\/sv\/wp-json\/wp\/v2\/product_tag?post=9269"}],"curies":[{"name":"wp","href":"https:\/\/api.w.org\/{rel}","templated":true}]}}