{"id":9268,"date":"2024-09-17T14:52:05","date_gmt":"2024-09-17T12:52:05","guid":{"rendered":"https:\/\/antcube.shop\/en\/product\/heat-pack-alubeutel-36-std\/"},"modified":"2026-02-09T17:52:40","modified_gmt":"2026-02-09T16:52:40","slug":"varmepaket-aluminiumpase-36-timmar","status":"publish","type":"product","link":"https:\/\/antcube.shop\/sv\/produkt\/varmepaket-aluminiumpase-36-timmar\/","title":{"rendered":"V\u00e4rmef\u00f6rpackning - aluminiump\u00e5se - 36 timmar"},"content":{"rendered":"<p><strong>M\u00e5tt:<\/strong> 16 x 11,5 cm<\/p>\n<p><strong>Beskrivning:<\/strong> V\u00e4rmep\u00e5sar v\u00e4rms upp till max. 45\u00b0C n\u00e4r de kommer i kontakt med syre. De anv\u00e4nds som v\u00e4rmek\u00e4lla vid transport av tropiska myrekolonier f\u00f6r att f\u00f6rhindra att djuren blir nedkylda. V\u00e4rmeeffekt i ca 36 timmar.<\/p>\n<p>Kan bara anv\u00e4ndas en g\u00e5ng!<\/p>\n<p><strong>Ingredienser:<\/strong> j\u00e4rn, aktivt kol, belmilite, salt, vatten<\/p>","protected":false},"excerpt":{"rendered":"<p>V\u00e4rmeeffekt i 36 timmar<\/p>","protected":false},"featured_media":9732,"comment_status":"open","ping_status":"closed","template":"","meta":{"_acf_changed":false,"content-type":"","_monsterinsights_skip_tracking":false,"_monsterinsights_sitenote_active":false,"_monsterinsights_sitenote_note":"","_monsterinsights_sitenote_category":0},"product_brand":[],"product_cat":[237],"product_tag":[],"class_list":{"0":"post-9268","1":"product","2":"type-product","3":"status-publish","4":"has-post-thumbnail","6":"product_cat-tools","8":"first","9":"instock","10":"taxable","11":"shipping-taxable","12":"purchasable","13":"product-type-simple"},"acf":[],"aioseo_notices":[],"jetpack_sharing_enabled":true,"_links":{"self":[{"href":"https:\/\/antcube.shop\/sv\/wp-json\/wp\/v2\/product\/9268","targetHints":{"allow":["GET"]}}],"collection":[{"href":"https:\/\/antcube.shop\/sv\/wp-json\/wp\/v2\/product"}],"about":[{"href":"https:\/\/antcube.shop\/sv\/wp-json\/wp\/v2\/types\/product"}],"replies":[{"embeddable":true,"href":"https:\/\/antcube.shop\/sv\/wp-json\/wp\/v2\/comments?post=9268"}],"wp:featuredmedia":[{"embeddable":true,"href":"https:\/\/antcube.shop\/sv\/wp-json\/wp\/v2\/media\/9732"}],"wp:attachment":[{"href":"https:\/\/antcube.shop\/sv\/wp-json\/wp\/v2\/media?parent=9268"}],"wp:term":[{"taxonomy":"product_brand","embeddable":true,"href":"https:\/\/antcube.shop\/sv\/wp-json\/wp\/v2\/product_brand?post=9268"},{"taxonomy":"product_cat","embeddable":true,"href":"https:\/\/antcube.shop\/sv\/wp-json\/wp\/v2\/product_cat?post=9268"},{"taxonomy":"product_tag","embeddable":true,"href":"https:\/\/antcube.shop\/sv\/wp-json\/wp\/v2\/product_tag?post=9268"}],"curies":[{"name":"wp","href":"https:\/\/api.w.org\/{rel}","templated":true}]}}