{"id":9253,"date":"2024-09-17T14:45:24","date_gmt":"2024-09-17T12:45:24","guid":{"rendered":"https:\/\/antcube.shop\/en\/product\/fotoruckwand-wiese-60x30-quer\/"},"modified":"2026-01-12T12:35:28","modified_gmt":"2026-01-12T11:35:28","slug":"foto-bakre-vagg-meadow-60x30-horisontell","status":"publish","type":"product","link":"https:\/\/antcube.shop\/sv\/produkt\/foto-bakre-vagg-meadow-60x30-horisontell\/","title":{"rendered":"Fototapet - Meadow - 60\u00d730 - horisontell"},"content":{"rendered":"<p><strong>M\u00e5tt:<\/strong> 60x30cm<\/p>\n<p><strong>Material:<\/strong> Glansigt foliepapper<\/p>\n<p><strong>Inneh\u00e5ll: <\/strong>1x fotobakgrund<\/p>\n<p><strong>Beskrivning:<\/strong> Denna fotobaksida klistras fast p\u00e5 utsidan av formicariets baksida f\u00f6r att ge intryck av en milj\u00f6 som motsvarar myrornas naturliga livsmilj\u00f6.<\/p>","protected":false},"excerpt":{"rendered":"<p>Material: gl\u00e4nsande foliepapper<\/p>","protected":false},"featured_media":9696,"comment_status":"open","ping_status":"closed","template":"","meta":{"_acf_changed":false,"content-type":"","_monsterinsights_skip_tracking":false,"_monsterinsights_sitenote_active":false,"_monsterinsights_sitenote_note":"","_monsterinsights_sitenote_category":0},"product_brand":[],"product_cat":[97,103],"product_tag":[],"class_list":{"0":"post-9253","1":"product","2":"type-product","3":"status-publish","4":"has-post-thumbnail","6":"product_cat-photo-backwalls","7":"product_cat-meadow-photo-backwall","9":"first","10":"instock","11":"taxable","12":"shipping-taxable","13":"purchasable","14":"product-type-simple"},"acf":[],"aioseo_notices":[],"jetpack_sharing_enabled":true,"_links":{"self":[{"href":"https:\/\/antcube.shop\/sv\/wp-json\/wp\/v2\/product\/9253","targetHints":{"allow":["GET"]}}],"collection":[{"href":"https:\/\/antcube.shop\/sv\/wp-json\/wp\/v2\/product"}],"about":[{"href":"https:\/\/antcube.shop\/sv\/wp-json\/wp\/v2\/types\/product"}],"replies":[{"embeddable":true,"href":"https:\/\/antcube.shop\/sv\/wp-json\/wp\/v2\/comments?post=9253"}],"wp:featuredmedia":[{"embeddable":true,"href":"https:\/\/antcube.shop\/sv\/wp-json\/wp\/v2\/media\/9696"}],"wp:attachment":[{"href":"https:\/\/antcube.shop\/sv\/wp-json\/wp\/v2\/media?parent=9253"}],"wp:term":[{"taxonomy":"product_brand","embeddable":true,"href":"https:\/\/antcube.shop\/sv\/wp-json\/wp\/v2\/product_brand?post=9253"},{"taxonomy":"product_cat","embeddable":true,"href":"https:\/\/antcube.shop\/sv\/wp-json\/wp\/v2\/product_cat?post=9253"},{"taxonomy":"product_tag","embeddable":true,"href":"https:\/\/antcube.shop\/sv\/wp-json\/wp\/v2\/product_tag?post=9253"}],"curies":[{"name":"wp","href":"https:\/\/api.w.org\/{rel}","templated":true}]}}