{"id":9249,"date":"2024-09-17T14:43:55","date_gmt":"2024-09-17T12:43:55","guid":{"rendered":"https:\/\/antcube.shop\/en\/product\/antcube-korknest-20x10-stehend\/"},"modified":"2026-04-02T09:54:33","modified_gmt":"2026-04-02T07:54:33","slug":"antcube-korknest-20x10-stehend","status":"publish","type":"product","link":"https:\/\/antcube.shop\/sv\/produkt\/antcube-korknest-20x10-stehend\/","title":{"rendered":"ANTCUBE - Korkbo 20\u00d710 - uppr\u00e4ttst\u00e5ende"},"content":{"rendered":"<p><strong>M\u00e5tt:<\/strong> 183 x 60 x 20 mm<\/p>\n<p><strong>Material:<\/strong> Kork (fin)<\/p>\n<p>Passar endast i v\u00e5ra myrstackar av storleken <span style=\"font-size: 10.5pt; font-family: Arial; color: #0000ff; background-color: transparent; font-weight: bold; font-style: normal; font-variant: normal; text-decoration: none; vertical-align: baseline;\">L<\/span><\/p>\n<p><strong>Beskrivning:<\/strong> Detta korkbo med prefabricerade g\u00e5ngar och kammare \u00e4r l\u00e4mpligt f\u00f6r olika myrarter, s\u00e4rskilt f\u00f6r arter som bygger bo i (d\u00f6tt) tr\u00e4. Det har ett borrat h\u00e5l f\u00f6r \u00e5tkomst till boet.<br \/>\nKork \u00e4r kemiskt neutralt. Dess struktur \u00e4r inte bara ogenomtr\u00e4nglig f\u00f6r v\u00e4tskor, utan orsakar inte heller n\u00e5gra kemiska reaktioner och skadas d\u00e4rf\u00f6r inte. F\u00f6r mycket fukt kan dock leda till r\u00f6ta p\u00e5 l\u00e5ng sikt och minska boets livsl\u00e4ngd. Kork \u00e4r dock mycket motst\u00e5ndskraftigt mot r\u00f6ta, svamp- och m\u00f6gelangrepp. Detta beror p\u00e5 dess yta och struktur, som inte ger en bra grogrund f\u00f6r kolonisering av svampar. Matrester och avf\u00f6ring fr\u00e5n djur samt andra organiska \u00e4mnen kan dock fr\u00e4mja m\u00f6geltillv\u00e4xt.<\/p>\n<p>Vi rekommenderar d\u00e4rf\u00f6r att man fr\u00e4mst f\u00f6rvarar arter fr\u00e5n torra omr\u00e5den i kork. Arter fr\u00e5n fuktiga milj\u00f6er kan \u00e4nd\u00e5 f\u00f6rvaras i denna upps\u00e4ttning, eftersom r\u00f6ta inte \u00e4r ett problem f\u00f6r de flesta arter. M\u00e5nga myror fr\u00e5n norra Europa, t.ex. Camponotus herculeanus eller Formica fusca, lever ocks\u00e5 i ruttet eller f\u00f6rmultnat tr\u00e4.<\/p>","protected":false},"excerpt":{"rendered":"<p><strong>Storlek:<\/strong> 183 x 60 x 20 mm<\/p>","protected":false},"featured_media":9692,"comment_status":"open","ping_status":"closed","template":"","meta":{"_acf_changed":false,"content-type":"","_monsterinsights_skip_tracking":false,"_monsterinsights_sitenote_active":false,"_monsterinsights_sitenote_note":"","_monsterinsights_sitenote_category":0},"product_brand":[],"product_cat":[87,89],"product_tag":[],"class_list":{"0":"post-9249","1":"product","2":"type-product","3":"status-publish","4":"has-post-thumbnail","6":"product_cat-nest-insets","7":"product_cat-cork","9":"first","10":"instock","11":"taxable","12":"shipping-taxable","13":"purchasable","14":"product-type-simple"},"acf":[],"aioseo_notices":[],"jetpack_sharing_enabled":true,"_links":{"self":[{"href":"https:\/\/antcube.shop\/sv\/wp-json\/wp\/v2\/product\/9249","targetHints":{"allow":["GET"]}}],"collection":[{"href":"https:\/\/antcube.shop\/sv\/wp-json\/wp\/v2\/product"}],"about":[{"href":"https:\/\/antcube.shop\/sv\/wp-json\/wp\/v2\/types\/product"}],"replies":[{"embeddable":true,"href":"https:\/\/antcube.shop\/sv\/wp-json\/wp\/v2\/comments?post=9249"}],"wp:featuredmedia":[{"embeddable":true,"href":"https:\/\/antcube.shop\/sv\/wp-json\/wp\/v2\/media\/9692"}],"wp:attachment":[{"href":"https:\/\/antcube.shop\/sv\/wp-json\/wp\/v2\/media?parent=9249"}],"wp:term":[{"taxonomy":"product_brand","embeddable":true,"href":"https:\/\/antcube.shop\/sv\/wp-json\/wp\/v2\/product_brand?post=9249"},{"taxonomy":"product_cat","embeddable":true,"href":"https:\/\/antcube.shop\/sv\/wp-json\/wp\/v2\/product_cat?post=9249"},{"taxonomy":"product_tag","embeddable":true,"href":"https:\/\/antcube.shop\/sv\/wp-json\/wp\/v2\/product_tag?post=9249"}],"curies":[{"name":"wp","href":"https:\/\/api.w.org\/{rel}","templated":true}]}}