{"id":9248,"date":"2024-09-17T14:43:20","date_gmt":"2024-09-17T12:43:20","guid":{"rendered":"https:\/\/antcube.shop\/en\/product\/antcube-box-10x10-gipsnest-beige\/"},"modified":"2026-01-12T12:38:20","modified_gmt":"2026-01-12T11:38:20","slug":"antcube-box-10x10-gipsbo-beige","status":"publish","type":"product","link":"https:\/\/antcube.shop\/sv\/produkt\/antcube-box-10x10-gipsbo-beige\/","title":{"rendered":"ANTCUBE - L\u00e5da 10\u00d710 - Gipsbo beige"},"content":{"rendered":"<p><strong>M\u00e5tt:<\/strong><br \/>\n100x100x100mm<\/p>\n<p><strong>Material:<\/strong><br \/>\nPMMA, PS, gips<\/p>\n<p><strong>F\u00e4rg:<\/strong> transparent, beige<\/p>\n<p><strong>Inneh\u00e5ll:<\/strong><br \/>\n1x l\u00e5da 100x100x100mm<br \/>\n1x instickbar ram<br \/>\n1x ins\u00e4ttbart lock med 50 mm h\u00e5l<br \/>\n1x insats f\u00f6r gipsbo<br \/>\n2x formicariumpluggar 27 mm<br \/>\n1x gallerinsats - 50mm - rostfritt st\u00e5l<\/p>\n<p><strong>Beskrivning:<\/strong><br \/>\nDenna container \u00e4r utrustad med en ram och ett lock som kan s\u00e4ttas in och har \u00e4ven tv\u00e5 27 mm \u00f6ppningar f\u00f6r framtida utbyggnader. Locket har ett 50 mm h\u00e5l i vilket gallerinsatser, fl\u00e4kt- eller lamputtag kan s\u00e4ttas in. Denna praktiska och l\u00e4ttsk\u00f6tta arena med integrerat gipsbo \u00e4r l\u00e4mplig f\u00f6r grundkolonier som vill bygga sina bon i marken eller mellan stenar.<\/p>","protected":false},"excerpt":{"rendered":"<p><strong>Storlek:<\/strong> 10x10x10 cm<\/p>","protected":false},"featured_media":9559,"comment_status":"open","ping_status":"closed","template":"","meta":{"_acf_changed":false,"content-type":"","_monsterinsights_skip_tracking":false,"_monsterinsights_sitenote_active":false,"_monsterinsights_sitenote_note":"","_monsterinsights_sitenote_category":0},"product_brand":[],"product_cat":[80,90],"product_tag":[],"class_list":{"0":"post-9248","1":"product","2":"type-product","3":"status-publish","4":"has-post-thumbnail","6":"product_cat-antfarms","7":"product_cat-gypsum","9":"first","10":"instock","11":"taxable","12":"shipping-taxable","13":"purchasable","14":"product-type-simple"},"acf":[],"aioseo_notices":[],"jetpack_sharing_enabled":true,"_links":{"self":[{"href":"https:\/\/antcube.shop\/sv\/wp-json\/wp\/v2\/product\/9248","targetHints":{"allow":["GET"]}}],"collection":[{"href":"https:\/\/antcube.shop\/sv\/wp-json\/wp\/v2\/product"}],"about":[{"href":"https:\/\/antcube.shop\/sv\/wp-json\/wp\/v2\/types\/product"}],"replies":[{"embeddable":true,"href":"https:\/\/antcube.shop\/sv\/wp-json\/wp\/v2\/comments?post=9248"}],"wp:featuredmedia":[{"embeddable":true,"href":"https:\/\/antcube.shop\/sv\/wp-json\/wp\/v2\/media\/9559"}],"wp:attachment":[{"href":"https:\/\/antcube.shop\/sv\/wp-json\/wp\/v2\/media?parent=9248"}],"wp:term":[{"taxonomy":"product_brand","embeddable":true,"href":"https:\/\/antcube.shop\/sv\/wp-json\/wp\/v2\/product_brand?post=9248"},{"taxonomy":"product_cat","embeddable":true,"href":"https:\/\/antcube.shop\/sv\/wp-json\/wp\/v2\/product_cat?post=9248"},{"taxonomy":"product_tag","embeddable":true,"href":"https:\/\/antcube.shop\/sv\/wp-json\/wp\/v2\/product_tag?post=9248"}],"curies":[{"name":"wp","href":"https:\/\/api.w.org\/{rel}","templated":true}]}}