{"id":9247,"date":"2024-09-17T14:42:38","date_gmt":"2024-09-17T12:42:38","guid":{"rendered":"https:\/\/antcube.shop\/en\/product\/antcube-gipsnest-30x30-liegend\/"},"modified":"2026-03-19T18:11:44","modified_gmt":"2026-03-19T17:11:44","slug":"antcube-gipsnest-30x30-liegend","status":"publish","type":"product","link":"https:\/\/antcube.shop\/sv\/produkt\/antcube-gipsnest-30x30-liegend\/","title":{"rendered":"ANTCUBE - Gipsbo 30\u00d730 - liggande"},"content":{"rendered":"<p><span data-text-color=\"alert\"><strong>Frakt endast m\u00f6jlig via GO! inom Tyskland eller via palett inom Europa (inga \u00f6ar)<\/strong><\/span><\/p>\n<p><strong>M\u00e5tt:<\/strong><br \/>\nGipsbo: 290 x 290 x 50 mm<br \/>\nGlas\u00f6verdrag: 279 x 279 x 4 mm<\/p>\n<p><strong>Material:<\/strong> Gips<\/p>\n<p><strong>Inneh\u00e5ll:<\/strong><br \/>\n1x gipsbo 30\u00d730 med tv\u00e5 anslutningsuttag L 14\/16\/18\/20 x 20mm<\/p>\n<ul>\n<li>14\/10-slangen \u00e4r ordentligt inf\u00f6rd i 14 mm-uttaget<\/li>\n<li>20\/16-slangen \u00e4r ordentligt f\u00e4st vid det f\u00f6rsta 16 mm-steget<\/li>\n<li>22\/18-slangen \u00e4r ordentligt f\u00e4st vid det andra 20 mm-steget<\/li>\n<li>24\/20-slangen \u00e4r l\u00f6st f\u00e4st vid det andra 20 mm-steget<\/li>\n<\/ul>\n<p>1x glasskydd med 50 mm h\u00e5l<br \/>\n1x akrylring 50 mm f\u00f6r 27 mm h\u00e5l<br \/>\n1x formicarium bas 30\u00d730<br \/>\n2x gallerlock - 16mm - rostfritt st\u00e5l<br \/>\n1x gallerinsats - 27mm - rostfritt st\u00e5l<\/p>\n<p><strong>Beskrivning:<\/strong> V\u00e5rt gipsbo med prefabricerade g\u00e5ngar och kammare \u00e4r l\u00e4mpligt f\u00f6r m\u00e5nga myrarter, s\u00e4rskilt f\u00f6r arter som bygger sina bon i mycket sandiga eller steniga jordar. Det har ett h\u00e5l f\u00f6r \u00e5tkomst till boet. Gips har egenskapen att absorbera vatten, s\u00e5 att en viss m\u00e4ngd fukt lagras. Gipsboet b\u00f6r dock inte anv\u00e4ndas permanent fuktigt eftersom det annars kan bildas m\u00f6gel (p\u00e5 grund av matrester eller exkrementer fr\u00e5n myrorna). D\u00e4rf\u00f6r b\u00f6r arter fr\u00e5n ganska torra omr\u00e5den om m\u00f6jligt f\u00f6rvaras h\u00e4r. Det kan t.ex. vara arter fr\u00e5n Medelhavsomr\u00e5det eller \u00f6kenomr\u00e5den.<\/p>\n<p><strong>Observera:<\/strong> P\u00e5 grund av sin utformning \u00e4r de inte l\u00e4mpliga f\u00f6r mycket sm\u00e5 arter (t.ex. Pheidole-arter, Temnothorax-arter), mellanrum p\u00e5 0,3 - 0,5 mm kan f\u00f6rekomma.<\/p>\n<p><strong>Anm\u00e4rkning om anslutningsuttagen<\/strong><br \/>\nObservera f\u00f6ljande n\u00e4r du monterar eller tar bort slangar:<br \/>\nOm slangen \u00e4r mycket sv\u00e5r att f\u00e5 p\u00e5 plats p\u00e5 anslutningshylsan, ska hylsan gnuggas l\u00e4tt med en droppe av v\u00e5r olja eller pulver som skyddar mot utbrott. Tryck sedan p\u00e5 slangen p\u00e5 uttaget med vridande eller skruvande r\u00f6relser utan att belasta uttaget med upp- och ned\u00e5tg\u00e5ende r\u00f6relser. Detsamma g\u00e4ller n\u00e4r du tar bort slangarna fr\u00e5n g\u00e5rdsanslutningsuttaget. Dra inte bara av den!<\/p>","protected":false},"excerpt":{"rendered":"<p>Frakt endast m\u00f6jlig via GO! inom Tyskland eller via palett inom Europa (inga \u00f6ar) M\u00e5tt: Gipsbo: 290 x 290 x 50mm Glaslock: 279 x 279 x 4mm Material: Gips Inneh\u00e5ll: 1x gipsbo 30x30 med tv\u00e5 anslutningsmuffar L 14\/16\/18\/20 x 20mm 14\/10 slang s\u00e4tts fast ordentligt i 14mm-muffen","protected":false},"featured_media":9683,"comment_status":"open","ping_status":"closed","template":"","meta":{"_acf_changed":false,"content-type":"","_monsterinsights_skip_tracking":false,"_monsterinsights_sitenote_active":false,"_monsterinsights_sitenote_note":"","_monsterinsights_sitenote_category":0},"product_brand":[],"product_cat":[80,83],"product_tag":[],"class_list":{"0":"post-9247","1":"product","2":"type-product","3":"status-publish","4":"has-post-thumbnail","6":"product_cat-antfarms","7":"product_cat-antfarms-l","9":"first","10":"instock","11":"taxable","12":"shipping-taxable","13":"purchasable","14":"product-type-simple"},"acf":[],"aioseo_notices":[],"jetpack_sharing_enabled":true,"_links":{"self":[{"href":"https:\/\/antcube.shop\/sv\/wp-json\/wp\/v2\/product\/9247","targetHints":{"allow":["GET"]}}],"collection":[{"href":"https:\/\/antcube.shop\/sv\/wp-json\/wp\/v2\/product"}],"about":[{"href":"https:\/\/antcube.shop\/sv\/wp-json\/wp\/v2\/types\/product"}],"replies":[{"embeddable":true,"href":"https:\/\/antcube.shop\/sv\/wp-json\/wp\/v2\/comments?post=9247"}],"wp:featuredmedia":[{"embeddable":true,"href":"https:\/\/antcube.shop\/sv\/wp-json\/wp\/v2\/media\/9683"}],"wp:attachment":[{"href":"https:\/\/antcube.shop\/sv\/wp-json\/wp\/v2\/media?parent=9247"}],"wp:term":[{"taxonomy":"product_brand","embeddable":true,"href":"https:\/\/antcube.shop\/sv\/wp-json\/wp\/v2\/product_brand?post=9247"},{"taxonomy":"product_cat","embeddable":true,"href":"https:\/\/antcube.shop\/sv\/wp-json\/wp\/v2\/product_cat?post=9247"},{"taxonomy":"product_tag","embeddable":true,"href":"https:\/\/antcube.shop\/sv\/wp-json\/wp\/v2\/product_tag?post=9247"}],"curies":[{"name":"wp","href":"https:\/\/api.w.org\/{rel}","templated":true}]}}