{"id":9246,"date":"2024-09-17T14:41:57","date_gmt":"2024-09-17T12:41:57","guid":{"rendered":"https:\/\/antcube.shop\/en\/product\/antcube-gipsnest-60x30-stehend\/"},"modified":"2026-03-03T21:23:18","modified_gmt":"2026-03-03T20:23:18","slug":"antcube-gipsbo-60x30-staende","status":"publish","type":"product","link":"https:\/\/antcube.shop\/sv\/produkt\/antcube-gipsbo-60x30-staende\/","title":{"rendered":"ANTCUBE - Gipsbo 60\u00d730 - uppr\u00e4ttst\u00e5ende"},"content":{"rendered":"<p><span data-text-color=\"alert\"><strong>Frakt endast m\u00f6jlig via GO! inom Tyskland eller via palett inom Europa (inga \u00f6ar)<\/strong><\/span><\/p>\n<p><strong>M\u00e5tt:<\/strong> 582 x 239 x 45,5 mm<\/p>\n<p><strong>Material:<\/strong> gips<\/p>\n<p>Passar endast i v\u00e5ra myrstackar av storleken <span style=\"font-size: 10.5pt; font-family: Arial; color: #ff0000; background-color: transparent; font-weight: bold; font-style: normal; font-variant: normal; text-decoration: none; vertical-align: baseline;\">XL<\/span><\/p>\n<p><strong>Beskrivning:<\/strong> V\u00e5rt gipsbo med prefabricerade g\u00e5ngar och kammare \u00e4r l\u00e4mpligt f\u00f6r m\u00e5nga myrarter, s\u00e4rskilt f\u00f6r arter som bygger sina bon i mycket sandiga eller steniga jordar. Det har ett h\u00e5l f\u00f6r \u00e5tkomst till boet. Gips har egenskapen att absorbera vatten, s\u00e5 att en viss m\u00e4ngd fukt lagras. Gipsboet b\u00f6r dock inte anv\u00e4ndas permanent fuktigt eftersom det annars kan bildas m\u00f6gel (p\u00e5 grund av matrester eller exkrementer fr\u00e5n myrorna). D\u00e4rf\u00f6r b\u00f6r arter fr\u00e5n ganska torra omr\u00e5den om m\u00f6jligt f\u00f6rvaras h\u00e4r. Det kan t.ex. vara arter fr\u00e5n Medelhavsomr\u00e5det eller \u00f6kenomr\u00e5den.<\/p>","protected":false},"excerpt":{"rendered":"<p>Frakt endast m\u00f6jlig via GO! inom Tyskland eller via palett inom Europa (inga \u00f6ar) M\u00e5tt: 582 x 239 x 45,5 mm Material: gips Passar endast i v\u00e5ra myrstackar i storlek XL Beskrivning: V\u00e5rt gipsn\u00e4ste med prefabricerade g\u00e5ngar och kammare \u00e4r l\u00e4mpligt f\u00f6r m\u00e5nga myrarter, s\u00e4rskilt f\u00f6r arter som bygger","protected":false},"featured_media":9680,"comment_status":"open","ping_status":"closed","template":"","meta":{"_acf_changed":false,"content-type":"","_monsterinsights_skip_tracking":false,"_monsterinsights_sitenote_active":false,"_monsterinsights_sitenote_note":"","_monsterinsights_sitenote_category":0},"product_brand":[],"product_cat":[87,90],"product_tag":[],"class_list":{"0":"post-9246","1":"product","2":"type-product","3":"status-publish","4":"has-post-thumbnail","6":"product_cat-nest-insets","7":"product_cat-gypsum","9":"first","10":"instock","11":"taxable","12":"shipping-taxable","13":"purchasable","14":"product-type-simple"},"acf":[],"aioseo_notices":[],"jetpack_sharing_enabled":true,"_links":{"self":[{"href":"https:\/\/antcube.shop\/sv\/wp-json\/wp\/v2\/product\/9246","targetHints":{"allow":["GET"]}}],"collection":[{"href":"https:\/\/antcube.shop\/sv\/wp-json\/wp\/v2\/product"}],"about":[{"href":"https:\/\/antcube.shop\/sv\/wp-json\/wp\/v2\/types\/product"}],"replies":[{"embeddable":true,"href":"https:\/\/antcube.shop\/sv\/wp-json\/wp\/v2\/comments?post=9246"}],"wp:featuredmedia":[{"embeddable":true,"href":"https:\/\/antcube.shop\/sv\/wp-json\/wp\/v2\/media\/9680"}],"wp:attachment":[{"href":"https:\/\/antcube.shop\/sv\/wp-json\/wp\/v2\/media?parent=9246"}],"wp:term":[{"taxonomy":"product_brand","embeddable":true,"href":"https:\/\/antcube.shop\/sv\/wp-json\/wp\/v2\/product_brand?post=9246"},{"taxonomy":"product_cat","embeddable":true,"href":"https:\/\/antcube.shop\/sv\/wp-json\/wp\/v2\/product_cat?post=9246"},{"taxonomy":"product_tag","embeddable":true,"href":"https:\/\/antcube.shop\/sv\/wp-json\/wp\/v2\/product_tag?post=9246"}],"curies":[{"name":"wp","href":"https:\/\/api.w.org\/{rel}","templated":true}]}}