{"id":9243,"date":"2024-09-17T14:40:16","date_gmt":"2024-09-17T12:40:16","guid":{"rendered":"https:\/\/antcube.shop\/en\/product\/antcube-digfix-platte-60x30-xl\/"},"modified":"2026-04-02T09:54:12","modified_gmt":"2026-04-02T07:54:12","slug":"antcube-digfix-platta-60x30-xl","status":"publish","type":"product","link":"https:\/\/antcube.shop\/sv\/produkt\/antcube-digfix-platta-60x30-xl\/","title":{"rendered":"ANTCUBE - Digfixplatta 60\u00d730 - XL"},"content":{"rendered":"<p><span data-text-color=\"alert\"><strong>Frakt endast m\u00f6jlig via GO! inom Tyskland eller via palett inom Europa (inga \u00f6ar)<\/strong><\/span><\/p>\n<p><strong>M\u00e5tt:<\/strong> 584x230x50 mm (570-575 mm tolerans)<\/p>\n<p><strong>Material:<\/strong> Digfix<\/p>\n<p><strong>Beskrivning:<\/strong> Digfix-plattan av gr\u00e4vbart material passar perfekt till v\u00e5ra ANTCUBE-myrfarmer. Den kan anv\u00e4ndas b\u00e5de torr och v\u00e5t. Den \u00e4r ocks\u00e5 l\u00e4mplig f\u00f6r m\u00e5nga myrarter, s\u00e4rskilt f\u00f6r arter som bygger bo i sand och (d\u00f6tt) tr\u00e4. Det kan anv\u00e4ndas i st\u00e4llet f\u00f6r sand\/lerblandningar eller korkboinsatser. En stor f\u00f6rdel j\u00e4mf\u00f6rt med korkbon \u00e4r att Digfix inte blir m\u00f6gligt ens n\u00e4r det \u00e4r v\u00e5tt. Detta inneb\u00e4r att myrarter med ett h\u00f6gt fuktbehov enkelt kan f\u00f6rses med tillr\u00e4ckligt med vatten. Digfix har ocks\u00e5 den f\u00f6rdelen att gr\u00e4vande myror inte smutsar ner glasrutorna i boet n\u00e4r de gr\u00e4ver, vilket ger en perfekt sikt in i boet.<\/p>\n<p><strong>Observera:<\/strong> Den naturliga f\u00e4rgen kan variera mellan gr\u00f6n\/gr\u00e5brun och jordbrun. F\u00e4rgtonen har ingen inverkan p\u00e5 kvaliteten.<br \/>\nP\u00e5 grund av tillverkningsprocessen kan m\u00e5tten variera med +\/- 1 mm.<\/p>","protected":false},"excerpt":{"rendered":"<p>Storlek: <span style=\"color: #ff0000;\"><strong>XL<\/strong><\/span><\/p>","protected":false},"featured_media":9674,"comment_status":"open","ping_status":"closed","template":"","meta":{"_acf_changed":false,"content-type":"","_monsterinsights_skip_tracking":false,"_monsterinsights_sitenote_active":false,"_monsterinsights_sitenote_note":"","_monsterinsights_sitenote_category":0},"product_brand":[],"product_cat":[87,88],"product_tag":[],"class_list":{"0":"post-9243","1":"product","2":"type-product","3":"status-publish","4":"has-post-thumbnail","6":"product_cat-nest-insets","7":"product_cat-digfix","9":"first","10":"instock","11":"taxable","12":"shipping-taxable","13":"purchasable","14":"product-type-simple"},"acf":[],"aioseo_notices":[],"jetpack_sharing_enabled":true,"_links":{"self":[{"href":"https:\/\/antcube.shop\/sv\/wp-json\/wp\/v2\/product\/9243","targetHints":{"allow":["GET"]}}],"collection":[{"href":"https:\/\/antcube.shop\/sv\/wp-json\/wp\/v2\/product"}],"about":[{"href":"https:\/\/antcube.shop\/sv\/wp-json\/wp\/v2\/types\/product"}],"replies":[{"embeddable":true,"href":"https:\/\/antcube.shop\/sv\/wp-json\/wp\/v2\/comments?post=9243"}],"wp:featuredmedia":[{"embeddable":true,"href":"https:\/\/antcube.shop\/sv\/wp-json\/wp\/v2\/media\/9674"}],"wp:attachment":[{"href":"https:\/\/antcube.shop\/sv\/wp-json\/wp\/v2\/media?parent=9243"}],"wp:term":[{"taxonomy":"product_brand","embeddable":true,"href":"https:\/\/antcube.shop\/sv\/wp-json\/wp\/v2\/product_brand?post=9243"},{"taxonomy":"product_cat","embeddable":true,"href":"https:\/\/antcube.shop\/sv\/wp-json\/wp\/v2\/product_cat?post=9243"},{"taxonomy":"product_tag","embeddable":true,"href":"https:\/\/antcube.shop\/sv\/wp-json\/wp\/v2\/product_tag?post=9243"}],"curies":[{"name":"wp","href":"https:\/\/api.w.org\/{rel}","templated":true}]}}