{"id":9237,"date":"2024-09-17T14:32:30","date_gmt":"2024-09-17T12:32:30","guid":{"rendered":"https:\/\/antcube.shop\/en\/product\/antcube-arena-20x10x10-lang\/"},"modified":"2026-04-14T12:07:16","modified_gmt":"2026-04-14T10:07:16","slug":"antcube-arena-20x10x10-lang","status":"publish","type":"product","link":"https:\/\/antcube.shop\/sv\/produkt\/antcube-arena-20x10x10-lang\/","title":{"rendered":"ANTCUBE - arena 20x10x10 - l\u00e5ng"},"content":{"rendered":"<p><strong>Storlek:<\/strong> 200 x 100 x 100 mm; tjocklek: 4 mm<\/p>\n<p><strong>Material:<\/strong> floatglas<\/p>\n<p><strong>Adapter:<\/strong> 2x borrning 27 mm<\/p>\n<p><strong>Beskrivning:<\/strong><br \/>\nGlasb\u00e4nk 40x20x20 cm med 2x 27mm borrning<br \/>\nBorrningen (dess centrum) \u00e4r placerad p\u00e5 3 cm h\u00f6jd.<\/p>\n<p><strong>V\u00e4nligen observera:<\/strong> Glaset sk\u00e4rs enligt DIN 1249 med en tolerans p\u00e5 +\/;- 1 mm. F\u00f6r extremt sm\u00e5 myrarter \u00e4r det n\u00f6dv\u00e4ndigt med ytterligare skydd mot myrflykt.<\/p>","protected":false},"excerpt":{"rendered":"<p><strong>Anslutning:<\/strong> 2x h\u00e5l 27 mm<\/p>\n<p><strong>Storlek:<\/strong> S, M, L, XL<\/p>","protected":false},"featured_media":9494,"comment_status":"open","ping_status":"closed","template":"","meta":{"_acf_changed":false,"content-type":"","_monsterinsights_skip_tracking":false,"_monsterinsights_sitenote_active":false,"_monsterinsights_sitenote_note":"","_monsterinsights_sitenote_category":0},"product_brand":[],"product_cat":[85,86],"product_tag":[],"class_list":{"0":"post-9237","1":"product","2":"type-product","3":"status-publish","4":"has-post-thumbnail","6":"product_cat-ant-arenas","7":"product_cat-formicariums","9":"first","10":"instock","11":"taxable","12":"shipping-taxable","13":"purchasable","14":"product-type-simple"},"acf":[],"aioseo_notices":[],"jetpack_sharing_enabled":true,"_links":{"self":[{"href":"https:\/\/antcube.shop\/sv\/wp-json\/wp\/v2\/product\/9237","targetHints":{"allow":["GET"]}}],"collection":[{"href":"https:\/\/antcube.shop\/sv\/wp-json\/wp\/v2\/product"}],"about":[{"href":"https:\/\/antcube.shop\/sv\/wp-json\/wp\/v2\/types\/product"}],"replies":[{"embeddable":true,"href":"https:\/\/antcube.shop\/sv\/wp-json\/wp\/v2\/comments?post=9237"}],"wp:featuredmedia":[{"embeddable":true,"href":"https:\/\/antcube.shop\/sv\/wp-json\/wp\/v2\/media\/9494"}],"wp:attachment":[{"href":"https:\/\/antcube.shop\/sv\/wp-json\/wp\/v2\/media?parent=9237"}],"wp:term":[{"taxonomy":"product_brand","embeddable":true,"href":"https:\/\/antcube.shop\/sv\/wp-json\/wp\/v2\/product_brand?post=9237"},{"taxonomy":"product_cat","embeddable":true,"href":"https:\/\/antcube.shop\/sv\/wp-json\/wp\/v2\/product_cat?post=9237"},{"taxonomy":"product_tag","embeddable":true,"href":"https:\/\/antcube.shop\/sv\/wp-json\/wp\/v2\/product_tag?post=9237"}],"curies":[{"name":"wp","href":"https:\/\/api.w.org\/{rel}","templated":true}]}}