{"id":9236,"date":"2024-09-17T14:31:58","date_gmt":"2024-09-17T12:31:58","guid":{"rendered":"https:\/\/antcube.shop\/en\/product\/ameisenarena-rahmen-20x10\/"},"modified":"2026-04-15T18:35:09","modified_gmt":"2026-04-15T16:35:09","slug":"myr-arena-ram-20x10","status":"publish","type":"product","link":"https:\/\/antcube.shop\/sv\/produkt\/myr-arena-ram-20x10\/","title":{"rendered":"Ram f\u00f6r myrarena 20\u00d710"},"content":{"rendered":"<p><strong>M\u00e5tt (LxBxH):<\/strong> 20x10x0,4 cm<\/p>\n<p><strong>Material:<\/strong> Flytande glas<\/p>\n<p><strong>F\u00e4rg:<\/strong> klar \/ transparent<\/p>\n<p><strong>Inneh\u00e5ll:<\/strong><br \/>\n1x ram f\u00f6r myrarena<\/p>\n<p><strong>Beskrivning:<\/strong><br \/>\nRam av glas f\u00f6r myrstack som flyktskydd.<\/p>\n<p><strong>Anv\u00e4ndning:<\/strong><br \/>\nEn myrstacksram \u00e4r en ram av glas som placeras p\u00e5 en myrstack och f\u00f6rses med ett utbrottsskydd (olja, pulver eller lack) fr\u00e5n undersidan f\u00f6r att f\u00f6rhindra myror fr\u00e5n att bryta sig ut.<\/p>\n<p><strong>Meddelande:<\/strong><br \/>\nEftersom artikeln \u00e4r tillverkad av glas och d\u00e4rf\u00f6r k\u00e4nslig, b\u00f6r den hanteras mycket f\u00f6rsiktigt. Glaset sk\u00e4rs enligt DIN 1249 med en tolerans p\u00e5 +\/- 1 mm. F\u00f6r extremt sm\u00e5 myrarter \u00e4r ytterligare utbrottsskydd n\u00f6dv\u00e4ndigt.<\/p>","protected":false},"excerpt":{"rendered":"<p>M\u00e5tt (LxBxH): 60x30x0,4 cm Material: Floatglas F\u00e4rg: klar \/ transparent Inneh\u00e5ll: 1x ram f\u00f6r myrarena Beskrivning: Ram av glas f\u00f6r en myrarena som flyktskydd. Anv\u00e4ndning: En myrstacksram \u00e4r en ram av glas som placeras p\u00e5 en myrstack och \u00e4r f\u00f6rsedd med ett utbrottsskydd (olja, pulver","protected":false},"featured_media":9498,"comment_status":"open","ping_status":"closed","template":"","meta":{"_acf_changed":false,"content-type":"","_monsterinsights_skip_tracking":false,"_monsterinsights_sitenote_active":false,"_monsterinsights_sitenote_note":"","_monsterinsights_sitenote_category":0},"product_brand":[],"product_cat":[91,93],"product_tag":[],"class_list":{"0":"post-9236","1":"product","2":"type-product","3":"status-publish","4":"has-post-thumbnail","6":"product_cat-formicarium-modules","7":"product_cat-arena-frame","9":"first","10":"instock","11":"taxable","12":"shipping-taxable","13":"purchasable","14":"product-type-simple"},"acf":[],"aioseo_notices":[],"jetpack_sharing_enabled":true,"_links":{"self":[{"href":"https:\/\/antcube.shop\/sv\/wp-json\/wp\/v2\/product\/9236","targetHints":{"allow":["GET"]}}],"collection":[{"href":"https:\/\/antcube.shop\/sv\/wp-json\/wp\/v2\/product"}],"about":[{"href":"https:\/\/antcube.shop\/sv\/wp-json\/wp\/v2\/types\/product"}],"replies":[{"embeddable":true,"href":"https:\/\/antcube.shop\/sv\/wp-json\/wp\/v2\/comments?post=9236"}],"wp:featuredmedia":[{"embeddable":true,"href":"https:\/\/antcube.shop\/sv\/wp-json\/wp\/v2\/media\/9498"}],"wp:attachment":[{"href":"https:\/\/antcube.shop\/sv\/wp-json\/wp\/v2\/media?parent=9236"}],"wp:term":[{"taxonomy":"product_brand","embeddable":true,"href":"https:\/\/antcube.shop\/sv\/wp-json\/wp\/v2\/product_brand?post=9236"},{"taxonomy":"product_cat","embeddable":true,"href":"https:\/\/antcube.shop\/sv\/wp-json\/wp\/v2\/product_cat?post=9236"},{"taxonomy":"product_tag","embeddable":true,"href":"https:\/\/antcube.shop\/sv\/wp-json\/wp\/v2\/product_tag?post=9236"}],"curies":[{"name":"wp","href":"https:\/\/api.w.org\/{rel}","templated":true}]}}