{"id":9234,"date":"2024-09-17T14:31:14","date_gmt":"2024-09-17T12:31:14","guid":{"rendered":"https:\/\/antcube.shop\/en\/product\/ameisenarena-lufter-50mm\/"},"modified":"2026-04-21T18:47:18","modified_gmt":"2026-04-21T16:47:18","slug":"ameisenarena-lufter-50mm","status":"publish","type":"product","link":"https:\/\/antcube.shop\/sv\/produkt\/ameisenarena-lufter-50mm\/","title":{"rendered":"Ant Arena - fl\u00e4kt 50 mm"},"content":{"rendered":"<p><span data-text-color=\"alert\"><strong>Frakt endast m\u00f6jlig i Tyskland!<\/strong><\/span><\/p>\n<p><strong>Inneh\u00e5ll:<\/strong><br \/>\n- Fl\u00e4kt 42 mm<br \/>\n- Gallerinsats 50 mm - transparent<br \/>\n- Stickpropp\/kontaktdon<\/p>\n<p><strong>Tekniska specifikationer:<\/strong><br \/>\nEffekt: 1W<br \/>\nSp\u00e4nning: 12 V<br \/>\nKabell\u00e4ngd: 10 cm<br \/>\nTemperaturomr\u00e5de -10 - +60 \u00b0C<br \/>\nLivsl\u00e4ngd 50 000 h<br \/>\nLuftfl\u00f6de 10 m\u00b3\/h (med p\u00e5monterat galler reduceras fl\u00f6det beroende p\u00e5 \u00f6ppningens storlek)<\/p>\n<p><strong>Material:<\/strong> plast<\/p>\n<p><strong>F\u00e4rg:<\/strong> vit \/ transparent<\/p>\n<p><strong>Beskrivning:<\/strong><br \/>\nF\u00f6r att ventilera en myrstack kan denna fl\u00e4kt anslutas direkt till myrstackens lock.<\/p>\n<p><strong>Milj\u00f6information:<\/strong><br \/>\nS\u00e4rskild avfallshantering kan kr\u00e4vas. Kontakta dina lokala myndigheter.<br \/>\nYtterligare information:<\/p>\n<blockquote class=\"wp-embedded-content\" data-secret=\"E5wsFkHgL8\"><p><a href=\"https:\/\/antcube.shop\/en\/electrical-devices-act\/\">Lagen om elektriska anordningar<\/a><\/p><\/blockquote>\n<p><iframe loading=\"lazy\" class=\"wp-embedded-content\" sandbox=\"allow-scripts\" security=\"restricted\" style=\"position: absolute; visibility: hidden;\" title=\"&quot;Lagen om elektriska apparater&quot; - ANTCUBE\" src=\"https:\/\/antcube.shop\/en\/electrical-devices-act\/embed\/#?secret=BvHuHVTyVI#?secret=E5wsFkHgL8\" data-secret=\"E5wsFkHgL8\" width=\"600\" height=\"338\" frameborder=\"0\" marginwidth=\"0\" marginheight=\"0\" scrolling=\"no\"><\/iframe><\/p>\n<p>&nbsp;<\/p>\n<p>Denna artikel \u00e4r registrerad enligt WEEE-Reg. DE 54590387.<\/p>\n<p>&nbsp;<\/p>","protected":false},"excerpt":{"rendered":"<p>Frakt endast m\u00f6jlig i Tyskland! Inneh\u00e5ll: - Fl\u00e4kt 42mm - Gallerinsats 50 mm - transparent - Stickpropp\/kontakt Tekniska specifikationer: Effekt: 1W Sp\u00e4nning: 12V Kabell\u00e4ngd: 10 cm Temperaturomr\u00e5de -10 - +60 \u00b0C Livsl\u00e4ngd 50 000 h Luftfl\u00f6de 10 m\u00b3\/h (med gallerinsats reduceras fl\u00f6det beroende p\u00e5 [...]","protected":false},"featured_media":9512,"comment_status":"open","ping_status":"closed","template":"","meta":{"_acf_changed":false,"content-type":"","_monsterinsights_skip_tracking":false,"_monsterinsights_sitenote_active":false,"_monsterinsights_sitenote_note":"","_monsterinsights_sitenote_category":0},"product_brand":[],"product_cat":[359,119],"product_tag":[],"class_list":{"0":"post-9234","1":"product","2":"type-product","3":"status-publish","4":"has-post-thumbnail","6":"product_cat-light-heat-humidity","7":"product_cat-formicarium-components","9":"first","10":"instock","11":"taxable","12":"shipping-taxable","13":"purchasable","14":"product-type-simple"},"acf":[],"aioseo_notices":[],"jetpack_sharing_enabled":true,"_links":{"self":[{"href":"https:\/\/antcube.shop\/sv\/wp-json\/wp\/v2\/product\/9234","targetHints":{"allow":["GET"]}}],"collection":[{"href":"https:\/\/antcube.shop\/sv\/wp-json\/wp\/v2\/product"}],"about":[{"href":"https:\/\/antcube.shop\/sv\/wp-json\/wp\/v2\/types\/product"}],"replies":[{"embeddable":true,"href":"https:\/\/antcube.shop\/sv\/wp-json\/wp\/v2\/comments?post=9234"}],"wp:featuredmedia":[{"embeddable":true,"href":"https:\/\/antcube.shop\/sv\/wp-json\/wp\/v2\/media\/9512"}],"wp:attachment":[{"href":"https:\/\/antcube.shop\/sv\/wp-json\/wp\/v2\/media?parent=9234"}],"wp:term":[{"taxonomy":"product_brand","embeddable":true,"href":"https:\/\/antcube.shop\/sv\/wp-json\/wp\/v2\/product_brand?post=9234"},{"taxonomy":"product_cat","embeddable":true,"href":"https:\/\/antcube.shop\/sv\/wp-json\/wp\/v2\/product_cat?post=9234"},{"taxonomy":"product_tag","embeddable":true,"href":"https:\/\/antcube.shop\/sv\/wp-json\/wp\/v2\/product_tag?post=9234"}],"curies":[{"name":"wp","href":"https:\/\/api.w.org\/{rel}","templated":true}]}}