{"id":9233,"date":"2024-09-17T14:30:50","date_gmt":"2024-09-17T12:30:50","guid":{"rendered":"https:\/\/antcube.shop\/en\/product\/ameisenarena-lufter-set-50mm-mit-netzgerat\/"},"modified":"2026-04-14T14:07:33","modified_gmt":"2026-04-14T12:07:33","slug":"ameisenarena-lufter-set-50mm-mit-netzgerat","status":"publish","type":"product","link":"https:\/\/antcube.shop\/sv\/produkt\/ameisenarena-lufter-set-50mm-mit-netzgerat\/","title":{"rendered":"Ant Arena - fl\u00e4ktset 50 mm med str\u00f6mf\u00f6rs\u00f6rjning"},"content":{"rendered":"<p><span data-text-color=\"alert\"><strong>Frakt endast m\u00f6jlig i Tyskland!<\/strong><\/span><\/p>\n<p><strong>Inneh\u00e5ll:<\/strong><br \/>\n- Fl\u00e4kt 42 mm<br \/>\n- p\u00e5 gallerinsats 50mm - transparent<br \/>\n- Str\u00f6mf\u00f6rs\u00f6rjningsenhet<br \/>\n- Stickpropp\/kontaktdon<\/p>\n<p><strong>Tekniska specifikationer:<\/strong><br \/>\nStr\u00f6mf\u00f6rs\u00f6rjningsenhetens utg\u00e5ng: 2,5 A (12W)<br \/>\nIng\u00e5ngssp\u00e4nning: 100V-240V<br \/>\nUtg\u00e5ende sp\u00e4nning: 5V<br \/>\nKabell\u00e4ngd: 10 cm (fl\u00e4kt)<br \/>\nKabell\u00e4ngd: 90 cm (str\u00f6mf\u00f6rs\u00f6rjningsenhet)<br \/>\nStr\u00f6mf\u00f6rs\u00f6rjningsfl\u00e4kt 1 W<br \/>\nTemperaturomr\u00e5de -10 - +60 \u00b0C<br \/>\nLivsl\u00e4ngd 50 000 h<br \/>\nLuftfl\u00f6de 10 m\u00b3\/h (med p\u00e5monterat galler reduceras fl\u00f6det beroende p\u00e5 \u00f6ppningens storlek)<\/p>\n<p><strong>M\u00e5tt:<\/strong> 5 x 5 x 1 cm (fl\u00e4kt)<\/p>\n<p><strong>Material:<\/strong> plast<\/p>\n<p><strong>F\u00e4rg:<\/strong> transparent, genomskinlig (fl\u00e4kt); svart (str\u00f6mf\u00f6rs\u00f6rjningsenhet)<\/p>\n<p><strong>Beskrivning:<\/strong><br \/>\nVentilationen \u00e4r s\u00e4rskilt viktig f\u00f6r att uppn\u00e5 ett s\u00e5 naturligt klimat som m\u00f6jligt i ett formicarium och f\u00f6r att f\u00f6rhindra m\u00f6geltillv\u00e4xt. Fl\u00e4kten kan antingen monteras med hj\u00e4lp av de fyra skruv\u00f6ppningarna eller f\u00e4stas med silikon eller plastlim. Motorn g\u00e5r n\u00e4stan ljudl\u00f6st och vibrationsfritt.<\/p>\n<p><strong>Milj\u00f6information:<\/strong><br \/>\nS\u00e4rskild avfallshantering kan kr\u00e4vas. Kontakta dina lokala myndigheter.<br \/>\nYtterligare information:<\/p>\n<blockquote class=\"wp-embedded-content\" data-secret=\"jOGF5OPQCF\"><p><a href=\"https:\/\/antcube.shop\/en\/electrical-devices-act\/\">Lagen om elektriska anordningar<\/a><\/p><\/blockquote>\n<p><iframe loading=\"lazy\" class=\"wp-embedded-content\" sandbox=\"allow-scripts\" security=\"restricted\" style=\"position: absolute; visibility: hidden;\" title=\"&quot;Lagen om elektriska apparater&quot; - ANTCUBE\" src=\"https:\/\/antcube.shop\/en\/electrical-devices-act\/embed\/#?secret=NfRYQNwKWB#?secret=jOGF5OPQCF\" data-secret=\"jOGF5OPQCF\" width=\"600\" height=\"338\" frameborder=\"0\" marginwidth=\"0\" marginheight=\"0\" scrolling=\"no\"><\/iframe><\/p>","protected":false},"excerpt":{"rendered":"<p>Shipping only possible in Germany! Contents: &#8211; Fan 42mm &#8211; on grille insert 50mm &#8211; transparent &#8211; Power supply unit &#8211; Plug \/ connector Technical specifications: Power supply unit output: 2.5 A (12W) Voltage input: 100V-240V Voltage output: 5V Cable length: 10 cm (fan) Cable length: 90 cm (power supply unit) Power fan 1 W [&#8230;]","protected":false},"featured_media":9507,"comment_status":"open","ping_status":"closed","template":"","meta":{"_acf_changed":false,"content-type":"","_monsterinsights_skip_tracking":false,"_monsterinsights_sitenote_active":false,"_monsterinsights_sitenote_note":"","_monsterinsights_sitenote_category":0},"product_brand":[],"product_cat":[359,119],"product_tag":[],"class_list":{"0":"post-9233","1":"product","2":"type-product","3":"status-publish","4":"has-post-thumbnail","6":"product_cat-light-heat-humidity","7":"product_cat-formicarium-components","9":"first","10":"outofstock","11":"taxable","12":"shipping-taxable","13":"purchasable","14":"product-type-simple"},"acf":[],"aioseo_notices":[],"jetpack_sharing_enabled":true,"_links":{"self":[{"href":"https:\/\/antcube.shop\/sv\/wp-json\/wp\/v2\/product\/9233","targetHints":{"allow":["GET"]}}],"collection":[{"href":"https:\/\/antcube.shop\/sv\/wp-json\/wp\/v2\/product"}],"about":[{"href":"https:\/\/antcube.shop\/sv\/wp-json\/wp\/v2\/types\/product"}],"replies":[{"embeddable":true,"href":"https:\/\/antcube.shop\/sv\/wp-json\/wp\/v2\/comments?post=9233"}],"wp:featuredmedia":[{"embeddable":true,"href":"https:\/\/antcube.shop\/sv\/wp-json\/wp\/v2\/media\/9507"}],"wp:attachment":[{"href":"https:\/\/antcube.shop\/sv\/wp-json\/wp\/v2\/media?parent=9233"}],"wp:term":[{"taxonomy":"product_brand","embeddable":true,"href":"https:\/\/antcube.shop\/sv\/wp-json\/wp\/v2\/product_brand?post=9233"},{"taxonomy":"product_cat","embeddable":true,"href":"https:\/\/antcube.shop\/sv\/wp-json\/wp\/v2\/product_cat?post=9233"},{"taxonomy":"product_tag","embeddable":true,"href":"https:\/\/antcube.shop\/sv\/wp-json\/wp\/v2\/product_tag?post=9233"}],"curies":[{"name":"wp","href":"https:\/\/api.w.org\/{rel}","templated":true}]}}