{"id":9230,"date":"2024-09-17T14:29:44","date_gmt":"2024-09-17T12:29:44","guid":{"rendered":"https:\/\/antcube.shop\/en\/product\/antcube-arena-60x30x10-flach\/"},"modified":"2026-03-31T12:06:28","modified_gmt":"2026-03-31T10:06:28","slug":"antcube-arena-60x30x10-plan","status":"publish","type":"product","link":"https:\/\/antcube.shop\/sv\/produkt\/antcube-arena-60x30x10-plan\/","title":{"rendered":"ANTCUBE - Arena 60x30x10 - platt"},"content":{"rendered":"<p><span data-text-color=\"alert\"><strong>Frakt endast m\u00f6jlig via GO! inom Tyskland eller via palett inom Europa (inga \u00f6ar)<\/strong><\/span><\/p>\n<p><strong>M\u00e5tt:<\/strong> 600 x 300 x 300 mm; 4 mm glastjocklek<\/p>\n<p><strong>Material:<\/strong> Flytande glas<\/p>\n<p><strong>Anslutning:<\/strong> 2x h\u00e5l 50 mm<\/p>\n<p><strong>Beskrivning:<\/strong><br \/>\nGlasb\u00e4nk 60x30x30 cm med 2x 50mm h\u00e5l<br \/>\nH\u00e5let (mittpunkten) \u00e4r p\u00e5 en h\u00f6jd av 3 cm.<\/p>\n<p><strong>Observera:<\/strong> Glaset sk\u00e4rs enligt DIN 1249 med en tolerans p\u00e5 +\/- 1 mm. F\u00f6r extremt sm\u00e5 myrarter \u00e4r det n\u00f6dv\u00e4ndigt med ytterligare flyktskydd.<\/p>","protected":false},"excerpt":{"rendered":"<p><strong>Anslutning:<\/strong> 2x h\u00e5l 50 mm<br \/>\n<strong>Storlek:<\/strong> S, M, L, XL<\/p>","protected":false},"featured_media":9520,"comment_status":"open","ping_status":"closed","template":"","meta":{"_acf_changed":false,"content-type":"","_monsterinsights_skip_tracking":false,"_monsterinsights_sitenote_active":false,"_monsterinsights_sitenote_note":"","_monsterinsights_sitenote_category":0},"product_brand":[],"product_cat":[85,86],"product_tag":[],"class_list":{"0":"post-9230","1":"product","2":"type-product","3":"status-publish","4":"has-post-thumbnail","6":"product_cat-ant-arenas","7":"product_cat-formicariums","8":"product_shipping_class-fragile","10":"first","11":"instock","12":"taxable","13":"shipping-taxable","14":"purchasable","15":"product-type-simple"},"acf":[],"aioseo_notices":[],"jetpack_sharing_enabled":true,"_links":{"self":[{"href":"https:\/\/antcube.shop\/sv\/wp-json\/wp\/v2\/product\/9230","targetHints":{"allow":["GET"]}}],"collection":[{"href":"https:\/\/antcube.shop\/sv\/wp-json\/wp\/v2\/product"}],"about":[{"href":"https:\/\/antcube.shop\/sv\/wp-json\/wp\/v2\/types\/product"}],"replies":[{"embeddable":true,"href":"https:\/\/antcube.shop\/sv\/wp-json\/wp\/v2\/comments?post=9230"}],"wp:featuredmedia":[{"embeddable":true,"href":"https:\/\/antcube.shop\/sv\/wp-json\/wp\/v2\/media\/9520"}],"wp:attachment":[{"href":"https:\/\/antcube.shop\/sv\/wp-json\/wp\/v2\/media?parent=9230"}],"wp:term":[{"taxonomy":"product_brand","embeddable":true,"href":"https:\/\/antcube.shop\/sv\/wp-json\/wp\/v2\/product_brand?post=9230"},{"taxonomy":"product_cat","embeddable":true,"href":"https:\/\/antcube.shop\/sv\/wp-json\/wp\/v2\/product_cat?post=9230"},{"taxonomy":"product_tag","embeddable":true,"href":"https:\/\/antcube.shop\/sv\/wp-json\/wp\/v2\/product_tag?post=9230"}],"curies":[{"name":"wp","href":"https:\/\/api.w.org\/{rel}","templated":true}]}}