{"id":9227,"date":"2024-09-17T14:28:29","date_gmt":"2024-09-17T12:28:29","guid":{"rendered":"https:\/\/antcube.shop\/en\/product\/antcube-ameisenarenaeinsatz-m-40x20\/"},"modified":"2026-01-12T12:37:38","modified_gmt":"2026-01-12T11:37:38","slug":"antcube-ant-arena-insats-m-40x20","status":"publish","type":"product","link":"https:\/\/antcube.shop\/sv\/produkt\/antcube-ant-arena-insats-m-40x20\/","title":{"rendered":"ANTCUBE ant arena insats - M - 40\u00d720"},"content":{"rendered":"<p><strong>Storlek:<\/strong><br \/>\nutsida: 390 x 18 x 176 mm<br \/>\ninv\u00e4ndigt: 384 x 10 x 169 mm<\/p>\n<p><strong>Material:<\/strong> floatglas<\/p>\n<p><strong>F\u00e4rg:<\/strong> genomskinlig<\/p>\n<p><strong>Inneh\u00e5ll:<\/strong><br \/>\n1x insats f\u00f6r myrarena<br \/>\n1x skydd<br \/>\n1x Inf\u00e4stningspunkter 2 st.<\/p>\n<p><strong>Beskrivning:<\/strong><br \/>\nDetta bo kan placeras i en ANTCUBE-myrarena och fyllas med ett material som l\u00e4mpar sig f\u00f6r gr\u00e4vning (t.ex. sand- och lerblandning eller Digfix). Det speciella \u00e4r att den enkelt kan tas bort fr\u00e5n arenan, t.ex. f\u00f6r att \u00f6vervintra tillsammans med myrorna. Som in- och utg\u00e5ng och f\u00f6r ventilation finns tv\u00e5 10 mm stora h\u00e5l i det nedre omr\u00e5det. F\u00f6r \u00f6vervintring kan dessa st\u00e4ngas med 10 mm pluggar (dessa ing\u00e5r inte).<\/p>\n<p><strong>Observera:<\/strong> Glaset sk\u00e4rs enligt DIN 1249 med en tolerans p\u00e5 +\/- 1 mm. F\u00f6r extremt sm\u00e5 myrarter \u00e4r det n\u00f6dv\u00e4ndigt med ytterligare flyktskydd.<\/p>","protected":false},"excerpt":{"rendered":"<p>Storlek: <span style=\"color: #008000;\"><strong>M<\/strong><\/span><\/p>","protected":false},"featured_media":9527,"comment_status":"open","ping_status":"closed","template":"","meta":{"_acf_changed":false,"content-type":"","_monsterinsights_skip_tracking":false,"_monsterinsights_sitenote_active":false,"_monsterinsights_sitenote_note":"","_monsterinsights_sitenote_category":0},"product_brand":[],"product_cat":[91,94],"product_tag":[],"class_list":{"0":"post-9227","1":"product","2":"type-product","3":"status-publish","4":"has-post-thumbnail","6":"product_cat-formicarium-modules","7":"product_cat-arena-inset","9":"first","10":"instock","11":"taxable","12":"shipping-taxable","13":"purchasable","14":"product-type-simple"},"acf":[],"aioseo_notices":[],"jetpack_sharing_enabled":true,"_links":{"self":[{"href":"https:\/\/antcube.shop\/sv\/wp-json\/wp\/v2\/product\/9227","targetHints":{"allow":["GET"]}}],"collection":[{"href":"https:\/\/antcube.shop\/sv\/wp-json\/wp\/v2\/product"}],"about":[{"href":"https:\/\/antcube.shop\/sv\/wp-json\/wp\/v2\/types\/product"}],"replies":[{"embeddable":true,"href":"https:\/\/antcube.shop\/sv\/wp-json\/wp\/v2\/comments?post=9227"}],"wp:featuredmedia":[{"embeddable":true,"href":"https:\/\/antcube.shop\/sv\/wp-json\/wp\/v2\/media\/9527"}],"wp:attachment":[{"href":"https:\/\/antcube.shop\/sv\/wp-json\/wp\/v2\/media?parent=9227"}],"wp:term":[{"taxonomy":"product_brand","embeddable":true,"href":"https:\/\/antcube.shop\/sv\/wp-json\/wp\/v2\/product_brand?post=9227"},{"taxonomy":"product_cat","embeddable":true,"href":"https:\/\/antcube.shop\/sv\/wp-json\/wp\/v2\/product_cat?post=9227"},{"taxonomy":"product_tag","embeddable":true,"href":"https:\/\/antcube.shop\/sv\/wp-json\/wp\/v2\/product_tag?post=9227"}],"curies":[{"name":"wp","href":"https:\/\/api.w.org\/{rel}","templated":true}]}}