{"id":9226,"date":"2024-09-17T14:28:07","date_gmt":"2024-09-17T12:28:07","guid":{"rendered":"https:\/\/antcube.shop\/en\/product\/antcube-ameisenarenaeinsatz-l-40x20\/"},"modified":"2026-03-05T09:26:11","modified_gmt":"2026-03-05T08:26:11","slug":"antcube-ant-arena-insats-l-40x20","status":"publish","type":"product","link":"https:\/\/antcube.shop\/sv\/produkt\/antcube-ant-arena-insats-l-40x20\/","title":{"rendered":"ANTCUBE myrarena insats - L - 40\u00d720"},"content":{"rendered":"<p><strong>M\u00e5tt:<\/strong><br \/>\nutv\u00e4ndigt: 390 x 28 x 176 mm<br \/>\ninv\u00e4ndigt: 384 x 20 x 169 mm<\/p>\n<p><strong>Material:<\/strong> floatglas<\/p>\n<p><strong>F\u00e4rg:<\/strong> genomskinlig<\/p>\n<p><strong>Inneh\u00e5ll:<\/strong><br \/>\n1x insatsen f\u00f6r myrarena<br \/>\n1x skydd<br \/>\n1x f\u00e4stpunkter 2 st.<\/p>\n<p><strong>Beskrivning:<\/strong><br \/>\nDenna boinsats kan placeras i en ANTCUBE-myrarena och fyllas med ett gr\u00e4vbart material (t.ex. sand\/lerblandning eller Digfix). Det speciella h\u00e4r \u00e4r att den l\u00e4tt kan tas bort fr\u00e5n arenan, t.ex. f\u00f6r \u00f6vervintring med myrorna. I den nedre delen finns tv\u00e5 10 mm h\u00e5l f\u00f6r in- och utg\u00e5ng samt f\u00f6r ventilation. Dessa kan t\u00e4tas med 10 mm pluggar f\u00f6r \u00f6vervintring (dessa ing\u00e5r inte).<\/p>\n<p><strong>Observera:<\/strong> Glaset sk\u00e4rs till enligt DIN 1249 med en tolerans p\u00e5 +\/- 1 mm. Ytterligare utbrytningsskydd \u00e4r n\u00f6dv\u00e4ndigt f\u00f6r extremt sm\u00e5 myrarter.<\/p>","protected":false},"excerpt":{"rendered":"<p>Storlek: <span style=\"color: #0000ff;\"><strong>L<\/strong><\/span><\/p>","protected":false},"featured_media":9529,"comment_status":"open","ping_status":"closed","template":"","meta":{"_acf_changed":false,"content-type":"","_monsterinsights_skip_tracking":false,"_monsterinsights_sitenote_active":false,"_monsterinsights_sitenote_note":"","_monsterinsights_sitenote_category":0},"product_brand":[],"product_cat":[91,94],"product_tag":[],"class_list":{"0":"post-9226","1":"product","2":"type-product","3":"status-publish","4":"has-post-thumbnail","6":"product_cat-formicarium-modules","7":"product_cat-arena-inset","9":"first","10":"instock","11":"taxable","12":"shipping-taxable","13":"purchasable","14":"product-type-simple"},"acf":[],"aioseo_notices":[],"jetpack_sharing_enabled":true,"_links":{"self":[{"href":"https:\/\/antcube.shop\/sv\/wp-json\/wp\/v2\/product\/9226","targetHints":{"allow":["GET"]}}],"collection":[{"href":"https:\/\/antcube.shop\/sv\/wp-json\/wp\/v2\/product"}],"about":[{"href":"https:\/\/antcube.shop\/sv\/wp-json\/wp\/v2\/types\/product"}],"replies":[{"embeddable":true,"href":"https:\/\/antcube.shop\/sv\/wp-json\/wp\/v2\/comments?post=9226"}],"wp:featuredmedia":[{"embeddable":true,"href":"https:\/\/antcube.shop\/sv\/wp-json\/wp\/v2\/media\/9529"}],"wp:attachment":[{"href":"https:\/\/antcube.shop\/sv\/wp-json\/wp\/v2\/media?parent=9226"}],"wp:term":[{"taxonomy":"product_brand","embeddable":true,"href":"https:\/\/antcube.shop\/sv\/wp-json\/wp\/v2\/product_brand?post=9226"},{"taxonomy":"product_cat","embeddable":true,"href":"https:\/\/antcube.shop\/sv\/wp-json\/wp\/v2\/product_cat?post=9226"},{"taxonomy":"product_tag","embeddable":true,"href":"https:\/\/antcube.shop\/sv\/wp-json\/wp\/v2\/product_tag?post=9226"}],"curies":[{"name":"wp","href":"https:\/\/api.w.org\/{rel}","templated":true}]}}