{"id":9219,"date":"2024-09-17T14:25:17","date_gmt":"2024-09-17T12:25:17","guid":{"rendered":"https:\/\/antcube.shop\/en\/product\/antcube-ameisenfarm-l-60x30-stehend\/"},"modified":"2026-04-21T09:56:49","modified_gmt":"2026-04-21T07:56:49","slug":"antcube-myrfarm-l-60x30-uppratt","status":"publish","type":"product","link":"https:\/\/antcube.shop\/sv\/produkt\/antcube-myrfarm-l-60x30-uppratt\/","title":{"rendered":"ANTCUBE - Myrfarm - L - 60\u00d730 - uppr\u00e4ttst\u00e5ende"},"content":{"rendered":"<p><strong>M\u00e5tt (LxBxH):<\/strong><br \/>\nutsida: 634x58x299 mm<br \/>\ninv\u00e4ndigt: 584x20x290 mm<\/p>\n<p><strong>Material:<\/strong><br \/>\nFlytande glas, plast<\/p>\n<p><strong>f\u00e4rg:<\/strong><br \/>\nkristallklart<\/p>\n<p><strong>Inneh\u00e5ll:<\/strong><br \/>\n1x ANTCUBE myrfarm - 20 mm avst\u00e5nd mellan plattorna<br \/>\n1x skydd f\u00f6r myrfarm L 60\u00d73<br \/>\n2x pluggar 4 mm<\/p>\n<p><strong>Anslutning:<\/strong><br \/>\n2x 14\/16\/18\/20 x 20 mm uttag<br \/>\n2x 4mm h\u00e5l med 4mm pluggar<\/p>\n<p>14\/10-slangen \u00e4r ordentligt inf\u00f6rd i 14 mm-uttaget<br \/>\n22\/18-slangen \u00e4r ordentligt f\u00e4st vid det andra 20 mm-steget<br \/>\n24\/20-slang monteras l\u00f6st p\u00e5 det andra 20 mm-steget<\/p>\n<p><strong>Beskrivning:<\/strong><br \/>\nDen h\u00e4r helt genomskinliga myrfarmen \u00e4r l\u00e4mplig f\u00f6r myrarter i storlek L.<\/p>\n<p><strong>Anm\u00e4rkningar om produktionen<\/strong><br \/>\nGlaset sk\u00e4rs enligt DIN 1249 med en tolerans p\u00e5 +\/- 1 mm. F\u00f6r extremt sm\u00e5 myrarter \u00e4r det n\u00f6dv\u00e4ndigt med ytterligare flyktskydd.<\/p>\n<p><strong>Anteckningar om g\u00e5rden<\/strong><br \/>\nObservera f\u00f6ljande n\u00e4r du monterar eller tar bort slangar:<br \/>\nOm slangen \u00e4r mycket sv\u00e5r att f\u00e5 p\u00e5 plats p\u00e5 anslutningshylsan, ska hylsan gnuggas l\u00e4tt med en droppe av v\u00e5r olja eller pulver som skyddar mot utbrott. Tryck sedan p\u00e5 slangen p\u00e5 uttaget med vridande eller skruvande r\u00f6relser utan att belasta uttaget med upp- och ned\u00e5tg\u00e5ende r\u00f6relser. Detsamma g\u00e4ller n\u00e4r du tar bort slangarna fr\u00e5n g\u00e5rdsanslutningsuttaget. Dra inte bara av den!<\/p>","protected":false},"excerpt":{"rendered":"<p><strong>Anslutning:<\/strong> Uttag 2x 14\/16\/18\/20 mm + lock Avst\u00e5nd mellan plattor: Insida 20 mm \/ utsida 28 mm<\/p>\n<p><strong>Storlek:<\/strong> L<\/p>","protected":false},"featured_media":9543,"comment_status":"open","ping_status":"closed","template":"","meta":{"_acf_changed":false,"content-type":"","_monsterinsights_skip_tracking":false,"_monsterinsights_sitenote_active":false,"_monsterinsights_sitenote_note":"","_monsterinsights_sitenote_category":0},"product_brand":[],"product_cat":[80,83],"product_tag":[],"class_list":{"0":"post-9219","1":"product","2":"type-product","3":"status-publish","4":"has-post-thumbnail","6":"product_cat-antfarms","7":"product_cat-antfarms-l","9":"first","10":"instock","11":"taxable","12":"shipping-taxable","13":"purchasable","14":"product-type-simple"},"acf":[],"aioseo_notices":[],"jetpack_sharing_enabled":true,"_links":{"self":[{"href":"https:\/\/antcube.shop\/sv\/wp-json\/wp\/v2\/product\/9219","targetHints":{"allow":["GET"]}}],"collection":[{"href":"https:\/\/antcube.shop\/sv\/wp-json\/wp\/v2\/product"}],"about":[{"href":"https:\/\/antcube.shop\/sv\/wp-json\/wp\/v2\/types\/product"}],"replies":[{"embeddable":true,"href":"https:\/\/antcube.shop\/sv\/wp-json\/wp\/v2\/comments?post=9219"}],"wp:featuredmedia":[{"embeddable":true,"href":"https:\/\/antcube.shop\/sv\/wp-json\/wp\/v2\/media\/9543"}],"wp:attachment":[{"href":"https:\/\/antcube.shop\/sv\/wp-json\/wp\/v2\/media?parent=9219"}],"wp:term":[{"taxonomy":"product_brand","embeddable":true,"href":"https:\/\/antcube.shop\/sv\/wp-json\/wp\/v2\/product_brand?post=9219"},{"taxonomy":"product_cat","embeddable":true,"href":"https:\/\/antcube.shop\/sv\/wp-json\/wp\/v2\/product_cat?post=9219"},{"taxonomy":"product_tag","embeddable":true,"href":"https:\/\/antcube.shop\/sv\/wp-json\/wp\/v2\/product_tag?post=9219"}],"curies":[{"name":"wp","href":"https:\/\/api.w.org\/{rel}","templated":true}]}}