{"id":9218,"date":"2024-09-17T14:24:56","date_gmt":"2024-09-17T12:24:56","guid":{"rendered":"https:\/\/antcube.shop\/en\/product\/antcube-ameisenfarm-xl-60x30-stehend\/"},"modified":"2026-04-02T09:54:11","modified_gmt":"2026-04-02T07:54:11","slug":"antcube-myrfarm-xl-60x30-upprattstaende","status":"publish","type":"product","link":"https:\/\/antcube.shop\/sv\/produkt\/antcube-myrfarm-xl-60x30-upprattstaende\/","title":{"rendered":"ANTCUBE - Myrfarm - XL - 60\u00d730 - uppr\u00e4ttst\u00e5ende"},"content":{"rendered":"<p><span data-text-color=\"alert\"><strong>Frakt endast m\u00f6jlig via GO! inom Tyskland eller via palett inom Europa (inga \u00f6ar)<\/strong><\/span><\/p>\n<p><strong>M\u00e5tt (LxBxH):<\/strong><br \/>\nutsida: 590x58x299 mm<br \/>\ninv\u00e4ndigt: 584x50x290 mm<\/p>\n<p><strong>Material:<\/strong><br \/>\nFlytande glas, plast<\/p>\n<p><strong>f\u00e4rg:<\/strong><br \/>\nkristallklart<\/p>\n<p><strong>Inneh\u00e5ll:<\/strong><br \/>\n1x ANTCUBE myrfarm - 52 mm avst\u00e5nd mellan plattorna<br \/>\n1x skydd f\u00f6r myrstackar XL 60\u00d76<br \/>\n2x pluggar 4 mm<\/p>\n<p><strong>Anslutning:<\/strong><br \/>\nDet finns ett 27 mm h\u00e5l p\u00e5 b\u00e5da sidor s\u00e5 att den h\u00e4r g\u00e5rden kan anslutas till en 28 mm slang eller v\u00e5r \"tankanslutning med slang f\u00f6r 27 mm h\u00e5l\".<br \/>\n2x 4mm h\u00e5l med 4mm pluggar.<\/p>\n<p><strong>Beskrivning:<\/strong><br \/>\nDen h\u00e4r helt genomskinliga myrfarmen \u00e4r l\u00e4mplig f\u00f6r myrarter av L storlek.<\/p>\n<p><strong>Anm\u00e4rkningar om produktionen<\/strong><br \/>\nGlaset sk\u00e4rs enligt DIN 1249 med en tolerans p\u00e5 +\/- 1 mm. F\u00f6r extremt sm\u00e5 myrarter \u00e4r det n\u00f6dv\u00e4ndigt med ytterligare flyktskydd.<\/p>\n<p><strong>Anteckningar om g\u00e5rden<\/strong><br \/>\nObservera f\u00f6ljande n\u00e4r du monterar r\u00f6ren:<br \/>\nOm slangen \u00e4r mycket sv\u00e5r att f\u00e5 p\u00e5 plats i anslutningsstosen ska stosen gnidas l\u00e4tt med en droppe av v\u00e5r olja eller pulver som skyddar mot utbrott. Slangen ska sedan skjutas p\u00e5 muffen med vridande eller skruvande r\u00f6relser utan att muffen belastas med upp- och ned\u00e5tg\u00e5ende r\u00f6relser.<\/p>","protected":false},"excerpt":{"rendered":"<p><strong>Anslutning<\/strong>: 27 mm h\u00e5l f\u00f6r 28 mm slang eller \"tv\u00e4ttst\u00e4llsanslutning med slang f\u00f6r 27 mm h\u00e5l\" + lock Avst\u00e5nd mellan plattor: Insida 52mm<\/p>\n<p><strong>Storlek<\/strong>: XL<\/p>","protected":false},"featured_media":9546,"comment_status":"open","ping_status":"closed","template":"","meta":{"_acf_changed":false,"content-type":"","_monsterinsights_skip_tracking":false,"_monsterinsights_sitenote_active":false,"_monsterinsights_sitenote_note":"","_monsterinsights_sitenote_category":0},"product_brand":[],"product_cat":[80,84],"product_tag":[],"class_list":{"0":"post-9218","1":"product","2":"type-product","3":"status-publish","4":"has-post-thumbnail","6":"product_cat-antfarms","7":"product_cat-antfarms-xl","8":"product_shipping_class-fragile","10":"first","11":"instock","12":"taxable","13":"shipping-taxable","14":"purchasable","15":"product-type-simple"},"acf":[],"aioseo_notices":[],"jetpack_sharing_enabled":true,"_links":{"self":[{"href":"https:\/\/antcube.shop\/sv\/wp-json\/wp\/v2\/product\/9218","targetHints":{"allow":["GET"]}}],"collection":[{"href":"https:\/\/antcube.shop\/sv\/wp-json\/wp\/v2\/product"}],"about":[{"href":"https:\/\/antcube.shop\/sv\/wp-json\/wp\/v2\/types\/product"}],"replies":[{"embeddable":true,"href":"https:\/\/antcube.shop\/sv\/wp-json\/wp\/v2\/comments?post=9218"}],"wp:featuredmedia":[{"embeddable":true,"href":"https:\/\/antcube.shop\/sv\/wp-json\/wp\/v2\/media\/9546"}],"wp:attachment":[{"href":"https:\/\/antcube.shop\/sv\/wp-json\/wp\/v2\/media?parent=9218"}],"wp:term":[{"taxonomy":"product_brand","embeddable":true,"href":"https:\/\/antcube.shop\/sv\/wp-json\/wp\/v2\/product_brand?post=9218"},{"taxonomy":"product_cat","embeddable":true,"href":"https:\/\/antcube.shop\/sv\/wp-json\/wp\/v2\/product_cat?post=9218"},{"taxonomy":"product_tag","embeddable":true,"href":"https:\/\/antcube.shop\/sv\/wp-json\/wp\/v2\/product_tag?post=9218"}],"curies":[{"name":"wp","href":"https:\/\/api.w.org\/{rel}","templated":true}]}}