{"id":9217,"date":"2024-09-17T14:24:20","date_gmt":"2024-09-17T12:24:20","guid":{"rendered":"https:\/\/antcube.shop\/en\/product\/antcube-ameisenfarm-m-20x10-stehend\/"},"modified":"2026-02-25T17:50:54","modified_gmt":"2026-02-25T16:50:54","slug":"antcube-ant-farm-m-20x10-staende","status":"publish","type":"product","link":"https:\/\/antcube.shop\/sv\/produkt\/antcube-ant-farm-m-20x10-staende\/","title":{"rendered":"ANTCUBE - Myrfarm - M - 20\u00d710 - st\u00e5ende"},"content":{"rendered":"<p><strong>M\u00e5tt (LxBxH):<\/strong><br \/>\nutsida: 232x58x99 mm<br \/>\ninv\u00e4ndigt: 184x10x90 mm<\/p>\n<p><strong>Material:<\/strong><br \/>\nFlytande glas, plast<\/p>\n<p><strong>f\u00e4rg:<\/strong><br \/>\nkristallklart<\/p>\n<p><strong>Inneh\u00e5ll:<\/strong><br \/>\n1x ANTCUBE myrfarm - 10 mm avst\u00e5nd mellan plattorna<br \/>\n1x skydd f\u00f6r myrstack M 20\u00d72<br \/>\n2x pluggar 4 mm<\/p>\n<p><strong>Anslutning:<\/strong><br \/>\n2x 8\/10 x 10mm uttag<br \/>\n2x 4mm h\u00e5l med 4mm pluggar<\/p>\n<p><strong>Beskrivning:<\/strong><br \/>\nDen h\u00e4r helt genomskinliga myrfarmen \u00e4r l\u00e4mplig f\u00f6r M-myrarter.<\/p>\n<p><strong>Anm\u00e4rkningar om produktionen<\/strong><br \/>\nGlaset sk\u00e4rs enligt DIN 1249 med en tolerans p\u00e5 +\/- 1 mm. F\u00f6r extremt sm\u00e5 myrarter \u00e4r det n\u00f6dv\u00e4ndigt med ytterligare flyktskydd.<\/p>\n<p><strong>Anteckningar om g\u00e5rden<\/strong><br \/>\nObservera f\u00f6ljande n\u00e4r du monterar eller tar bort slangar:<br \/>\nOm slangen \u00e4r mycket sv\u00e5r att f\u00e5 p\u00e5 plats p\u00e5 anslutningshylsan, ska hylsan gnuggas l\u00e4tt med en droppe av v\u00e5r olja eller pulver som skyddar mot utbrott. Tryck sedan p\u00e5 slangen p\u00e5 uttaget med vridande eller skruvande r\u00f6relser utan att belasta uttaget med upp- och ned\u00e5tg\u00e5ende r\u00f6relser. Detsamma g\u00e4ller n\u00e4r du tar bort slangarna fr\u00e5n g\u00e5rdsanslutningsuttaget. Dra inte bara av den!<\/p>","protected":false},"excerpt":{"rendered":"<p><strong>Anslutning:<\/strong> Uttag 2x 8\/10 mm + lock Avst\u00e5nd mellan plattor: Insida 10 mm \/ utsida 18 mm<\/p>\n<p><strong>Storlek<\/strong>: M<\/p>","protected":false},"featured_media":9547,"comment_status":"open","ping_status":"closed","template":"","meta":{"_acf_changed":false,"content-type":"","_monsterinsights_skip_tracking":false,"_monsterinsights_sitenote_active":false,"_monsterinsights_sitenote_note":"","_monsterinsights_sitenote_category":0},"product_brand":[],"product_cat":[80,82],"product_tag":[],"class_list":{"0":"post-9217","1":"product","2":"type-product","3":"status-publish","4":"has-post-thumbnail","6":"product_cat-antfarms","7":"product_cat-antfarms-m","9":"first","10":"instock","11":"taxable","12":"shipping-taxable","13":"purchasable","14":"product-type-simple"},"acf":[],"aioseo_notices":[],"jetpack_sharing_enabled":true,"_links":{"self":[{"href":"https:\/\/antcube.shop\/sv\/wp-json\/wp\/v2\/product\/9217","targetHints":{"allow":["GET"]}}],"collection":[{"href":"https:\/\/antcube.shop\/sv\/wp-json\/wp\/v2\/product"}],"about":[{"href":"https:\/\/antcube.shop\/sv\/wp-json\/wp\/v2\/types\/product"}],"replies":[{"embeddable":true,"href":"https:\/\/antcube.shop\/sv\/wp-json\/wp\/v2\/comments?post=9217"}],"wp:featuredmedia":[{"embeddable":true,"href":"https:\/\/antcube.shop\/sv\/wp-json\/wp\/v2\/media\/9547"}],"wp:attachment":[{"href":"https:\/\/antcube.shop\/sv\/wp-json\/wp\/v2\/media?parent=9217"}],"wp:term":[{"taxonomy":"product_brand","embeddable":true,"href":"https:\/\/antcube.shop\/sv\/wp-json\/wp\/v2\/product_brand?post=9217"},{"taxonomy":"product_cat","embeddable":true,"href":"https:\/\/antcube.shop\/sv\/wp-json\/wp\/v2\/product_cat?post=9217"},{"taxonomy":"product_tag","embeddable":true,"href":"https:\/\/antcube.shop\/sv\/wp-json\/wp\/v2\/product_tag?post=9217"}],"curies":[{"name":"wp","href":"https:\/\/api.w.org\/{rel}","templated":true}]}}