{"id":9215,"date":"2024-09-17T14:23:32","date_gmt":"2024-09-17T12:23:32","guid":{"rendered":"https:\/\/antcube.shop\/en\/product\/rote-abdeckplatte-30x30-liegend\/"},"modified":"2026-03-19T18:11:45","modified_gmt":"2026-03-19T17:11:45","slug":"rod-tackplatta-30x30-horisontell","status":"publish","type":"product","link":"https:\/\/antcube.shop\/sv\/produkt\/rod-tackplatta-30x30-horisontell\/","title":{"rendered":"R\u00f6d t\u00e4ckplatta 30\u00d730 - horisontell"},"content":{"rendered":"<p><strong>M\u00e5tt:<\/strong> 280 x 280 mm,<br \/>\nTjocklek: 3 mm<br \/>\n56 mm ytterm\u00e5tt f\u00f6r h\u00e5lring - 33 mm innerm\u00e5tt f\u00f6r h\u00e5l<\/p>\n<p><strong>Material:<\/strong> PMMA<\/p>\n<p><strong>F\u00e4rg:<\/strong> m\u00f6rkr\u00f6d, transparent<\/p>\n<p><strong>Inneh\u00e5ll:<\/strong> 1 st.<\/p>\n<p><strong>Beskrivning:<\/strong> Den r\u00f6da genomskinliga t\u00e4ckplattan - horisontell, anv\u00e4nds f\u00f6r att ge myrorna en underjordisk k\u00e4nsla. Vi rekommenderar d\u00e4rf\u00f6r att du anv\u00e4nder den h\u00e4r produkten \u00e5tminstone delvis i boomr\u00e5det. Du kan till och med se myrorna i boet genom locket.<\/p>\n<p>Denna t\u00e4ckplatta passar perfekt till v\u00e5r \"ANTCUBE - gipsbo 30\u00d730 - horisontell\".<\/p>","protected":false},"excerpt":{"rendered":"<p>M\u00e5tt: 180 x 180 mm 180 x 180 mm, tjocklek: 3 mm 56mm h\u00e5lring ytterm\u00e5tt - 33mm h\u00e5l innerm\u00e5tt Material: PMMA F\u00e4rg: m\u00f6rkr\u00f6d, transparent Inneh\u00e5ll: 1 st. Beskrivning: Den r\u00f6da genomskinliga t\u00e4ckplattan - horisontell, anv\u00e4nds f\u00f6r att ge myrorna en underjordisk k\u00e4nsla. Vi rekommenderar d\u00e4rf\u00f6r att du anv\u00e4nder denna produkt \u00e5tminstone delvis i","protected":false},"featured_media":9552,"comment_status":"open","ping_status":"closed","template":"","meta":{"_acf_changed":false,"content-type":"","_monsterinsights_skip_tracking":false,"_monsterinsights_sitenote_active":false,"_monsterinsights_sitenote_note":"","_monsterinsights_sitenote_category":0},"product_brand":[],"product_cat":[119,239],"product_tag":[],"class_list":{"0":"post-9215","1":"product","2":"type-product","3":"status-publish","4":"has-post-thumbnail","6":"product_cat-formicarium-components","7":"product_cat-useful-additions","9":"first","10":"instock","11":"taxable","12":"shipping-taxable","13":"purchasable","14":"product-type-simple"},"acf":[],"aioseo_notices":[],"jetpack_sharing_enabled":true,"_links":{"self":[{"href":"https:\/\/antcube.shop\/sv\/wp-json\/wp\/v2\/product\/9215","targetHints":{"allow":["GET"]}}],"collection":[{"href":"https:\/\/antcube.shop\/sv\/wp-json\/wp\/v2\/product"}],"about":[{"href":"https:\/\/antcube.shop\/sv\/wp-json\/wp\/v2\/types\/product"}],"replies":[{"embeddable":true,"href":"https:\/\/antcube.shop\/sv\/wp-json\/wp\/v2\/comments?post=9215"}],"wp:featuredmedia":[{"embeddable":true,"href":"https:\/\/antcube.shop\/sv\/wp-json\/wp\/v2\/media\/9552"}],"wp:attachment":[{"href":"https:\/\/antcube.shop\/sv\/wp-json\/wp\/v2\/media?parent=9215"}],"wp:term":[{"taxonomy":"product_brand","embeddable":true,"href":"https:\/\/antcube.shop\/sv\/wp-json\/wp\/v2\/product_brand?post=9215"},{"taxonomy":"product_cat","embeddable":true,"href":"https:\/\/antcube.shop\/sv\/wp-json\/wp\/v2\/product_cat?post=9215"},{"taxonomy":"product_tag","embeddable":true,"href":"https:\/\/antcube.shop\/sv\/wp-json\/wp\/v2\/product_tag?post=9215"}],"curies":[{"name":"wp","href":"https:\/\/api.w.org\/{rel}","templated":true}]}}