{"id":9214,"date":"2024-09-17T14:22:38","date_gmt":"2024-09-17T12:22:38","guid":{"rendered":"https:\/\/antcube.shop\/en\/product\/primatenschadel\/"},"modified":"2026-03-12T15:34:29","modified_gmt":"2026-03-12T14:34:29","slug":"primatskalle","status":"publish","type":"product","link":"https:\/\/antcube.shop\/sv\/produkt\/primatskalle\/","title":{"rendered":"Primatskalle"},"content":{"rendered":"<p><strong>M\u00e5tt:<\/strong> 14x12x12 cm<\/p>\n<p><strong>Beskrivning:<\/strong> Dessa dekorationer av robust syntetiskt harts \u00e4r extremt h\u00e5llbara och kan inte skadas av myror. \u00c4nd\u00e5 ser de mycket naturliga och tilltalande ut.<\/p>\n<p><strong>Observera:<\/strong> Reng\u00f6r under rinnande vatten f\u00f6re anv\u00e4ndning!<\/p>","protected":false},"excerpt":{"rendered":"<p>Dimensioner: 14x12x12 cm<\/p>","protected":false},"featured_media":9664,"comment_status":"open","ping_status":"closed","template":"","meta":{"_acf_changed":false,"content-type":"","_monsterinsights_skip_tracking":false,"_monsterinsights_sitenote_active":false,"_monsterinsights_sitenote_note":"","_monsterinsights_sitenote_category":0},"product_brand":[],"product_cat":[98],"product_tag":[],"class_list":{"0":"post-9214","1":"product","2":"type-product","3":"status-publish","4":"has-post-thumbnail","6":"product_cat-decoration","8":"first","9":"instock","10":"taxable","11":"shipping-taxable","12":"purchasable","13":"product-type-simple"},"acf":[],"aioseo_notices":[],"jetpack_sharing_enabled":true,"_links":{"self":[{"href":"https:\/\/antcube.shop\/sv\/wp-json\/wp\/v2\/product\/9214","targetHints":{"allow":["GET"]}}],"collection":[{"href":"https:\/\/antcube.shop\/sv\/wp-json\/wp\/v2\/product"}],"about":[{"href":"https:\/\/antcube.shop\/sv\/wp-json\/wp\/v2\/types\/product"}],"replies":[{"embeddable":true,"href":"https:\/\/antcube.shop\/sv\/wp-json\/wp\/v2\/comments?post=9214"}],"wp:featuredmedia":[{"embeddable":true,"href":"https:\/\/antcube.shop\/sv\/wp-json\/wp\/v2\/media\/9664"}],"wp:attachment":[{"href":"https:\/\/antcube.shop\/sv\/wp-json\/wp\/v2\/media?parent=9214"}],"wp:term":[{"taxonomy":"product_brand","embeddable":true,"href":"https:\/\/antcube.shop\/sv\/wp-json\/wp\/v2\/product_brand?post=9214"},{"taxonomy":"product_cat","embeddable":true,"href":"https:\/\/antcube.shop\/sv\/wp-json\/wp\/v2\/product_cat?post=9214"},{"taxonomy":"product_tag","embeddable":true,"href":"https:\/\/antcube.shop\/sv\/wp-json\/wp\/v2\/product_tag?post=9214"}],"curies":[{"name":"wp","href":"https:\/\/api.w.org\/{rel}","templated":true}]}}