{"id":9213,"date":"2024-09-17T14:22:15","date_gmt":"2024-09-17T12:22:15","guid":{"rendered":"https:\/\/antcube.shop\/en\/product\/tiger-aloe-10cm\/"},"modified":"2026-04-13T09:32:19","modified_gmt":"2026-04-13T07:32:19","slug":"tigeraloe-10cm","status":"publish","type":"product","link":"https:\/\/antcube.shop\/sv\/produkt\/tigeraloe-10cm\/","title":{"rendered":"Tiger Aloe - 10cm"},"content":{"rendered":"<p><strong>M\u00e5tt:<\/strong> 99 x 95 x 105 mm<\/p>\n<p><strong>Material:<\/strong> polymer betong, lera, plast<\/p>\n<p><strong>F\u00e4rg:<\/strong><br \/>\nBas: gr\u00e5gr\u00f6n<br \/>\nV\u00e4xt: gr\u00f6n med r\u00f6dbruna spetsar<\/p>\n<p><strong>Inneh\u00e5ll:<\/strong> 1 stycke<\/p>\n<p><strong>Beskrivning:<\/strong> Tiger Aloe \u00e4r tillverkad av robust plast och har en bas av syntetiskt harts med stenutseende. Det g\u00f6r den extremt t\u00e5lig och den kan inte skadas av myror.<br \/>\n\u00c4nd\u00e5 ser den mycket naturlig och tilltalande ut och kan enkelt integreras i ett formicarium.<\/p>\n<p><strong>Observera:<\/strong> Reng\u00f6r under rinnande vatten f\u00f6re anv\u00e4ndning!<\/p>","protected":false},"excerpt":{"rendered":"<p>M\u00e5tt: 99 x 95 x 105 mm Material: polymerbetong, lera, plast 99 x 95 x 105 mm Material: polymerbetong, lera, plast F\u00e4rg: Bas: gr\u00e5gr\u00f6n V\u00e4xt: gr\u00f6n med r\u00f6dbruna spetsar Inneh\u00e5ll: 1 styck Beskrivning: Tiger Aloe \u00e4r tillverkad av robust plast och har en bas av syntetisk harts med stenutseende. Det g\u00f6r den extremt t\u00e5lig och den kan inte skadas av myror. \u00c4nd\u00e5 \u00e4r den","protected":false},"featured_media":9662,"comment_status":"open","ping_status":"closed","template":"","meta":{"_acf_changed":false,"content-type":"","_monsterinsights_skip_tracking":false,"_monsterinsights_sitenote_active":false,"_monsterinsights_sitenote_note":"","_monsterinsights_sitenote_category":0},"product_brand":[],"product_cat":[98,99],"product_tag":[],"class_list":{"0":"post-9213","1":"product","2":"type-product","3":"status-publish","4":"has-post-thumbnail","6":"product_cat-decoration","7":"product_cat-desert","9":"first","10":"instock","11":"taxable","12":"shipping-taxable","13":"purchasable","14":"product-type-simple"},"acf":[],"aioseo_notices":[],"jetpack_sharing_enabled":true,"_links":{"self":[{"href":"https:\/\/antcube.shop\/sv\/wp-json\/wp\/v2\/product\/9213","targetHints":{"allow":["GET"]}}],"collection":[{"href":"https:\/\/antcube.shop\/sv\/wp-json\/wp\/v2\/product"}],"about":[{"href":"https:\/\/antcube.shop\/sv\/wp-json\/wp\/v2\/types\/product"}],"replies":[{"embeddable":true,"href":"https:\/\/antcube.shop\/sv\/wp-json\/wp\/v2\/comments?post=9213"}],"wp:featuredmedia":[{"embeddable":true,"href":"https:\/\/antcube.shop\/sv\/wp-json\/wp\/v2\/media\/9662"}],"wp:attachment":[{"href":"https:\/\/antcube.shop\/sv\/wp-json\/wp\/v2\/media?parent=9213"}],"wp:term":[{"taxonomy":"product_brand","embeddable":true,"href":"https:\/\/antcube.shop\/sv\/wp-json\/wp\/v2\/product_brand?post=9213"},{"taxonomy":"product_cat","embeddable":true,"href":"https:\/\/antcube.shop\/sv\/wp-json\/wp\/v2\/product_cat?post=9213"},{"taxonomy":"product_tag","embeddable":true,"href":"https:\/\/antcube.shop\/sv\/wp-json\/wp\/v2\/product_tag?post=9213"}],"curies":[{"name":"wp","href":"https:\/\/api.w.org\/{rel}","templated":true}]}}