{"id":9212,"date":"2024-09-17T14:21:53","date_gmt":"2024-09-17T12:21:53","guid":{"rendered":"https:\/\/antcube.shop\/en\/product\/agave-10cm\/"},"modified":"2026-03-11T13:48:49","modified_gmt":"2026-03-11T12:48:49","slug":"agave-10cm","status":"publish","type":"product","link":"https:\/\/antcube.shop\/sv\/produkt\/agave-10cm\/","title":{"rendered":"Agave - 10cm"},"content":{"rendered":"<p><strong>M\u00e5tt:<\/strong> 104 x 97 x 103 mm<\/p>\n<p><strong>Material:<\/strong> polymer betong, lera, plast<\/p>\n<p><strong>F\u00e4rg:<\/strong><br \/>\nBas: gr\u00e5brun<br \/>\nV\u00e4xt: m\u00f6rkgr\u00f6n-ljusgr\u00f6n med gr\u00e5 kant<\/p>\n<p><strong>Inneh\u00e5ll:<\/strong> 1 stycke<\/p>\n<p><strong>Beskrivning:<\/strong> Den lilla agaven \u00e4r tillverkad av robust plast och har en bas av syntetiskt harts med stenutseende. Detta g\u00f6r den extremt h\u00e5llbar och kan inte skadas av myror.<br \/>\n\u00c4nd\u00e5 ser den mycket naturlig och tilltalande ut och kan enkelt integreras i ett formicarium.<\/p>\n<p><strong>Observera:<\/strong> Reng\u00f6r under rinnande vatten f\u00f6re anv\u00e4ndning!<\/p>","protected":false},"excerpt":{"rendered":"<p>M\u00e5tt: 104 x 97 x 103 mm Material: polymerbetong, lera, plast 104 x 97 x 103 mm Material: polymerbetong, lera, plast F\u00e4rg: Bas: gr\u00e5brun V\u00e4xt: m\u00f6rkgr\u00f6n-ljusgr\u00f6n med gr\u00e5 kant Inneh\u00e5ll: 1 del Beskrivning: Den lilla agaven \u00e4r tillverkad av robust plast och har en bas av syntetiskt harts med stenutseende. Detta g\u00f6r den extremt h\u00e5llbar och kan inte skadas av myror.","protected":false},"featured_media":9659,"comment_status":"open","ping_status":"closed","template":"","meta":{"_acf_changed":false,"content-type":"","_monsterinsights_skip_tracking":false,"_monsterinsights_sitenote_active":false,"_monsterinsights_sitenote_note":"","_monsterinsights_sitenote_category":0},"product_brand":[],"product_cat":[98,99],"product_tag":[],"class_list":{"0":"post-9212","1":"product","2":"type-product","3":"status-publish","4":"has-post-thumbnail","6":"product_cat-decoration","7":"product_cat-desert","9":"first","10":"instock","11":"taxable","12":"shipping-taxable","13":"purchasable","14":"product-type-simple"},"acf":[],"aioseo_notices":[],"jetpack_sharing_enabled":true,"_links":{"self":[{"href":"https:\/\/antcube.shop\/sv\/wp-json\/wp\/v2\/product\/9212","targetHints":{"allow":["GET"]}}],"collection":[{"href":"https:\/\/antcube.shop\/sv\/wp-json\/wp\/v2\/product"}],"about":[{"href":"https:\/\/antcube.shop\/sv\/wp-json\/wp\/v2\/types\/product"}],"replies":[{"embeddable":true,"href":"https:\/\/antcube.shop\/sv\/wp-json\/wp\/v2\/comments?post=9212"}],"wp:featuredmedia":[{"embeddable":true,"href":"https:\/\/antcube.shop\/sv\/wp-json\/wp\/v2\/media\/9659"}],"wp:attachment":[{"href":"https:\/\/antcube.shop\/sv\/wp-json\/wp\/v2\/media?parent=9212"}],"wp:term":[{"taxonomy":"product_brand","embeddable":true,"href":"https:\/\/antcube.shop\/sv\/wp-json\/wp\/v2\/product_brand?post=9212"},{"taxonomy":"product_cat","embeddable":true,"href":"https:\/\/antcube.shop\/sv\/wp-json\/wp\/v2\/product_cat?post=9212"},{"taxonomy":"product_tag","embeddable":true,"href":"https:\/\/antcube.shop\/sv\/wp-json\/wp\/v2\/product_tag?post=9212"}],"curies":[{"name":"wp","href":"https:\/\/api.w.org\/{rel}","templated":true}]}}