{"id":9209,"date":"2024-09-17T14:20:13","date_gmt":"2024-09-17T12:20:13","guid":{"rendered":"https:\/\/antcube.shop\/en\/product\/sumpfpflanze\/"},"modified":"2026-04-02T23:03:13","modified_gmt":"2026-04-02T21:03:13","slug":"traskvaxt","status":"publish","type":"product","link":"https:\/\/antcube.shop\/sv\/produkt\/traskvaxt\/","title":{"rendered":"tr\u00e4skv\u00e4xt"},"content":{"rendered":"<p><strong>M\u00e5tt:<\/strong> ca 90 x 30 x 125 mm<\/p>\n<p><strong>Material:<\/strong> polymer betong, lera, plast<\/p>\n<p><strong>F\u00e4rg:<\/strong><br \/>\nBas: gr\u00f6n, ljusgr\u00e5-m\u00f6rkgr\u00e5<br \/>\nV\u00e4xt: ljusgr\u00f6n-m\u00f6rkgr\u00f6n<\/p>\n<p><strong>Inneh\u00e5ll:<\/strong> 1 st.<\/p>\n<p><strong>Beskrivning:<\/strong> Dessa v\u00e4xter \u00e4r tillverkade av robust plast och har en bas av syntetiskt harts med stenutseende. Detta g\u00f6r dem extremt t\u00e5liga och de kan inte skadas av myror. \u00c4nd\u00e5 ser de mycket naturliga och attraktiva ut och kan enkelt integreras i ett formicarium.<\/p>\n<p><strong>Observera:<\/strong> Reng\u00f6r under rinnande vatten f\u00f6re anv\u00e4ndning!<\/p>","protected":false},"excerpt":{"rendered":"<p>M\u00e5tt: ca 9 x 3 x 12,5 cm<\/p>","protected":false},"featured_media":9362,"comment_status":"open","ping_status":"closed","template":"","meta":{"_acf_changed":false,"content-type":"","_monsterinsights_skip_tracking":false,"_monsterinsights_sitenote_active":false,"_monsterinsights_sitenote_note":"","_monsterinsights_sitenote_category":0},"product_brand":[],"product_cat":[98,100],"product_tag":[],"class_list":{"0":"post-9209","1":"product","2":"type-product","3":"status-publish","4":"has-post-thumbnail","6":"product_cat-decoration","7":"product_cat-rainforest","9":"first","10":"instock","11":"taxable","12":"shipping-taxable","13":"purchasable","14":"product-type-simple"},"acf":[],"aioseo_notices":[],"jetpack_sharing_enabled":true,"_links":{"self":[{"href":"https:\/\/antcube.shop\/sv\/wp-json\/wp\/v2\/product\/9209","targetHints":{"allow":["GET"]}}],"collection":[{"href":"https:\/\/antcube.shop\/sv\/wp-json\/wp\/v2\/product"}],"about":[{"href":"https:\/\/antcube.shop\/sv\/wp-json\/wp\/v2\/types\/product"}],"replies":[{"embeddable":true,"href":"https:\/\/antcube.shop\/sv\/wp-json\/wp\/v2\/comments?post=9209"}],"wp:featuredmedia":[{"embeddable":true,"href":"https:\/\/antcube.shop\/sv\/wp-json\/wp\/v2\/media\/9362"}],"wp:attachment":[{"href":"https:\/\/antcube.shop\/sv\/wp-json\/wp\/v2\/media?parent=9209"}],"wp:term":[{"taxonomy":"product_brand","embeddable":true,"href":"https:\/\/antcube.shop\/sv\/wp-json\/wp\/v2\/product_brand?post=9209"},{"taxonomy":"product_cat","embeddable":true,"href":"https:\/\/antcube.shop\/sv\/wp-json\/wp\/v2\/product_cat?post=9209"},{"taxonomy":"product_tag","embeddable":true,"href":"https:\/\/antcube.shop\/sv\/wp-json\/wp\/v2\/product_tag?post=9209"}],"curies":[{"name":"wp","href":"https:\/\/api.w.org\/{rel}","templated":true}]}}