{"id":9208,"date":"2024-09-17T14:19:38","date_gmt":"2024-09-17T12:19:38","guid":{"rendered":"https:\/\/antcube.shop\/en\/product\/kleines-fettblatt\/"},"modified":"2026-04-13T09:34:47","modified_gmt":"2026-04-13T07:34:47","slug":"liten-fettblad","status":"publish","type":"product","link":"https:\/\/antcube.shop\/sv\/produkt\/liten-fettblad\/","title":{"rendered":"Liten sm\u00f6rblomma"},"content":{"rendered":"<p><strong>M\u00e5tt:<\/strong> ca 70 x 40 x 100 mm<\/p>\n<p><strong>Material:<\/strong> polymer betong, lera, plast<\/p>\n<p><strong>F\u00e4rg:<\/strong><br \/>\nBas: gr\u00f6n, ljusgr\u00e5-m\u00f6rkgr\u00e5<br \/>\nV\u00e4xt: m\u00f6rkgr\u00f6n<\/p>\n<p><strong>Inneh\u00e5ll:<\/strong> 1 st.<\/p>\n<p><strong>Beskrivning:<\/strong> Den lilla sm\u00f6rblomman \u00e4r tillverkad av robust plast och har en bas av syntetiskt harts med stenutseende. Det g\u00f6r den extremt t\u00e5lig och den kan inte skadas av myror. \u00c4nd\u00e5 ser den mycket naturlig och tilltalande ut och kan enkelt integreras i ett formicarium.<\/p>\n<p><strong>Observera:<\/strong> Reng\u00f6r under rinnande vatten f\u00f6re anv\u00e4ndning!<\/p>","protected":false},"excerpt":{"rendered":"<p>M\u00e5tt: ca 7 x 4 x 10 cm<\/p>","protected":false},"featured_media":9360,"comment_status":"open","ping_status":"closed","template":"","meta":{"_acf_changed":false,"content-type":"","_monsterinsights_skip_tracking":false,"_monsterinsights_sitenote_active":false,"_monsterinsights_sitenote_note":"","_monsterinsights_sitenote_category":0},"product_brand":[],"product_cat":[98,102,100],"product_tag":[],"class_list":{"0":"post-9208","1":"product","2":"type-product","3":"status-publish","4":"has-post-thumbnail","6":"product_cat-decoration","7":"product_cat-meadow","8":"product_cat-rainforest","10":"first","11":"outofstock","12":"taxable","13":"shipping-taxable","14":"purchasable","15":"product-type-simple"},"acf":[],"aioseo_notices":[],"jetpack_sharing_enabled":true,"_links":{"self":[{"href":"https:\/\/antcube.shop\/sv\/wp-json\/wp\/v2\/product\/9208","targetHints":{"allow":["GET"]}}],"collection":[{"href":"https:\/\/antcube.shop\/sv\/wp-json\/wp\/v2\/product"}],"about":[{"href":"https:\/\/antcube.shop\/sv\/wp-json\/wp\/v2\/types\/product"}],"replies":[{"embeddable":true,"href":"https:\/\/antcube.shop\/sv\/wp-json\/wp\/v2\/comments?post=9208"}],"wp:featuredmedia":[{"embeddable":true,"href":"https:\/\/antcube.shop\/sv\/wp-json\/wp\/v2\/media\/9360"}],"wp:attachment":[{"href":"https:\/\/antcube.shop\/sv\/wp-json\/wp\/v2\/media?parent=9208"}],"wp:term":[{"taxonomy":"product_brand","embeddable":true,"href":"https:\/\/antcube.shop\/sv\/wp-json\/wp\/v2\/product_brand?post=9208"},{"taxonomy":"product_cat","embeddable":true,"href":"https:\/\/antcube.shop\/sv\/wp-json\/wp\/v2\/product_cat?post=9208"},{"taxonomy":"product_tag","embeddable":true,"href":"https:\/\/antcube.shop\/sv\/wp-json\/wp\/v2\/product_tag?post=9208"}],"curies":[{"name":"wp","href":"https:\/\/api.w.org\/{rel}","templated":true}]}}