{"id":9031,"date":"2024-08-27T16:22:15","date_gmt":"2024-08-27T14:22:15","guid":{"rendered":"https:\/\/antcube.shop\/product\/antcube-digfix-terra-nidum-platte-30x30-l-beige\/"},"modified":"2026-04-15T09:42:19","modified_gmt":"2026-04-15T07:42:19","slug":"antcube-digfix-terra-nidum-platte-30x30-l-beige","status":"publish","type":"product","link":"https:\/\/antcube.shop\/sv\/produkt\/antcube-digfix-terra-nidum-platte-30x30-l-beige\/","title":{"rendered":"ANTCUBE - Digfix Terra nidum-platta 30\u00d730 - L - beige"},"content":{"rendered":"<p><strong>M\u00e5tt:<\/strong> 283x237x19 mm<\/p>\n<p><strong>Material:<\/strong> Gr\u00e4vbart hartsbaserat material<\/p>\n<p><strong>Beskrivning:<\/strong> Terra nidum-plattan (latin f\u00f6r jordn\u00e4ste) av gr\u00e4vbart material passar perfekt f\u00f6r v\u00e5ra ANTCUBE-myrfarmar. Den kan anv\u00e4ndas b\u00e5de torrt och v\u00e5tt. Den \u00e4r ocks\u00e5 l\u00e4mplig f\u00f6r m\u00e5nga myrarter, s\u00e4rskilt f\u00f6r arter som bygger bo i sand och (d\u00f6tt) tr\u00e4. Det kan anv\u00e4ndas ist\u00e4llet f\u00f6r sand\/lerblandningar eller korkboinsatser. F\u00f6rdelen med detta bo \u00e4r att fuktningen av plattan \u00e4r l\u00e4ttare att kontrollera p\u00e5 grund av en tydligt synlig missf\u00e4rgning och f\u00e4rgen p\u00e5 plattan erbjuder en super kontrast till de vanligtvis m\u00f6rkare myrarterna. Dessutom kan de inre rutorna i myrstacken inte smutsas ned med substrat, vilket till exempel \u00e4r fallet med sand\/lerblandningar, vilket m\u00f6jligg\u00f6r en perfekt vy \u00f6ver boet. V\u00e5rt bomaterial har ocks\u00e5 en mycket fastare struktur s\u00e5 att tunnlar och kammare som gr\u00e4vs av myror inte kollapsar.<\/p>\n<p><strong>Observera:<\/strong> Den naturliga f\u00e4rgen kan variera mellan beige\/sand och ljusbrun. F\u00e4rgtonen har ingen inverkan p\u00e5 kvaliteten.<br \/>\nM\u00e5tten kan variera med +\/- 1 mm p\u00e5 grund av tillverkningsprocessen<\/p>","protected":false},"excerpt":{"rendered":"<p>Storlek: <span style=\"color: #0000ff;\"><strong>L<\/strong><\/span><\/p>","protected":false},"featured_media":9037,"comment_status":"open","ping_status":"closed","template":"","meta":{"_acf_changed":false,"content-type":"","_monsterinsights_skip_tracking":false,"_monsterinsights_sitenote_active":false,"_monsterinsights_sitenote_note":"","_monsterinsights_sitenote_category":0},"product_brand":[],"product_cat":[257,87,88],"product_tag":[],"class_list":{"0":"post-9031","1":"product","2":"type-product","3":"status-publish","4":"has-post-thumbnail","6":"product_cat-new-innovatve-products","7":"product_cat-nest-insets","8":"product_cat-digfix","10":"first","11":"instock","12":"taxable","13":"shipping-taxable","14":"purchasable","15":"product-type-simple"},"acf":[],"aioseo_notices":[],"jetpack_sharing_enabled":true,"_links":{"self":[{"href":"https:\/\/antcube.shop\/sv\/wp-json\/wp\/v2\/product\/9031","targetHints":{"allow":["GET"]}}],"collection":[{"href":"https:\/\/antcube.shop\/sv\/wp-json\/wp\/v2\/product"}],"about":[{"href":"https:\/\/antcube.shop\/sv\/wp-json\/wp\/v2\/types\/product"}],"replies":[{"embeddable":true,"href":"https:\/\/antcube.shop\/sv\/wp-json\/wp\/v2\/comments?post=9031"}],"wp:featuredmedia":[{"embeddable":true,"href":"https:\/\/antcube.shop\/sv\/wp-json\/wp\/v2\/media\/9037"}],"wp:attachment":[{"href":"https:\/\/antcube.shop\/sv\/wp-json\/wp\/v2\/media?parent=9031"}],"wp:term":[{"taxonomy":"product_brand","embeddable":true,"href":"https:\/\/antcube.shop\/sv\/wp-json\/wp\/v2\/product_brand?post=9031"},{"taxonomy":"product_cat","embeddable":true,"href":"https:\/\/antcube.shop\/sv\/wp-json\/wp\/v2\/product_cat?post=9031"},{"taxonomy":"product_tag","embeddable":true,"href":"https:\/\/antcube.shop\/sv\/wp-json\/wp\/v2\/product_tag?post=9031"}],"curies":[{"name":"wp","href":"https:\/\/api.w.org\/{rel}","templated":true}]}}