{"id":8975,"date":"2024-08-19T20:52:02","date_gmt":"2024-08-19T18:52:02","guid":{"rendered":"https:\/\/antcube.shop\/product\/abstandshalter-fur-50mm-rohr\/"},"modified":"2026-01-12T12:40:38","modified_gmt":"2026-01-12T11:40:38","slug":"distans-for-50-mm-ror","status":"publish","type":"product","link":"https:\/\/antcube.shop\/sv\/produkt\/distans-for-50-mm-ror\/","title":{"rendered":"Distans f\u00f6r 50 mm r\u00f6r"},"content":{"rendered":"<p><strong>Produktens m\u00e5tt:<\/strong> 49x19x8 mm (distansbricka)<\/p>\n<p><strong>Material:<\/strong> Akrylglas, fj\u00e4derst\u00e5l<\/p>\n<p><strong>F\u00e4rg:<\/strong> vit, st\u00e5lgr\u00e5<\/p>\n<p><strong>Inneh\u00e5ll:<\/strong><br \/>\n1x distansbricka<br \/>\n1x kl\u00e4mh\u00e5llare - fj\u00e4derst\u00e5l f\u00f6r 50 mm<br \/>\n2x skruv och plugg f\u00f6r v\u00e4ggmontering<br \/>\n2x sm\u00e5 skruvar f\u00f6r att f\u00e4sta kl\u00e4mh\u00e5llaren p\u00e5 distansen<\/p>\n<p><strong>Beskrivning:<\/strong><br \/>\nDistanser f\u00f6r att f\u00e4sta akrylr\u00f6r p\u00e5 v\u00e4ggen. Dessa har utvecklats f\u00f6r att ansluta v\u00e5ra v\u00e4ggarenor och v\u00e4ggg\u00e5rdar till varandra eller till andra element via akrylr\u00f6r. Detta \u00f6verbryggar gapet mellan v\u00e4ggen och akrylr\u00f6ren och g\u00f6r det m\u00f6jligt att f\u00e4sta akrylr\u00f6ren s\u00e4kert, stadigt och visuellt tilltalande med kl\u00e4mh\u00e5llare.<\/p>\n<p><strong>Observera:<\/strong><br \/>\nLevereras i separata delar och m\u00e5ste monteras med en stj\u00e4rnskruvmejsel<br \/>\nDet finns tunna skyddsfilmer p\u00e5 b\u00e5da sidor av distansh\u00e5llaren. Dra helt enkelt bort dessa.<\/p>\n<p><strong>F\u00e4stning:<\/strong><br \/>\nF\u00f6r att f\u00e4sta de 2 v\u00e4ggpluggarna \"S6\" i v\u00e4ggen beh\u00f6ver du en borr med ett 6 mm borr (tr\u00e4, sten eller metall beroende p\u00e5 material).<br \/>\n40 mm djupa h\u00e5l m\u00e5ste borras i v\u00e4ggen f\u00f6r att kunna f\u00f6rs\u00e4nka de 6x30 mm dymlingarna med 4,5x40 mm skruvarna.<br \/>\n<strong>Kr\u00e4vs f\u00f6r montering:<\/strong><br \/>\n- Andningsniv\u00e5<br \/>\n- Sj\u00e4lvh\u00e4ftande tejp s\u00e5 att du inte beh\u00f6ver markera v\u00e4ggen nedanf\u00f6r.<br \/>\n- Phillips-skruvmejsel<br \/>\n- Borrmaskin\/skruvdragare beroende p\u00e5 v\u00e4gg<br \/>\n- 6 mm borrkrona (tr\u00e4, sten eller metall beroende p\u00e5 ytan)<\/p>","protected":false},"excerpt":{"rendered":"<p>Produktens m\u00e5tt: 49x19x8mm (distans) Material: akrylglas, fj\u00e4derst\u00e5l F\u00e4rg: vit, st\u00e5lgr\u00e5 Inneh\u00e5ll: 1x distansbricka 1x kl\u00e4mh\u00e5llare - fj\u00e4derst\u00e5l f\u00f6r 50 mm 2x skruv och plugg f\u00f6r v\u00e4ggmontering 2x liten skruv f\u00f6r att f\u00e4sta kl\u00e4mh\u00e5llaren p\u00e5 distansbrickan Beskrivning: Distanser f\u00f6r att f\u00e4sta akrylr\u00f6r p\u00e5 v\u00e4ggen. Dessa har utvecklats f\u00f6r att [...]","protected":false},"featured_media":8988,"comment_status":"open","ping_status":"closed","template":"","meta":{"_acf_changed":false,"content-type":"","_monsterinsights_skip_tracking":false,"_monsterinsights_sitenote_active":false,"_monsterinsights_sitenote_note":"","_monsterinsights_sitenote_category":0},"product_brand":[],"product_cat":[345,119,120],"product_tag":[],"class_list":{"0":"post-8975","1":"product","2":"type-product","3":"status-publish","4":"has-post-thumbnail","6":"product_cat-pipe-connectors","7":"product_cat-formicarium-components","8":"product_cat-hoses","10":"first","11":"instock","12":"taxable","13":"shipping-taxable","14":"purchasable","15":"product-type-simple"},"acf":[],"aioseo_notices":[],"jetpack_sharing_enabled":true,"_links":{"self":[{"href":"https:\/\/antcube.shop\/sv\/wp-json\/wp\/v2\/product\/8975","targetHints":{"allow":["GET"]}}],"collection":[{"href":"https:\/\/antcube.shop\/sv\/wp-json\/wp\/v2\/product"}],"about":[{"href":"https:\/\/antcube.shop\/sv\/wp-json\/wp\/v2\/types\/product"}],"replies":[{"embeddable":true,"href":"https:\/\/antcube.shop\/sv\/wp-json\/wp\/v2\/comments?post=8975"}],"wp:featuredmedia":[{"embeddable":true,"href":"https:\/\/antcube.shop\/sv\/wp-json\/wp\/v2\/media\/8988"}],"wp:attachment":[{"href":"https:\/\/antcube.shop\/sv\/wp-json\/wp\/v2\/media?parent=8975"}],"wp:term":[{"taxonomy":"product_brand","embeddable":true,"href":"https:\/\/antcube.shop\/sv\/wp-json\/wp\/v2\/product_brand?post=8975"},{"taxonomy":"product_cat","embeddable":true,"href":"https:\/\/antcube.shop\/sv\/wp-json\/wp\/v2\/product_cat?post=8975"},{"taxonomy":"product_tag","embeddable":true,"href":"https:\/\/antcube.shop\/sv\/wp-json\/wp\/v2\/product_tag?post=8975"}],"curies":[{"name":"wp","href":"https:\/\/api.w.org\/{rel}","templated":true}]}}