{"id":8970,"date":"2024-08-19T20:48:32","date_gmt":"2024-08-19T18:48:32","guid":{"rendered":"https:\/\/antcube.shop\/product\/wand-formicarien-set\/"},"modified":"2026-03-04T17:24:31","modified_gmt":"2026-03-04T16:24:31","slug":"vaggmonterad-formicariumuppsattning","status":"publish","type":"product","link":"https:\/\/antcube.shop\/sv\/produkt\/vaggmonterad-formicariumuppsattning\/","title":{"rendered":"V\u00e4ggmonterad formicariumupps\u00e4ttning"},"content":{"rendered":"<p><strong>Inkluderar:<\/strong><br \/>\n1x V\u00e4ggmonterad myrarena - 30x15x15<br \/>\n1x v\u00e4ggmonterad myrfarm - L - 30\u00d730 - glas<br \/>\n1x ram f\u00f6r myrarena 30\u00d715<br \/>\n1x skydd f\u00f6r myrarena 30\u00d715<\/p>\n<p>3x r\u00f6rkoppling kristallklar f\u00f6r 20mm - L<br \/>\n1x r\u00f6rkoppling kristallklar f\u00f6r 20 mm - I<br \/>\n1x bass\u00e4nganslutning 3\/4\u2033 till 20mm - kristallklar<br \/>\n1x myrr\u00f6r - kristallklart 20 mm (3x3 cm och 1x30 cm)<br \/>\n1x distansbricka med 20 mm kl\u00e4mh\u00e5llare<br \/>\n1x gallerlock - 16mm - rostfritt st\u00e5l<br \/>\n2x Grid insert acrylic &#8211; 50 mm with sealing ring<br \/>\n1x Grid insert acrylic &#8211; 27 mm with sealing ring<br \/>\n1x formicariummutter 3\/4 tum - kristallklar<br \/>\n8x gummiinsats f\u00f6r borrh\u00e5l som skydd<br \/>\n8x brickor<br \/>\ninkl. 8x skruvar och pluggar<\/p>\n<p><strong>Beskrivning:<\/strong><br \/>\nDetta v\u00e4ggmonterade formicariumset har utvecklats f\u00f6r v\u00e4ggmontering och \u00e4r enkelt att installera p\u00e5 tr\u00e4- och stenv\u00e4ggar. B\u00e5de arenan och myrfarmen \u00e4r helt genomskinliga, vilket ger en god \u00f6verblick \u00f6ver boet. Myrorna kan anv\u00e4nda antingen sand och lera eller n\u00e5gon av v\u00e5ra matchande kork- eller Digfix-insatser som boplatsmaterial. F\u00f6r att ansluta myrfarmen och arenan har vi inkluderat akrylr\u00f6r i r\u00e4tt storlek i setet. Skruvar och pluggar f\u00f6r att f\u00e4sta i v\u00e4ggen ing\u00e5r ocks\u00e5 i setet.<\/p>\n<p><strong>Installationsanvisningar:<\/strong><\/p>\n<p><strong>Eftersom glasskivan \u00e4r en bakre v\u00e4gg m\u00e5ste v\u00e4ggen under vara helt rak.<\/strong><br \/>\nF\u00f6r att f\u00e4sta de 8 \"S6\"-pluggarna i v\u00e4ggen beh\u00f6ver du en borr med ett 6 mm borr (tr\u00e4, sten eller metall beroende p\u00e5 material). 45 mm djupa h\u00e5l m\u00e5ste borras i v\u00e4ggen f\u00f6r att f\u00f6rs\u00e4nka de 6x30 mm dymlingarna med de 4,5x40 mm skruvarna.<br \/>\n<strong>Kr\u00e4vs f\u00f6r montering:<\/strong><br \/>\n- vattenpass<br \/>\n- Sj\u00e4lvh\u00e4ftande tejp f\u00f6r att undvika att beh\u00f6va markera p\u00e5 v\u00e4ggen nedanf\u00f6r.<br \/>\n- Phillips-skruvmejsel<br \/>\n- Borrmaskin\/skruvdragare beroende p\u00e5 v\u00e4gg<br \/>\n- 6 mm borrkrona (tr\u00e4, sten eller metall beroende p\u00e5 ytan)<br \/>\n- Det \u00e4r ocks\u00e5 bra att g\u00f6ra en mall f\u00f6r borrh\u00e5len av ett pappersark. Placera det under bakv\u00e4ggen och markera h\u00e5len.<\/p>\n<p><strong>Detaljer om myrfarmen:<\/strong><br \/>\nM\u00e5tt (LxH):<br \/>\nBakre v\u00e4gg (6 mm tjock): 400x293mm<\/p>\n<p>Utv\u00e4ndigt (utan bakstycke)<br \/>\n334x28x296mm<\/p>\n<p>Insidan<br \/>\n284x20x290 mm<\/p>\n<p><strong>Material:<\/strong><br \/>\nFlytande glas<\/p>\n<p><strong>f\u00e4rg:<\/strong><br \/>\nkristallklart<\/p>\n<p><strong>Detaljer om myrarenan:<\/strong><br \/>\nM\u00e5tt (LxBxH):<br \/>\nBakre v\u00e4gg (6 mm): 400x150mm<\/p>\n<p>Arena (utan bakv\u00e4gg): 300x146x150mm<\/p>\n<p><strong>material:<\/strong><br \/>\nFlytande glas<\/p>\n<p><strong>F\u00e4rg:<\/strong><br \/>\nkristallklart<\/p>\n<p><strong>M\u00e5tt (LxBxH):<\/strong><br \/>\nBakre v\u00e4gg (6 mm): 400x150mm<\/p>\n<p>Arena (utan bakpanel): 300x146x150mm<\/p>\n<p><strong>material:<\/strong><br \/>\nFlytande glas<\/p>\n<p><strong>F\u00e4rg:<\/strong><br \/>\nkristallklart<\/p>\n<p><strong>Anm\u00e4rkningar om produktionen<\/strong><br \/>\nGlaset sk\u00e4rs till i enlighet med DIN 1249 med en tolerans p\u00e5 +\/- 1 mm. Ytterligare utbrytningsskydd \u00e4r n\u00f6dv\u00e4ndigt f\u00f6r extremt sm\u00e5 myrarter.<br \/>\nEftersom v\u00e5ra produkter tillverkas f\u00f6r hand kan minimala avvikelser f\u00f6rekomma trots st\u00f6rsta m\u00f6jliga omsorg.<\/p>\n<p><strong>Anteckningar om g\u00e5rden<\/strong><br \/>\n<strong>Observera f\u00f6ljande n\u00e4r du monterar eller tar bort slangar:<\/strong><br \/>\nOm slangen \u00e4r mycket sv\u00e5r att f\u00e5 p\u00e5 plats p\u00e5 anslutningshylsan, ska hylsan gnuggas l\u00e4tt med en droppe av v\u00e5r olja eller pulver som skyddar mot utbrott. Tryck sedan p\u00e5 slangen p\u00e5 uttaget med vridande eller skruvande r\u00f6relser utan att belasta uttaget med upp- och ned\u00e5tg\u00e5ende r\u00f6relser. Detsamma g\u00e4ller n\u00e4r du tar bort slangarna fr\u00e5n g\u00e5rdsanslutningsuttaget. Dra inte bara av den!<\/p>","protected":false},"excerpt":{"rendered":"<p>Denna upps\u00e4ttning best\u00e5r av 21 delar<\/p>\n<p>Storlek: <span style=\"color: #0000ff;\"><strong>L<\/strong> <\/span><\/p>","protected":false},"featured_media":8995,"comment_status":"open","ping_status":"closed","template":"","meta":{"_acf_changed":false,"content-type":"","_monsterinsights_skip_tracking":false,"_monsterinsights_sitenote_active":false,"_monsterinsights_sitenote_note":"","_monsterinsights_sitenote_category":0},"product_brand":[],"product_cat":[257,73,86],"product_tag":[],"class_list":{"0":"post-8970","1":"product","2":"type-product","3":"status-publish","4":"has-post-thumbnail","6":"product_cat-new-innovatve-products","7":"product_cat-starter-sets","8":"product_cat-formicariums","10":"first","11":"instock","12":"taxable","13":"shipping-taxable","14":"purchasable","15":"product-type-simple"},"acf":[],"aioseo_notices":[],"jetpack_sharing_enabled":true,"_links":{"self":[{"href":"https:\/\/antcube.shop\/sv\/wp-json\/wp\/v2\/product\/8970","targetHints":{"allow":["GET"]}}],"collection":[{"href":"https:\/\/antcube.shop\/sv\/wp-json\/wp\/v2\/product"}],"about":[{"href":"https:\/\/antcube.shop\/sv\/wp-json\/wp\/v2\/types\/product"}],"replies":[{"embeddable":true,"href":"https:\/\/antcube.shop\/sv\/wp-json\/wp\/v2\/comments?post=8970"}],"wp:featuredmedia":[{"embeddable":true,"href":"https:\/\/antcube.shop\/sv\/wp-json\/wp\/v2\/media\/8995"}],"wp:attachment":[{"href":"https:\/\/antcube.shop\/sv\/wp-json\/wp\/v2\/media?parent=8970"}],"wp:term":[{"taxonomy":"product_brand","embeddable":true,"href":"https:\/\/antcube.shop\/sv\/wp-json\/wp\/v2\/product_brand?post=8970"},{"taxonomy":"product_cat","embeddable":true,"href":"https:\/\/antcube.shop\/sv\/wp-json\/wp\/v2\/product_cat?post=8970"},{"taxonomy":"product_tag","embeddable":true,"href":"https:\/\/antcube.shop\/sv\/wp-json\/wp\/v2\/product_tag?post=8970"}],"curies":[{"name":"wp","href":"https:\/\/api.w.org\/{rel}","templated":true}]}}