{"id":8968,"date":"2024-08-19T20:47:21","date_gmt":"2024-08-19T18:47:21","guid":{"rendered":"https:\/\/antcube.shop\/product\/wand-ameisenfarm-l-30x30-glas\/"},"modified":"2026-01-12T12:39:31","modified_gmt":"2026-01-12T11:39:31","slug":"vagg-myrstack-l-30x30-glas","status":"publish","type":"product","link":"https:\/\/antcube.shop\/sv\/produkt\/vagg-myrstack-l-30x30-glas\/","title":{"rendered":"V\u00e4ggmyrfarm - L - 30\u00d730 - Glas"},"content":{"rendered":"<p><strong>M\u00e5tt (LxH):<\/strong><br \/>\nBakre v\u00e4gg (6 mm tjock) : 400x293mm<\/p>\n<p>Utv\u00e4ndigt (utan bakstycke)<br \/>\n334x28x296mm<\/p>\n<p>Insidan<br \/>\n284x20x290 mm<\/p>\n<p><strong>Material:<\/strong><br \/>\nFlytande glas<\/p>\n<p><strong>F\u00e4rg:<\/strong><br \/>\nkristallklart<\/p>\n<p><strong>Inneh\u00e5ll:<\/strong><br \/>\nV\u00e4ggmyrfarm - L - 30\u00d730 - Glas<br \/>\n1x t\u00e4cka myrfarm<br \/>\n4x gummiinsats f\u00f6r borrh\u00e5l som skydd<br \/>\n4x bricka f\u00f6r borrh\u00e5l<br \/>\n4x pluggar och skruvar<\/p>\n<p><strong>Anslutning:<\/strong><br \/>\n2x 14\/16\/18\/20 x 20 mm uttag<\/p>\n<p>14\/10-slangen \u00e4r ordentligt inf\u00f6rd i 14 mm-uttaget<br \/>\n20\/16-slangen \u00e4r ordentligt f\u00e4st vid det f\u00f6rsta 16 mm-steget<\/p>\n<p><strong>Beskrivning:<\/strong><br \/>\nDenna myrfarm har utvecklats f\u00f6r v\u00e4ggmontering och \u00e4r l\u00e4tt att installera p\u00e5 tr\u00e4- och stenv\u00e4ggar. Den \u00e4r helt genomskinlig och ger en bra sikt in i boet. Som boplatsmaterial f\u00f6r myrorna kan man anv\u00e4nda sand och lera eller en av v\u00e5ra matchande boinsatser av kork eller Digfix. Dessutom kan antingen en slang, ett genomskinligt akrylr\u00f6r eller \"myrtrappan\" anslutas till sidoanslutningsuttagen. Vi erbjuder ocks\u00e5 v\u00e4ggmyror i storlekarna 30\u00d715 eller 30\u00d730 f\u00f6r att matcha v\u00e4ggmyrfarmen.<\/p>\n<p><strong>Installationsanvisningar:<\/strong><br \/>\n<strong>Eftersom glasskivan \u00e4r en bakre v\u00e4gg m\u00e5ste v\u00e4ggen under vara helt rak.<\/strong><br \/>\nF\u00f6r att f\u00e4sta de 4 \"S6\"-pluggarna i v\u00e4ggen beh\u00f6ver du en borr med ett 6 mm borr (tr\u00e4, sten eller metall beroende p\u00e5 material).<br \/>\n45 mm djupa h\u00e5l m\u00e5ste borras i v\u00e4ggen f\u00f6r att f\u00f6rs\u00e4nka de 6x30 mm dymlingarna med de 4,5x40 mm skruvarna.<br \/>\n<strong>Kr\u00e4vs f\u00f6r montering:<\/strong><br \/>\n- vattenpass<br \/>\n- Sj\u00e4lvh\u00e4ftande tejp f\u00f6r att undvika att beh\u00f6va markera p\u00e5 v\u00e4ggen nedanf\u00f6r.<br \/>\n- Phillips-skruvmejsel<br \/>\n- Borrmaskin\/skruvdragare beroende p\u00e5 v\u00e4gg<br \/>\n- 6 mm borrkrona (tr\u00e4, sten eller metall beroende p\u00e5 ytan)<br \/>\n- Det \u00e4r ocks\u00e5 bra att g\u00f6ra en mall f\u00f6r borrh\u00e5len av ett pappersark. Placera det under bakv\u00e4ggen och markera h\u00e5len.<\/p>\n<p><strong>Anm\u00e4rkningar om produktionen<\/strong><br \/>\nGlaset sk\u00e4rs enligt DIN 1249 med en tolerans p\u00e5 +\/- 1 mm. F\u00f6r extremt sm\u00e5 myrarter \u00e4r det n\u00f6dv\u00e4ndigt med ytterligare flyktskydd.<br \/>\nEftersom v\u00e5ra produkter tillverkas f\u00f6r hand kan minimala avvikelser f\u00f6rekomma trots st\u00f6rsta m\u00f6jliga omsorg.<\/p>\n<p><strong>Anteckningar om g\u00e5rden<\/strong><br \/>\nObservera f\u00f6ljande n\u00e4r du monterar eller tar bort slangar:<br \/>\nOm slangen \u00e4r mycket sv\u00e5r att f\u00e5 p\u00e5 plats p\u00e5 anslutningshylsan, ska hylsan gnuggas l\u00e4tt med en droppe av v\u00e5r olja eller pulver som skyddar mot utbrott. Tryck sedan p\u00e5 slangen p\u00e5 uttaget med vridande eller skruvande r\u00f6relser utan att belasta uttaget med upp- och ned\u00e5tg\u00e5ende r\u00f6relser. Detsamma g\u00e4ller n\u00e4r du tar bort slangarna fr\u00e5n g\u00e5rdsanslutningsuttaget. Dra inte bara av den!<\/p>","protected":false},"excerpt":{"rendered":"<p>Anslutning: Uttag 2x 14\/16 x 20mm; Avst\u00e5nd mellan plattor: Insida 20 mm<\/p>\n<p>Storlek: <span style=\"color: #0000ff;\"><strong>L<\/strong> <\/span><\/p>","protected":false},"featured_media":8997,"comment_status":"open","ping_status":"closed","template":"","meta":{"_acf_changed":false,"content-type":"","_monsterinsights_skip_tracking":false,"_monsterinsights_sitenote_active":false,"_monsterinsights_sitenote_note":"","_monsterinsights_sitenote_category":0},"product_brand":[],"product_cat":[257,80,83,86],"product_tag":[],"class_list":{"0":"post-8968","1":"product","2":"type-product","3":"status-publish","4":"has-post-thumbnail","6":"product_cat-new-innovatve-products","7":"product_cat-antfarms","8":"product_cat-antfarms-l","9":"product_cat-formicariums","11":"first","12":"instock","13":"taxable","14":"shipping-taxable","15":"purchasable","16":"product-type-simple"},"acf":[],"aioseo_notices":[],"jetpack_sharing_enabled":true,"_links":{"self":[{"href":"https:\/\/antcube.shop\/sv\/wp-json\/wp\/v2\/product\/8968","targetHints":{"allow":["GET"]}}],"collection":[{"href":"https:\/\/antcube.shop\/sv\/wp-json\/wp\/v2\/product"}],"about":[{"href":"https:\/\/antcube.shop\/sv\/wp-json\/wp\/v2\/types\/product"}],"replies":[{"embeddable":true,"href":"https:\/\/antcube.shop\/sv\/wp-json\/wp\/v2\/comments?post=8968"}],"wp:featuredmedia":[{"embeddable":true,"href":"https:\/\/antcube.shop\/sv\/wp-json\/wp\/v2\/media\/8997"}],"wp:attachment":[{"href":"https:\/\/antcube.shop\/sv\/wp-json\/wp\/v2\/media?parent=8968"}],"wp:term":[{"taxonomy":"product_brand","embeddable":true,"href":"https:\/\/antcube.shop\/sv\/wp-json\/wp\/v2\/product_brand?post=8968"},{"taxonomy":"product_cat","embeddable":true,"href":"https:\/\/antcube.shop\/sv\/wp-json\/wp\/v2\/product_cat?post=8968"},{"taxonomy":"product_tag","embeddable":true,"href":"https:\/\/antcube.shop\/sv\/wp-json\/wp\/v2\/product_tag?post=8968"}],"curies":[{"name":"wp","href":"https:\/\/api.w.org\/{rel}","templated":true}]}}