{"id":8853,"date":"2024-08-01T15:35:42","date_gmt":"2024-08-01T13:35:42","guid":{"rendered":"https:\/\/antcube.shop\/product\/bundle-offer-pseudoneoponera-rufipes\/"},"modified":"2025-10-19T16:10:44","modified_gmt":"2025-10-19T14:10:44","slug":"paketerbjudande-pseudoneoponera-rufipes","status":"publish","type":"product","link":"https:\/\/antcube.shop\/sv\/produkt\/paketerbjudande-pseudoneoponera-rufipes\/","title":{"rendered":"Paketerbjudande - Pseudoneoponera rufipes"},"content":{"rendered":"<p><span data-text-color=\"secondary\"><strong>Paketerbjudande inklusive en myrkoloni Pseudoneoponera rufipes (drottning med 11-25 arbetare + yngel)<\/strong><\/span><\/p>\n<p><span data-text-color=\"alert\"><strong>Endast s\u00e5 l\u00e4nge lagret r\u00e4cker.<\/strong><\/span><\/p>\n<p><span data-text-color=\"alert\"><strong>Frakt endast m\u00f6jlig via GO! inom Tyskland.<\/strong><\/span><\/p>\n<p><strong>Allt du beh\u00f6ver f\u00f6r ett Pseudoneoponera rufipes-myrsamh\u00e4lle:<\/strong><br \/>\nDet h\u00e4r paketet inneh\u00e5ller allt du beh\u00f6ver f\u00f6r att framg\u00e5ngsrikt f\u00e5 en Pseudoneoponera rufipes-koloni genom sina f\u00f6rsta m\u00e5nader. Det \u00e4r flexibelt expanderbart och har testats under flera \u00e5r med denna myrart.<\/p>\n<p><strong>Myrarten Pseudoneoponera rufipes:<\/strong><br \/>\nPseudoneoponera rufipes \u00e4r en stor myrart fr\u00e5n Sydostasien. D\u00e4r bygger de vanligtvis bo i lerig jord och ibland \u00e4ven p\u00e5 tr\u00e4d. P\u00e5 grund av sitt ursprung i tropiska regioner \u00f6vervintrar de inte. Deras kolonier n\u00e5r en maximal storlek p\u00e5 flera hundra djur, men vanligtvis inte mer \u00e4n 200.<\/p>\n<p>De ser relativt tr\u00f6ga ut under dagen, eftersom de \u00e4r mer aktiva p\u00e5 natten och i skymningen. Men de \u00e4r ocks\u00e5 aktiva under dagen och deras tysta beteende g\u00f6r det till en speciell upplevelse att observera dem. Som en f\u00f6rsvarsmekanism t\u00e4cker de sina fiender med en skumliknande f\u00f6rsvarssekretion.<\/p>\n<p><strong>Bo f\u00f6r Pseudoneoponera rufipes:<\/strong><br \/>\nEftersom de vanligtvis bygger bo i lerig jord i de tropiska regnskogarna i Sydostasien i naturen har vi valt en XL-myrfarm med regnskogsjord.<\/p>\n<p><strong>F\u00f6da f\u00f6r Pseudoneoponera rufipes:<\/strong><br \/>\nVi har inkluderat v\u00e5ra hela blancherade syrsor och honungsdaggsmix som mat i detta set. B\u00e5da accepteras mycket v\u00e4l av Pseudoneoponera rufipes och st\u00f6der en naturlig och positiv utveckling av kolonin p\u00e5 grund av de n\u00e4rings\u00e4mnen de inneh\u00e5ller.<\/p>\n<p><strong>De optimala klimatf\u00f6rh\u00e5llandena f\u00f6r Pseudoneoponera rufipes \u00e4r f\u00f6ljande:<\/strong><br \/>\nLuftfuktighet:<br \/>\nArena: 60 - 70% H\u00e4ckningsomr\u00e5de: 60 - 80%<br \/>\nTemperatur:<br \/>\nArena: 21 - 30\u00b0C Nestomr\u00e5det: 24 - 28\u00b0C<\/p>\n<p><strong>Inneh\u00e5ll:<\/strong><br \/>\n1x Pseudoneoponera rufipes (drottning + 11-25 arbetare + yngel)<\/p>\n<p>1x honeydew mix (HT) - refillf\u00f6rpackning 10ml<br \/>\n1x hel blancherad syrsa 10g<br \/>\n1x arenastativ 20\u00d720<br \/>\n1x formicariumbas - 20\u00d76<\/p>\n<p>1x ANTCUBE - Arena 20x20x10 - platt<br \/>\n2x ANTCUBE - Myrfarm - L - 20\u00d720 - st\u00e5ende<br \/>\n1x ram f\u00f6r myrarena 20\u00d720<br \/>\n1x skydd f\u00f6r myrarena 20\u00d720<br \/>\n4x f\u00e4stpunkt f\u00f6r arena\u00f6verdrag<\/p>\n<p>1x 0,5 m transparent slang 20\/16 mm<br \/>\n2x slanganslutning 27 mm -14,16,20 mm - transparent<br \/>\n1x sj\u00e4lvh\u00e4ftande kl\u00e4mmor - transparent 2 st.<br \/>\n2x ANTCUBE - R\u00f6d folie 20\u00d720 - filter<\/p>\n<p>2x substrat - regnskog - 1 kg<br \/>\n1x foto baksida - regnskog - 20\u00d710<\/p>\n<p>2x gitterinsats - 50mm - rostfritt st\u00e5l<br \/>\n2x gallerinsats - 27mm - rostfritt st\u00e5l<\/p>\n<p>Mini termisk hygrometer analog - display - h\u00e4ngande<br \/>\n1x pincett av fj\u00e4derst\u00e5l bred - mjuk<br \/>\n1x plastpincett standard<br \/>\n1x plastpipett 3ml<br \/>\n1x Olja f\u00f6r skydd mot utbrott av myra 10 ml<br \/>\n1x dricktr\u00e5g 2ml - 360 grader<br \/>\n1x sk\u00e5l klar 1\u00d720 - svamp<br \/>\n1x dricksvatten klart 20ml - svamp<br \/>\n1x Handf\u00f6rstoringsglas - 2x - 30mm<br \/>\n1x skumtorkare 150x18x2.5mm<\/p>\n<p><strong>Beskrivning:<\/strong><br \/>\nDetta expanderbara startset f\u00f6r Pseudoneoponera rufipes inneh\u00e5ller inte bara det optimalt anpassade formicariumet utan \u00e4ven l\u00e4mpliga tillbeh\u00f6r f\u00f6r att h\u00e5lla denna myrart. \"Drinker clear 20ml - sponge\" \u00e4r avsedd f\u00f6r vatten, \"drinker 2ml - 360 degree\" f\u00f6r honungsdaggsblandningen.<\/p>\n<p><span data-text-color=\"alert\"><strong>Viktigt:<\/strong><\/span> V\u00e4nligen fukta substratet f\u00f6re anv\u00e4ndning s\u00e5 att blandningen kan bindas och f\u00e5 ett fast grepp i myrstacken. Ett torrt och dammigt substrat kan dessutom leda till att myrornas luftv\u00e4gar blockeras och i v\u00e4rsta fall att djuren kv\u00e4vs.<\/p>\n<p><strong>Anm\u00e4rkningar om produktionen<\/strong><br \/>\nGlaset sk\u00e4rs till i enlighet med DIN 1249 med en tolerans p\u00e5 +\/- 1 mm. Ytterligare utbrytningsskydd \u00e4r n\u00f6dv\u00e4ndigt f\u00f6r extremt sm\u00e5 myrarter.<\/p>\n<p><strong>Anm\u00e4rkning om de blancherade syrsorna:<\/strong><br \/>\nV\u00e5ra blancherade syrsor \u00e4r ett enkelt s\u00e4tt att f\u00f6rse dina myror med f\u00e4rskt konserverat proteinfoder utan att beh\u00f6va mata levande insekter. De ing\u00e5ende syrsorna (Acheta domesticus) har blancherats f\u00f6rsiktigt f\u00f6r att s\u00e4kerst\u00e4lla att n\u00e4ringsv\u00e4rden, smak och arom bibeh\u00e5lls. Dessutom mjukas insekternas kitinskal upp p\u00e5 detta s\u00e4tt s\u00e5 att det kan sm\u00e4ltas l\u00e4ttare. Bindningarna i kollagenproteinerna bryts ned s\u00e5 att myrorna kan utnyttja dem b\u00e4ttre. Acheta domesticus p\u00e5 burk har samma n\u00e4ringsv\u00e4rde som levande syrsor, men \u00e4r l\u00e4ttare att sm\u00e4lta.<\/p>\n<p>De blancherade syrsorna \u00e4r inte l\u00e4mpliga f\u00f6r jakt p\u00e5 myrarter som kr\u00e4ver levande f\u00f6da. (t.ex. poneriner (stora myror) som Harpegnathos eller Odontomachus)<\/p>\n<p><strong>Ytterligare f\u00f6rdelar:<\/strong><br \/>\nGaranterat fri fr\u00e5n kvalster<br \/>\nKan portioneras<br \/>\nSteriliserad och vakuumbehandlad<br \/>\nUtan tillsatser<br \/>\nSyrsor fr\u00e5n h\u00e5llbar rent ekologisk uppf\u00f6dning, matade med organiskt avfall<\/p>\n<p><strong>V\u00e4nligen observera:<\/strong><br \/>\nKan f\u00f6rvaras i kylsk\u00e5p i ca fyra dagar efter \u00f6ppnandet. L\u00e4ngre h\u00e5llbarhet om den fryses.<\/p>\n<p><strong>Anm\u00e4rkning om honungsdagg:<\/strong><br \/>\nInneh\u00e5ll: 10 ml<br \/>\nDetta \u00e4r en naturlig produkt som vi har f\u00f6rfinat efter omfattande tester i v\u00e5rt laboratorium och utvecklat till ett foder som myrorna accepterar mycket v\u00e4l. Anledningen \u00e4r att obearbetad honungsdagghonung i sin koncentrerade ursprungliga form inte accepteras v\u00e4l av myror och deras \u00e4mnesoms\u00e4ttning.<br \/>\nV\u00e5r honungsmelon samlades in i de of\u00f6rorenade vilda bergsskogarna i Bulgarien. Honungsmugg produceras bara under en mycket begr\u00e4nsad tid, cirka tv\u00e5 m\u00e5nader p\u00e5 sommaren. Den \u00e4r d\u00e4rf\u00f6r mycket s\u00e4llsynt. P\u00e5 grund av skogarnas specifika jordm\u00e5n och klimatet lagras viktiga n\u00e4rings\u00e4mnen i tr\u00e4dens blad, som absorberas av bladl\u00f6ssen. Det \u00e4r detta som g\u00f6r denna honungsdaggblandning s\u00e5 \u00e5tr\u00e5v\u00e4rd f\u00f6r myror.<\/p>\n<p><strong>Anv\u00e4ndning:<\/strong><br \/>\nM\u00e4ngden mat b\u00f6r konsumeras inom cirka 3 dagar.<\/p>\n<p><strong>Beskrivning:<\/strong><br \/>\nHonungsdagg, till skillnad fr\u00e5n blomsterhonung, framst\u00e4lls av sekret fr\u00e5n insekter som suger p\u00e5 v\u00e4xter, t.ex. bladl\u00f6ss. Honungsdagg \u00e4r en popul\u00e4r f\u00f6da f\u00f6r m\u00e5nga insekter, t.ex. myror, bin och humlor. Bin och humlor slickar i sig den fr\u00e5n blad eller barr fr\u00e5n olika tr\u00e4d. Myror som Lasius niger h\u00e5ller bokstavligen bladl\u00f6ssen. De f\u00f6rsvarar dem till och med mot rovdjur och b\u00e4r dem till nya skott.<\/p>\n<p>Honungsmelon \u00e4r s\u00e4rskilt popul\u00e4r bland myror p\u00e5 grund av dess n\u00e5got annorlunda best\u00e5ndsdelar. De viktigaste sockerarterna i honungsmelon \u00e4r sackaros och fruktos, men det finns \u00e4ven mindre m\u00e4ngder maltos, trehalos, melezitos, raffinos och andra oligosackarider. F\u00f6rutom socker och vatten inneh\u00e5ller honungsmelon ocks\u00e5 essentiella aminosyror, mineraler, sp\u00e5r\u00e4mnen, adenosiner, fosfater och andra ingredienser som vitaminer.<\/p>\n<p><strong>Anv\u00e4ndning:<\/strong><br \/>\nF\u00f6r honungs\u00e4tande myrarter (Meliphagidae)<br \/>\nDetta \u00e4r ett kompletteringsfoder<br \/>\nDet kan erbjudas till djuren som levereras. Eftersom sockerkoncentrationen minskar p\u00e5 grund av luftfuktigheten och en j\u00e4sningsprocess inleds, b\u00f6r fodret bytas ut var 3:e dag. Reng\u00f6r fodersk\u00e5len\/r\u00f6ret noggrant f\u00f6re \u00e5teranv\u00e4ndning.<br \/>\nN\u00e4r en f\u00f6rpackning har \u00f6ppnats ska den f\u00f6rvaras v\u00e4l tillsluten fram till utg\u00e5ngsdatumet.<\/p>\n<p><strong>N\u00e4ringsinneh\u00e5ll per 100 g:<\/strong><br \/>\nca 2,7 % fetter<br \/>\nvarav m\u00e4ttad ca 0,45 %<br \/>\nca 95 % kolhydrater<br \/>\nvarav socker ca 71<br \/>\nca 2.85% protein<\/p>\n<p>Mineraler (kalium, kalcium, koppar, j\u00e4rn, natrium, magnesium, fosfor, zink och andra sp\u00e5r\u00e4mnen). Aminosyror (prolin, leucin, fenylalanin, alanin, histidin, isoleucin, glutaminsyra, arginin, asparaginsyra etc.) Organiska syror Enzymer (j\u00e4sningar)Aromer Inhibiner (antibakteriella \u00e4mnen) Blommor Pollen<\/p>\n<p><strong>F\u00f6rvaring:<\/strong><br \/>\nF\u00f6r att s\u00e4kerst\u00e4lla fodrets kvalitet b\u00f6r fodret f\u00f6rvaras p\u00e5 en m\u00f6rk och torr plats.<\/p>\n<p><strong>Observera:<\/strong><br \/>\nTill\u00e4ggsfoder f\u00f6r honungs\u00e4tande myror.<br \/>\nSe bipacksedeln f\u00f6r sammans\u00e4ttning, analytiska ingredienser, b\u00e4st f\u00f6re-datum och satsnummer.<\/p>\n<p>Informationshotline +49 30 439703870<\/p>\n<p><strong>Ansvarig veterin\u00e4r- och livsmedelsinspektion:<\/strong><br \/>\nSteglitz Veterin\u00e4rbyr\u00e5<br \/>\nK\u00f6nigin-Luise-Str. 92<br \/>\n14195 Berlin<\/p>","protected":false},"excerpt":{"rendered":"<p>Satsen best\u00e5r av 35 delar<\/p>","protected":false},"featured_media":8855,"comment_status":"open","ping_status":"closed","template":"","meta":{"_acf_changed":false,"content-type":"","_monsterinsights_skip_tracking":false,"_monsterinsights_sitenote_active":false,"_monsterinsights_sitenote_note":"","_monsterinsights_sitenote_category":0},"product_brand":[],"product_cat":[355,73],"product_tag":[],"class_list":{"0":"post-8853","1":"product","2":"type-product","3":"status-publish","4":"has-post-thumbnail","6":"product_cat-bundle-offers","7":"product_cat-starter-sets","8":"product_shipping_class-germany-only","10":"first","11":"outofstock","12":"taxable","13":"shipping-taxable","14":"purchasable","15":"product-type-simple"},"acf":[],"aioseo_notices":[],"jetpack_sharing_enabled":true,"_links":{"self":[{"href":"https:\/\/antcube.shop\/sv\/wp-json\/wp\/v2\/product\/8853","targetHints":{"allow":["GET"]}}],"collection":[{"href":"https:\/\/antcube.shop\/sv\/wp-json\/wp\/v2\/product"}],"about":[{"href":"https:\/\/antcube.shop\/sv\/wp-json\/wp\/v2\/types\/product"}],"replies":[{"embeddable":true,"href":"https:\/\/antcube.shop\/sv\/wp-json\/wp\/v2\/comments?post=8853"}],"wp:featuredmedia":[{"embeddable":true,"href":"https:\/\/antcube.shop\/sv\/wp-json\/wp\/v2\/media\/8855"}],"wp:attachment":[{"href":"https:\/\/antcube.shop\/sv\/wp-json\/wp\/v2\/media?parent=8853"}],"wp:term":[{"taxonomy":"product_brand","embeddable":true,"href":"https:\/\/antcube.shop\/sv\/wp-json\/wp\/v2\/product_brand?post=8853"},{"taxonomy":"product_cat","embeddable":true,"href":"https:\/\/antcube.shop\/sv\/wp-json\/wp\/v2\/product_cat?post=8853"},{"taxonomy":"product_tag","embeddable":true,"href":"https:\/\/antcube.shop\/sv\/wp-json\/wp\/v2\/product_tag?post=8853"}],"curies":[{"name":"wp","href":"https:\/\/api.w.org\/{rel}","templated":true}]}}