{"id":8718,"date":"2024-07-22T15:43:52","date_gmt":"2024-07-22T13:43:52","guid":{"rendered":"https:\/\/antcube.shop\/product\/bonsai-tree-deko\/"},"modified":"2026-01-20T18:00:36","modified_gmt":"2026-01-20T17:00:36","slug":"bonsai-trad-deko","status":"publish","type":"product","link":"https:\/\/antcube.shop\/sv\/produkt\/bonsai-trad-deko\/","title":{"rendered":"Bonsai-tr\u00e4d"},"content":{"rendered":"<p>Storlek \/ h\u00f6jd 20 cm till 28 cm<br \/>\nDiameter ~ 10 cm -20 cm, perfekt f\u00f6r arenor 30x30x30 cm och h\u00f6gre.<br \/>\nVikten varierar mellan 250 och 400 gram<\/p>\n<p>V\u00e5rt Bonsai-tr\u00e4d \u00e4r en perfekt dekoration f\u00f6r ditt formicarium. Det kan anv\u00e4ndas b\u00e5de frist\u00e5ende i ett fromicarium och i naturligt planterade vivarium. Eftersom myror kan g\u00f6mma sig under eller i bonsaitr\u00e4det rekommenderar vi att du anv\u00e4nder det f\u00f6rst n\u00e4r din myrkoloni redan har flyttat in i sitt bo. Annars kan de f\u00f6redra detta som boplats och du f\u00f6rlorar boet ur sikte.<\/p>\n<p><strong>UPPM\u00c4RKSAMHET:<\/strong> Placera inte bonsaierna i mycket fuktiga milj\u00f6er (\u00f6ver 60% luftfuktighet). Bonsaierna kan b\u00f6rja m\u00f6gla. Med mycket god ventilation kan bonsaierna \u00e4ven placeras i fuktigare formicaria.<\/p>\n<p><span data-text-color=\"alert\"><strong>VIKTIG ANM\u00c4RKNING OM ARTIKELN:<\/strong><\/span><br \/>\nEftersom detta \u00e4r en naturprodukt\/unik produkt \u00e4r bilderna h\u00e4r inte helt identiska med den vara du kommer att f\u00e5. Det kommer att finnas variationer i storlek, form och f\u00e4rg p\u00e5 minitr\u00e4det samt p\u00e5 basplattan av brytningsskiffer. Vi garanterar endast f\u00f6rem\u00e5lets maximala h\u00f6jd.<\/p>\n<p>Genom att best\u00e4lla den h\u00e4r produkten godk\u00e4nner och samtycker du till ovanst\u00e5ende eventuella variationer av produktens storlek, form och f\u00e4rg vid tidpunkten f\u00f6r k\u00f6pet.<\/p>","protected":false},"excerpt":{"rendered":"<p>M\u00e5tt: 20-28 cm h\u00f6g: 20-28 cm h\u00f6g<\/p>","protected":false},"featured_media":8721,"comment_status":"open","ping_status":"closed","template":"","meta":{"_acf_changed":false,"content-type":"","_monsterinsights_skip_tracking":false,"_monsterinsights_sitenote_active":false,"_monsterinsights_sitenote_note":"","_monsterinsights_sitenote_category":0},"product_brand":[],"product_cat":[95,98],"product_tag":[],"class_list":{"0":"post-8718","1":"product","2":"type-product","3":"status-publish","4":"has-post-thumbnail","6":"product_cat-accessories-for-ants","7":"product_cat-decoration","9":"first","10":"outofstock","11":"taxable","12":"shipping-taxable","13":"purchasable","14":"product-type-simple"},"acf":[],"aioseo_notices":[],"jetpack_sharing_enabled":true,"_links":{"self":[{"href":"https:\/\/antcube.shop\/sv\/wp-json\/wp\/v2\/product\/8718","targetHints":{"allow":["GET"]}}],"collection":[{"href":"https:\/\/antcube.shop\/sv\/wp-json\/wp\/v2\/product"}],"about":[{"href":"https:\/\/antcube.shop\/sv\/wp-json\/wp\/v2\/types\/product"}],"replies":[{"embeddable":true,"href":"https:\/\/antcube.shop\/sv\/wp-json\/wp\/v2\/comments?post=8718"}],"wp:featuredmedia":[{"embeddable":true,"href":"https:\/\/antcube.shop\/sv\/wp-json\/wp\/v2\/media\/8721"}],"wp:attachment":[{"href":"https:\/\/antcube.shop\/sv\/wp-json\/wp\/v2\/media?parent=8718"}],"wp:term":[{"taxonomy":"product_brand","embeddable":true,"href":"https:\/\/antcube.shop\/sv\/wp-json\/wp\/v2\/product_brand?post=8718"},{"taxonomy":"product_cat","embeddable":true,"href":"https:\/\/antcube.shop\/sv\/wp-json\/wp\/v2\/product_cat?post=8718"},{"taxonomy":"product_tag","embeddable":true,"href":"https:\/\/antcube.shop\/sv\/wp-json\/wp\/v2\/product_tag?post=8718"}],"curies":[{"name":"wp","href":"https:\/\/api.w.org\/{rel}","templated":true}]}}