{"id":8717,"date":"2024-07-22T15:37:55","date_gmt":"2024-07-22T13:37:55","guid":{"rendered":"https:\/\/antcube.shop\/product\/bundle-offer-harpegnathos-venator\/"},"modified":"2026-03-04T16:55:50","modified_gmt":"2026-03-04T15:55:50","slug":"paketerbjudande-harpegnathos-venator","status":"publish","type":"product","link":"https:\/\/antcube.shop\/sv\/produkt\/paketerbjudande-harpegnathos-venator\/","title":{"rendered":"Samlingserbjudande - Harpegnathos venator"},"content":{"rendered":"<p><span data-text-color=\"secondary\"><strong>Paketerbjudande inklusive en Harpegnathos venator-myrekoloni (drottning med 11-25 arbetare + yngel)<\/strong><\/span><\/p>\n<p><span data-text-color=\"alert\"><strong>Endast s\u00e5 l\u00e4nge lagret r\u00e4cker. <\/strong><\/span><\/p>\n<p><span data-text-color=\"alert\"><strong>Frakt endast m\u00f6jlig via GO! inom Tyskland.<\/strong><\/span><\/p>\n<p>1x Harpegnathos venator drottning + 11-25 arbetare + yngel<\/p>\n<p>1x Ytong bo - 40\u00d720 med arena<br \/>\n1x glasbadkar 40\u00d720<br \/>\n1x formicariumdyna - 40x20 cm<br \/>\n1x r\u00f6d t\u00e4ckplatta 20\u00d720 - horisontell<\/p>\n<p>1x Lerf\u00e4rg - beige - 100ml<br \/>\n1x substrat - regnskog - 1 kg<br \/>\n1x Formicarium granulat 200 ml - svart<br \/>\n1x foto baksida - regnskog - 20\u00d710<\/p>\n<p>2x Grid insert acrylic &#8211; 50 mm with sealing ring<br \/>\n1x Grid insert acrylic &#8211; 27 mm with sealing ring<\/p>\n<p>1x Cricket Jam 25g<br \/>\n1x Honeydew Mix (HT) - p\u00e5fyllningspaket 10 ml<\/p>\n<p>1x drinking clear 5ml &#8211; sponge<br \/>\n1x Feeding dish white rectangle &#8211; 3 compartments<br \/>\n1x Drinking trough 2ml &#8211; 360 Degrees<\/p>\n<p>1x Foil thermometer Display<\/p>\n<p>1x Myggskyddsolja 10 ml<br \/>\n1x Pincett fj\u00e4derst\u00e5l - bred - mjuk<br \/>\n1x Pincett i transparent plast<br \/>\n1x plastpipett 3ml<br \/>\n1x handf\u00f6rstoringsglas - 2x - 30mm<br \/>\n1x skumtorkare 150x18x2,5mm<\/p>\n<p><strong>Myrarten Harpegnathos venator:<\/strong><br \/>\nHarpegnathos venator \u00e4r en mycket vacker och mycket stor myrart fr\u00e5n Sydostasien. De \u00e4r fr\u00e4mst aktiva p\u00e5 natten, men \u00e4r ocks\u00e5 aktiva under dagen p\u00e5 grund av den vanligtvis l\u00e4gre ljusintensiteten i hemmet. Denna myrart kan hoppa ca 8 - 10 cm, g\u00e5 bakl\u00e4nges och har mycket god syn. Sett i profil \u00e4r mandibeln formad som en sabeltand. De uppvisar ett intressant jaktbeteende genom att vicka p\u00e5 gasterna innan de attackerar.<\/p>\n<p>Du kan mata dem med socker-honungsl\u00f6sning, honung och proteinfoder eller helst sm\u00e5 levande insekter som syrsor och bananflugor. Harpegnathos venator har ett mycket uttalat jaktbeteende och accepterar d\u00e4rf\u00f6r levande mat mycket b\u00e4ttre.<\/p>\n<p>Luftfuktigheten och temperaturen i arenan f\u00e5r p\u00e5 sin h\u00f6jd h\u00f6jas n\u00e5got, men boet ska alltid vara fuktigt. Djuren f\u00f6redrar olika fuktiga omr\u00e5den i boet.<\/p>\n<p>De prefabricerade kamrarna och passagerna kan anv\u00e4ndas direkt av kolonin. Ytong-n\u00e4stet kan enkelt fuktas med hj\u00e4lp av det medf\u00f6ljande tr\u00e5get. H\u00e4ll helt enkelt lite vatten i brickan och v\u00e4nta tills Ytong-stenen absorberar vattnet av sig sj\u00e4lv.<\/p>\n<p><strong>Information om Ytong-n\u00e4stet med arena:<\/strong><br \/>\nInneh\u00e5ller:<br \/>\nMaterial: l\u00e4ttbetong, glas, PMMA-plast och PVC<\/p>\n<p><strong>Anslutning:<\/strong> 1x 14mm \u00f6ppning; 1x 27mm \u00f6ppning<\/p>\n<p><strong>Inneh\u00e5ll:<\/strong><br \/>\n1x block av gasbetong 40x20x5 cm med 20 mm djupa kammare.<br \/>\n1x glasplatta 40\u00d720 cm med en \u00f6ppning p\u00e5 50 mm och en arena 20\u00d720 cm.<br \/>\n1x ram f\u00f6r myrarena 20\u00d720<br \/>\n1x skydd f\u00f6r myrarena 20\u00d720<br \/>\n1x 50mm ring med 27mm \u00f6ppning<br \/>\n1x formicariumpropp 13mm<br \/>\n2x formicariumpluggar 27 mm<br \/>\n2x 50 mm formicariumpluggar<\/p>\n<p>P\u00e5 grund av sina vattenh\u00e5llande egenskaper \u00e4r materialet v\u00e4l l\u00e4mpat f\u00f6r att h\u00e5lla myror. Det kan anv\u00e4ndas f\u00f6r att h\u00e5lla ett stort antal jordboende arter fr\u00e5n b\u00e5de torra och fuktiga livsmilj\u00f6er. Beroende p\u00e5 myrarten \u00e4r det l\u00e4mpligt att t\u00e4cka kammarens botten med lerf\u00e4rg och jordsubstrat. Vissa arter trivs b\u00e4ttre p\u00e5 det h\u00e4r s\u00e4ttet och Ponerinae-arter beh\u00f6ver till exempel jord f\u00f6r att deras larver ska kunna f\u00f6rpuppa sig ordentligt. Eftersom det h\u00e4r boet redan inneh\u00e5ller en arena kan det anv\u00e4ndas som ett komplett formicariumsystem.<\/p>\n<p><strong>Observera:<\/strong><br \/>\nF\u00f6r att f\u00f6rhindra att vatten l\u00e4cker ut ur Ytong efter att ha fuktat boet och samlas p\u00e5 ytan p\u00e5 m\u00f6blerna under, eller att det grova materialet repar ytorna, rekommenderar vi en av v\u00e5ra matchande glasbrickor till v\u00e5ra Ytong-n\u00e4sten. Dessa \u00e4r vattent\u00e4ta och skyddar effektivt ytorna undertill mot vatten- och repskador.<\/p>\n<p><strong>Anv\u00e4ndning:<\/strong><br \/>\nF\u00f6r myrarter av storleken M - L<br \/>\nL\u00e4ttbetong \u00e4r ett mycket spr\u00f6tt och \u00f6mt\u00e5ligt material. Det \u00e4r d\u00e4rf\u00f6r om\u00f6jligt att f\u00f6rhindra att h\u00f6rn och kanter bryts av och blir n\u00e5got oj\u00e4mna under produktionen. Av denna anledning \u00e4r Ytong-bon inte l\u00e4mpliga f\u00f6r mycket sm\u00e5 myrarter av storlek S, eftersom dessa arter l\u00e4tt kan bryta sig ut.<\/p>\n<p><span data-text-color=\"alert\"><strong>Viktigt:<\/strong><\/span> Fukta g\u00e4rna underlaget f\u00f6re anv\u00e4ndning s\u00e5 att blandningen kan f\u00e4sta och f\u00e5 ordentligt f\u00e4ste i myrg\u00e5rden. Om substratet \u00e4r f\u00f6r torrt och dammigt kan det ocks\u00e5 blockera myrornas andningsv\u00e4gar och i v\u00e4rsta fall leda till att de kv\u00e4vs.<\/p>\n<p><strong>Rekommendation:<\/strong> Vi rekommenderar ett substratskikt p\u00e5 2 mm h\u00f6jd, s\u00e5 att djuren inte kan gr\u00e4va sig in i arenan och i st\u00e4llet anv\u00e4nda den g\u00e5rd som tillhandah\u00e5lls f\u00f6r detta \u00e4ndam\u00e5l. Vi rekommenderar ocks\u00e5 att boendematerialet i farmen (sand\/lera, Digfix etc.) \u00e4r l\u00e4tt prickat p\u00e5 ett st\u00e4lle f\u00f6r att g\u00f6ra det l\u00e4ttare f\u00f6r djuren att gr\u00e4va.<\/p>\n<p><strong>Anm\u00e4rkningar om produktionen<\/strong><br \/>\nGlaset sk\u00e4rs till i enlighet med DIN 1249 med en tolerans p\u00e5 +\/- 1 mm. Ytterligare utbrytningsskydd \u00e4r n\u00f6dv\u00e4ndigt f\u00f6r extremt sm\u00e5 myrarter.<\/p>\n<p><strong>Obs Lera f\u00e4rg:<\/strong><\/p>\n<p><strong>Beskrivning:<\/strong> Denna blandning \u00e4r giftfri och relativt vattenbest\u00e4ndig p\u00e5 puts och betong, men \u00e4r i \u00f6vrigt vattenl\u00f6slig.<\/p>\n<p><strong>Instruktioner f\u00f6r anv\u00e4ndning:<\/strong><br \/>\nBlandningen \u00e4r f\u00e4rdig att anv\u00e4nda och kan omedelbart appliceras p\u00e5 gips eller gasbetong med en pensel.<br \/>\n100 ml r\u00e4cker f\u00f6r ca 1\/4 m\u00b2 gasbetong eller 1\/2 m\u00b2 gips.<br \/>\nN\u00e4r ytan \u00e4r v\u00e5t kan den bestr\u00f6s med sand f\u00f6r att f\u00e5 ett \u00e4nnu mer naturligt utseende.<\/p>","protected":false},"excerpt":{"rendered":"<p>Anslutning: 1x14mm 1x27mm<br \/>\nStorlek: <strong><span style=\"color: #339966;\">M<\/span><\/strong><strong> &#8211; <span style=\"color: #0000ff;\">L<\/span><\/strong><\/p>","protected":false},"featured_media":8720,"comment_status":"open","ping_status":"closed","template":"","meta":{"_acf_changed":false,"content-type":"","_monsterinsights_skip_tracking":false,"_monsterinsights_sitenote_active":false,"_monsterinsights_sitenote_note":"","_monsterinsights_sitenote_category":0},"product_brand":[],"product_cat":[355,73],"product_tag":[],"class_list":{"0":"post-8717","1":"product","2":"type-product","3":"status-publish","4":"has-post-thumbnail","6":"product_cat-bundle-offers","7":"product_cat-starter-sets","8":"product_shipping_class-germany-only","10":"first","11":"outofstock","12":"taxable","13":"shipping-taxable","14":"purchasable","15":"product-type-simple"},"acf":[],"aioseo_notices":[],"jetpack_sharing_enabled":true,"_links":{"self":[{"href":"https:\/\/antcube.shop\/sv\/wp-json\/wp\/v2\/product\/8717","targetHints":{"allow":["GET"]}}],"collection":[{"href":"https:\/\/antcube.shop\/sv\/wp-json\/wp\/v2\/product"}],"about":[{"href":"https:\/\/antcube.shop\/sv\/wp-json\/wp\/v2\/types\/product"}],"replies":[{"embeddable":true,"href":"https:\/\/antcube.shop\/sv\/wp-json\/wp\/v2\/comments?post=8717"}],"wp:featuredmedia":[{"embeddable":true,"href":"https:\/\/antcube.shop\/sv\/wp-json\/wp\/v2\/media\/8720"}],"wp:attachment":[{"href":"https:\/\/antcube.shop\/sv\/wp-json\/wp\/v2\/media?parent=8717"}],"wp:term":[{"taxonomy":"product_brand","embeddable":true,"href":"https:\/\/antcube.shop\/sv\/wp-json\/wp\/v2\/product_brand?post=8717"},{"taxonomy":"product_cat","embeddable":true,"href":"https:\/\/antcube.shop\/sv\/wp-json\/wp\/v2\/product_cat?post=8717"},{"taxonomy":"product_tag","embeddable":true,"href":"https:\/\/antcube.shop\/sv\/wp-json\/wp\/v2\/product_tag?post=8717"}],"curies":[{"name":"wp","href":"https:\/\/api.w.org\/{rel}","templated":true}]}}