{"id":8518,"date":"2024-06-10T10:41:37","date_gmt":"2024-06-10T08:41:37","guid":{"rendered":"https:\/\/antcube.shop\/product\/poster\/"},"modified":"2025-09-30T10:22:23","modified_gmt":"2025-09-30T08:22:23","slug":"poster-anatomi","status":"publish","type":"product","link":"https:\/\/antcube.shop\/sv\/produkt\/poster-anatomi\/","title":{"rendered":"Poster Anatomi"},"content":{"rendered":"<p>Affischer i museikvalitet gjorda p\u00e5 tjockt matt papper. S\u00e4tt en underbar accent p\u00e5 ditt rum och kontor med dessa affischer som garanterat kommer att lysa upp vilken milj\u00f6 som helst.<\/p>\n<p>- Papperstjocklek: 10,3 mil<br \/>\n- Pappersvikt: 189 g\/m\u00b2<br \/>\n- Opacitet: 94%<br \/>\n- ISO-ljusstyrka: 104%<br \/>\n- Papperet kommer fr\u00e5n Japan<\/p>\n<p>Denna produkt tillverkas speciellt f\u00f6r dig s\u00e5 snart du g\u00f6r en best\u00e4llning, vilket \u00e4r anledningen till att det tar lite l\u00e4ngre tid f\u00f6r oss att leverera den till dig. Att tillverka produkter p\u00e5 beg\u00e4ran ist\u00e4llet f\u00f6r i bulk bidrar till att minska \u00f6verproduktionen, s\u00e5 tack f\u00f6r att du fattar genomt\u00e4nkta k\u00f6pbeslut!<\/p>","protected":false},"excerpt":{"rendered":"<p>Affischer i museikvalitet gjorda p\u00e5 tjockt matt papper. Ge ditt rum och kontor en underbar accent med dessa affischer som garanterat kommer att lysa upp alla milj\u00f6er. - Papperstjocklek: 10,3 mil - Pappersvikt: 189 g\/m\u00b2 - Opacitet: 94% - ISO-ljusstyrka: 104% - Papperet kommer fr\u00e5n Japan Denna produkt \u00e4r speciellt framtagen f\u00f6r","protected":false},"featured_media":8523,"comment_status":"open","ping_status":"closed","template":"","meta":{"_acf_changed":false,"content-type":"","_monsterinsights_skip_tracking":false,"_monsterinsights_sitenote_active":false,"_monsterinsights_sitenote_note":"","_monsterinsights_sitenote_category":0},"product_brand":[],"product_cat":[245],"product_tag":[],"class_list":{"0":"post-8518","1":"product","2":"type-product","3":"status-publish","4":"has-post-thumbnail","6":"product_cat-merchandise","8":"first","9":"instock","10":"taxable","11":"shipping-taxable","12":"purchasable","13":"product-type-variable"},"acf":[],"aioseo_notices":[],"jetpack_sharing_enabled":true,"_links":{"self":[{"href":"https:\/\/antcube.shop\/sv\/wp-json\/wp\/v2\/product\/8518","targetHints":{"allow":["GET"]}}],"collection":[{"href":"https:\/\/antcube.shop\/sv\/wp-json\/wp\/v2\/product"}],"about":[{"href":"https:\/\/antcube.shop\/sv\/wp-json\/wp\/v2\/types\/product"}],"replies":[{"embeddable":true,"href":"https:\/\/antcube.shop\/sv\/wp-json\/wp\/v2\/comments?post=8518"}],"wp:featuredmedia":[{"embeddable":true,"href":"https:\/\/antcube.shop\/sv\/wp-json\/wp\/v2\/media\/8523"}],"wp:attachment":[{"href":"https:\/\/antcube.shop\/sv\/wp-json\/wp\/v2\/media?parent=8518"}],"wp:term":[{"taxonomy":"product_brand","embeddable":true,"href":"https:\/\/antcube.shop\/sv\/wp-json\/wp\/v2\/product_brand?post=8518"},{"taxonomy":"product_cat","embeddable":true,"href":"https:\/\/antcube.shop\/sv\/wp-json\/wp\/v2\/product_cat?post=8518"},{"taxonomy":"product_tag","embeddable":true,"href":"https:\/\/antcube.shop\/sv\/wp-json\/wp\/v2\/product_tag?post=8518"}],"curies":[{"name":"wp","href":"https:\/\/api.w.org\/{rel}","templated":true}]}}