{"id":8503,"date":"2024-06-10T10:40:31","date_gmt":"2024-06-10T08:40:31","guid":{"rendered":"https:\/\/antcube.shop\/product\/stainless-steel-water-bottle-2\/"},"modified":"2024-12-12T11:07:50","modified_gmt":"2024-12-12T10:07:50","slug":"vattenflaska-i-rostfritt-stal-2","status":"publish","type":"product","link":"https:\/\/antcube.shop\/sv\/produkt\/vattenflaska-i-rostfritt-stal-2\/","title":{"rendered":"Vattenflaska i rostfritt st\u00e5l"},"content":{"rendered":"<p>Den h\u00e4r vattenflaskan i rostfritt st\u00e5l med dubbla v\u00e4ggar p\u00e5 17 oz \u00e4r perfekt f\u00f6r dina dagliga utflykter. Den h\u00e5ller din favoritdryck varm eller kall i flera timmar. Den har ocks\u00e5 en lukt- och l\u00e4ckages\u00e4ker lock. Sl\u00e4ng den i bilens muggh\u00e5llare p\u00e5 v\u00e4g till jobbet, ta med den p\u00e5 vandringar eller sl\u00e4ng den i v\u00e4skan n\u00e4r du blir t\u00f6rstig.<\/p>\n<p>- H\u00f6gklassigt rostfritt st\u00e5l<br \/>\n- 17 oz (500 ml)<br \/>\n- M\u00e5tt: (27 \u00d7 7 cm)<br \/>\n- Vakuumkolv<br \/>\n- Konstruktion med dubbelv\u00e4gg<br \/>\n- Form av bowlingk\u00e4glor<br \/>\n- Glansig yta<br \/>\n- Luktfri och l\u00e4ckages\u00e4ker lock<br \/>\n- Isolerad f\u00f6r varma och kalla v\u00e4tskor (h\u00e5ller v\u00e4tskan varm eller kall i 6 timmar)<br \/>\n- Patenterad ORCA-bel\u00e4ggning f\u00f6r levande f\u00e4rger<br \/>\n- Endast handtv\u00e4tt<br \/>\n- Blank produkt som kommer fr\u00e5n Kina<\/p>\n<p>Ansvarsfriskrivning: Att ha vatten i flaskan i mer \u00e4n 24 timmar \u00e4r ohygieniskt och kan ge upphov till en obehaglig lukt.<\/p>","protected":false},"excerpt":{"rendered":"<p>Den h\u00e4r vattenflaskan i rostfritt st\u00e5l med dubbla v\u00e4ggar p\u00e5 17 oz \u00e4r perfekt f\u00f6r dina dagliga utflykter. Den h\u00e5ller din favoritdryck varm eller kall i flera timmar. Den har ocks\u00e5 en lukt- och l\u00e4ckages\u00e4ker lock. Sl\u00e4ng den i bilens muggh\u00e5llare p\u00e5 v\u00e4g till jobbet, ta den med dig p\u00e5 vandringar eller sl\u00e4ng den i [...]","protected":false},"featured_media":8504,"comment_status":"open","ping_status":"closed","template":"","meta":{"_acf_changed":false,"content-type":"","_monsterinsights_skip_tracking":false,"_monsterinsights_sitenote_active":false,"_monsterinsights_sitenote_note":"","_monsterinsights_sitenote_category":0},"product_brand":[],"product_cat":[245],"product_tag":[],"class_list":{"0":"post-8503","1":"product","2":"type-product","3":"status-publish","4":"has-post-thumbnail","6":"product_cat-merchandise","8":"first","9":"instock","10":"taxable","11":"shipping-taxable","12":"purchasable","13":"product-type-simple"},"acf":[],"aioseo_notices":[],"jetpack_sharing_enabled":true,"_links":{"self":[{"href":"https:\/\/antcube.shop\/sv\/wp-json\/wp\/v2\/product\/8503","targetHints":{"allow":["GET"]}}],"collection":[{"href":"https:\/\/antcube.shop\/sv\/wp-json\/wp\/v2\/product"}],"about":[{"href":"https:\/\/antcube.shop\/sv\/wp-json\/wp\/v2\/types\/product"}],"replies":[{"embeddable":true,"href":"https:\/\/antcube.shop\/sv\/wp-json\/wp\/v2\/comments?post=8503"}],"wp:featuredmedia":[{"embeddable":true,"href":"https:\/\/antcube.shop\/sv\/wp-json\/wp\/v2\/media\/8504"}],"wp:attachment":[{"href":"https:\/\/antcube.shop\/sv\/wp-json\/wp\/v2\/media?parent=8503"}],"wp:term":[{"taxonomy":"product_brand","embeddable":true,"href":"https:\/\/antcube.shop\/sv\/wp-json\/wp\/v2\/product_brand?post=8503"},{"taxonomy":"product_cat","embeddable":true,"href":"https:\/\/antcube.shop\/sv\/wp-json\/wp\/v2\/product_cat?post=8503"},{"taxonomy":"product_tag","embeddable":true,"href":"https:\/\/antcube.shop\/sv\/wp-json\/wp\/v2\/product_tag?post=8503"}],"curies":[{"name":"wp","href":"https:\/\/api.w.org\/{rel}","templated":true}]}}