{"id":8320,"date":"2024-06-10T10:36:48","date_gmt":"2024-06-10T08:36:48","guid":{"rendered":"https:\/\/antcube.shop\/product\/unisex-t-shirt-2\/"},"modified":"2024-12-12T11:08:12","modified_gmt":"2024-12-12T10:08:12","slug":"unisex-t-shirt-2","status":"publish","type":"product","link":"https:\/\/antcube.shop\/sv\/produkt\/unisex-t-shirt-2\/","title":{"rendered":"Unisex t-shirt"},"content":{"rendered":"<p>Den h\u00e4r t-shirten \u00e4r allt du har dr\u00f6mt om och mer d\u00e4rtill. Den k\u00e4nns mjuk och l\u00e4tt med r\u00e4tt m\u00e4ngd stretch. Den \u00e4r bekv\u00e4m och smickrande f\u00f6r alla. <\/p>\n<p>- 100% kammad och ringspunnen bomull (Heather-f\u00e4rger inneh\u00e5ller polyester)<br \/>\n- Tygvikt: 142 g\/m\u00b2 (4,2 oz.\/yd.\u00b2)<br \/>\n- F\u00f6rkrympt tyg<br \/>\n- Konstruktion med sidos\u00f6mmar<br \/>\n- Tejpning fr\u00e5n axel till axel<br \/>\n- Blank produkt som h\u00e4rr\u00f6r fr\u00e5n Nicaragua, Mexiko, Honduras eller USA<\/p>\n<p>Denna produkt tillverkas speciellt f\u00f6r dig s\u00e5 snart du g\u00f6r en best\u00e4llning, vilket \u00e4r anledningen till att det tar lite l\u00e4ngre tid f\u00f6r oss att leverera den till dig. Att tillverka produkter p\u00e5 beg\u00e4ran ist\u00e4llet f\u00f6r i bulk bidrar till att minska \u00f6verproduktionen, s\u00e5 tack f\u00f6r att du fattar genomt\u00e4nkta k\u00f6pbeslut!<\/p>","protected":false},"excerpt":{"rendered":"<p>Den h\u00e4r t-shirten \u00e4r allt du har dr\u00f6mt om och mer d\u00e4rtill. Den k\u00e4nns mjuk och l\u00e4tt med r\u00e4tt m\u00e4ngd stretch. Den \u00e4r bekv\u00e4m och smickrande f\u00f6r alla. - 100% kammad och ringspunnen bomull (Heather-f\u00e4rger inneh\u00e5ller polyester) - Tygvikt: 4,2 oz.\/yd.\u00b2 (142 g\/m\u00b2) - F\u00f6rkrympt tyg - Sidsydd konstruktion - Tejpning fr\u00e5n axel till axel - Blank produkt","protected":false},"featured_media":8423,"comment_status":"open","ping_status":"closed","template":"","meta":{"_acf_changed":false,"content-type":"","_monsterinsights_skip_tracking":false,"_monsterinsights_sitenote_active":false,"_monsterinsights_sitenote_note":"","_monsterinsights_sitenote_category":0},"product_brand":[],"product_cat":[245],"product_tag":[],"class_list":{"0":"post-8320","1":"product","2":"type-product","3":"status-publish","4":"has-post-thumbnail","6":"product_cat-merchandise","8":"first","9":"instock","10":"taxable","11":"shipping-taxable","12":"purchasable","13":"product-type-variable"},"acf":[],"aioseo_notices":[],"jetpack_sharing_enabled":true,"_links":{"self":[{"href":"https:\/\/antcube.shop\/sv\/wp-json\/wp\/v2\/product\/8320","targetHints":{"allow":["GET"]}}],"collection":[{"href":"https:\/\/antcube.shop\/sv\/wp-json\/wp\/v2\/product"}],"about":[{"href":"https:\/\/antcube.shop\/sv\/wp-json\/wp\/v2\/types\/product"}],"replies":[{"embeddable":true,"href":"https:\/\/antcube.shop\/sv\/wp-json\/wp\/v2\/comments?post=8320"}],"wp:featuredmedia":[{"embeddable":true,"href":"https:\/\/antcube.shop\/sv\/wp-json\/wp\/v2\/media\/8423"}],"wp:attachment":[{"href":"https:\/\/antcube.shop\/sv\/wp-json\/wp\/v2\/media?parent=8320"}],"wp:term":[{"taxonomy":"product_brand","embeddable":true,"href":"https:\/\/antcube.shop\/sv\/wp-json\/wp\/v2\/product_brand?post=8320"},{"taxonomy":"product_cat","embeddable":true,"href":"https:\/\/antcube.shop\/sv\/wp-json\/wp\/v2\/product_cat?post=8320"},{"taxonomy":"product_tag","embeddable":true,"href":"https:\/\/antcube.shop\/sv\/wp-json\/wp\/v2\/product_tag?post=8320"}],"curies":[{"name":"wp","href":"https:\/\/api.w.org\/{rel}","templated":true}]}}