{"id":8185,"date":"2024-06-10T10:28:06","date_gmt":"2024-06-10T08:28:06","guid":{"rendered":"https:\/\/antcube.shop\/product\/boxer-briefs\/"},"modified":"2024-12-12T11:08:38","modified_gmt":"2024-12-12T10:08:38","slug":"boxerkalsonger","status":"publish","type":"product","link":"https:\/\/antcube.shop\/sv\/produkt\/boxerkalsonger\/","title":{"rendered":"Boxerkalsonger"},"content":{"rendered":"<p>Dessa boxerkalsonger \u00e4r tillverkade i ett mjukt och stretchigt material som ger komfort hela dagen. Boxerkalsongerna har ingen s\u00f6m baktill och de har en fodrad frontficka f\u00f6r extra komfort och st\u00f6d. <\/p>\n<p>- 95% polyester, 5% elastan (tygets sammans\u00e4ttning kan variera med 1%)<br \/>\n- Medelh\u00f6g<br \/>\n- Fodrad frontficka f\u00f6r extra st\u00f6d<br \/>\n- 4 cm brett elastiskt midjeband kl\u00e4tt med tyg<br \/>\n- Panel i grenen <br \/>\n- \u00d6verlock och coverstitch <br \/>\n- Ingen s\u00f6msm\u00e5n i ryggen f\u00f6r extra komfort<br \/>\n- Tomma produktkomponenter i EU som h\u00e4rr\u00f6r fr\u00e5n Litauen<br \/>\n- Komponenter till blanka produkter i Mexiko som kommer fr\u00e5n USA och Kina<\/p>","protected":false},"excerpt":{"rendered":"<p>Dessa boxerkalsonger \u00e4r tillverkade i ett mjukt och stretchigt material som ger komfort under hela dagen. Boxerkalsongerna har ingen s\u00f6m baktill och en fodrad frontficka f\u00f6r extra komfort och st\u00f6d. - 95% polyester, 5% elastan (tygets sammans\u00e4ttning kan variera med 1%) - Midjeh\u00f6g - Fodrad frontficka f\u00f6r extra st\u00f6d","protected":false},"featured_media":8195,"comment_status":"open","ping_status":"closed","template":"","meta":{"_acf_changed":false,"content-type":"","_monsterinsights_skip_tracking":false,"_monsterinsights_sitenote_active":false,"_monsterinsights_sitenote_note":"","_monsterinsights_sitenote_category":0},"product_brand":[],"product_cat":[245],"product_tag":[],"class_list":{"0":"post-8185","1":"product","2":"type-product","3":"status-publish","4":"has-post-thumbnail","6":"product_cat-merchandise","8":"first","9":"instock","10":"taxable","11":"shipping-taxable","12":"purchasable","13":"product-type-variable"},"acf":[],"aioseo_notices":[],"jetpack_sharing_enabled":true,"_links":{"self":[{"href":"https:\/\/antcube.shop\/sv\/wp-json\/wp\/v2\/product\/8185","targetHints":{"allow":["GET"]}}],"collection":[{"href":"https:\/\/antcube.shop\/sv\/wp-json\/wp\/v2\/product"}],"about":[{"href":"https:\/\/antcube.shop\/sv\/wp-json\/wp\/v2\/types\/product"}],"replies":[{"embeddable":true,"href":"https:\/\/antcube.shop\/sv\/wp-json\/wp\/v2\/comments?post=8185"}],"wp:featuredmedia":[{"embeddable":true,"href":"https:\/\/antcube.shop\/sv\/wp-json\/wp\/v2\/media\/8195"}],"wp:attachment":[{"href":"https:\/\/antcube.shop\/sv\/wp-json\/wp\/v2\/media?parent=8185"}],"wp:term":[{"taxonomy":"product_brand","embeddable":true,"href":"https:\/\/antcube.shop\/sv\/wp-json\/wp\/v2\/product_brand?post=8185"},{"taxonomy":"product_cat","embeddable":true,"href":"https:\/\/antcube.shop\/sv\/wp-json\/wp\/v2\/product_cat?post=8185"},{"taxonomy":"product_tag","embeddable":true,"href":"https:\/\/antcube.shop\/sv\/wp-json\/wp\/v2\/product_tag?post=8185"}],"curies":[{"name":"wp","href":"https:\/\/api.w.org\/{rel}","templated":true}]}}