{"id":7997,"date":"2024-06-07T18:17:29","date_gmt":"2024-06-07T16:17:29","guid":{"rendered":"https:\/\/antcube.shop\/product\/unisex-hoodie\/"},"modified":"2024-12-12T11:08:58","modified_gmt":"2024-12-12T10:08:58","slug":"unisex-huvtroja","status":"publish","type":"product","link":"https:\/\/antcube.shop\/sv\/produkt\/unisex-huvtroja\/","title":{"rendered":"Unisex huvtr\u00f6ja"},"content":{"rendered":"<p>Alla beh\u00f6ver en mysig hoodie att krypa upp i, s\u00e5 v\u00e4lj en som \u00e4r mjuk, smidig och snygg. Det \u00e4r det perfekta valet f\u00f6r svalare kv\u00e4llar!<\/p>\n<p>- 50% f\u00f6rkrympt bomull, 50% polyester<br \/>\n- Tygvikt: 271,25 g\/m\u00b2 (8,0 oz\/yd\u00b2)<br \/>\n- Luftstr\u00e5lespunnet garn med mjuk k\u00e4nsla och minskad noppbildning<br \/>\n- Dubbelfodrad huva med matchande dragsko<br \/>\n- Kvartv\u00e4nd kropp f\u00f6r att undvika veck i mitten<br \/>\n- 1 \u00d7 1 ribbstickade muddar och midjeband med spandex f\u00f6r atletiska \u00e4ndam\u00e5l<br \/>\n- Fr\u00e4mre p\u00e5sficka<br \/>\n- Dubbeln\u00e5lssydd krage, axlar, \u00e4rmh\u00e5l, muddar och f\u00e5ll<br \/>\n- Blank produkt som h\u00e4rr\u00f6r fr\u00e5n Bangladesh, Nicaragua, Honduras eller El Salvador<\/p>\n<p>Denna produkt tillverkas speciellt f\u00f6r dig s\u00e5 snart du g\u00f6r en best\u00e4llning, vilket \u00e4r anledningen till att det tar lite l\u00e4ngre tid f\u00f6r oss att leverera den till dig. Att tillverka produkter p\u00e5 beg\u00e4ran ist\u00e4llet f\u00f6r i bulk bidrar till att minska \u00f6verproduktionen, s\u00e5 tack f\u00f6r att du fattar genomt\u00e4nkta k\u00f6pbeslut!<\/p>","protected":false},"excerpt":{"rendered":"<p>Alla beh\u00f6ver en mysig hoodie att krypa upp i, s\u00e5 v\u00e4lj en som \u00e4r mjuk, smidig och snygg. Det \u00e4r det perfekta valet f\u00f6r svalare kv\u00e4llar! - 50% f\u00f6rkrympt bomull, 50% polyester - Tygvikt: 8,0 oz\/yd\u00b2 (271,25 g\/m\u00b2) - Luftstr\u00e5lespunnet garn med mjuk k\u00e4nsla och minskad pilling - Dubbelfodrad huva med matchande","protected":false},"featured_media":8060,"comment_status":"open","ping_status":"closed","template":"","meta":{"_acf_changed":false,"content-type":"","_monsterinsights_skip_tracking":false,"_monsterinsights_sitenote_active":false,"_monsterinsights_sitenote_note":"","_monsterinsights_sitenote_category":0},"product_brand":[],"product_cat":[245],"product_tag":[],"class_list":{"0":"post-7997","1":"product","2":"type-product","3":"status-publish","4":"has-post-thumbnail","6":"product_cat-merchandise","8":"first","9":"instock","10":"taxable","11":"shipping-taxable","12":"purchasable","13":"product-type-variable"},"acf":[],"aioseo_notices":[],"jetpack_sharing_enabled":true,"_links":{"self":[{"href":"https:\/\/antcube.shop\/sv\/wp-json\/wp\/v2\/product\/7997","targetHints":{"allow":["GET"]}}],"collection":[{"href":"https:\/\/antcube.shop\/sv\/wp-json\/wp\/v2\/product"}],"about":[{"href":"https:\/\/antcube.shop\/sv\/wp-json\/wp\/v2\/types\/product"}],"replies":[{"embeddable":true,"href":"https:\/\/antcube.shop\/sv\/wp-json\/wp\/v2\/comments?post=7997"}],"wp:featuredmedia":[{"embeddable":true,"href":"https:\/\/antcube.shop\/sv\/wp-json\/wp\/v2\/media\/8060"}],"wp:attachment":[{"href":"https:\/\/antcube.shop\/sv\/wp-json\/wp\/v2\/media?parent=7997"}],"wp:term":[{"taxonomy":"product_brand","embeddable":true,"href":"https:\/\/antcube.shop\/sv\/wp-json\/wp\/v2\/product_brand?post=7997"},{"taxonomy":"product_cat","embeddable":true,"href":"https:\/\/antcube.shop\/sv\/wp-json\/wp\/v2\/product_cat?post=7997"},{"taxonomy":"product_tag","embeddable":true,"href":"https:\/\/antcube.shop\/sv\/wp-json\/wp\/v2\/product_tag?post=7997"}],"curies":[{"name":"wp","href":"https:\/\/api.w.org\/{rel}","templated":true}]}}