{"id":7590,"date":"2024-04-04T16:24:13","date_gmt":"2024-04-04T14:24:13","guid":{"rendered":"https:\/\/antcube.shop\/product\/thermo-hygrometer-analog-display-43mm-hangend\/"},"modified":"2026-01-15T16:08:58","modified_gmt":"2026-01-15T15:08:58","slug":"termohygrometer-med-analog-display-43-mm-hangande","status":"publish","type":"product","link":"https:\/\/antcube.shop\/sv\/produkt\/termohygrometer-med-analog-display-43-mm-hangande\/","title":{"rendered":"Thermo- hygrometer analog - display - 43mm - h\u00e4ngande"},"content":{"rendered":"<p><strong>M\u00e5tt:<\/strong> 73 mm x 63 mm, 20 mm djup<\/p>\n<p><strong>Material:<\/strong> metall \/ akryl<\/p>\n<p><strong>F\u00e4rg:<\/strong> metall, silver \/ transparent<\/p>\n<p><strong>Inneh\u00e5ll:<\/strong> 1x termo-hygrometer analog metall - 43mm, 1x akrylglash\u00e5llare med urtag f\u00f6r m\u00e4tinstrumentet - 73x59mm, 1x akrylglasbas - 73x20mm, 2x transparenta klisterkuddar - 30x20mm<\/p>\n<p><strong>Beskrivning:<\/strong><br \/>\nSatsen best\u00e5r av en analog termometer och hygrometer av metall (43 mm), som \u00e4r insatta i en akrylglasplatta (73x59 mm). Displayen f\u00e4sts med tv\u00e5 transparenta klisterkuddar, som kan anv\u00e4ndas f\u00f6r att f\u00e4sta basen (73x20 mm) \u00f6ver arenaskydd eller ramar.<\/p>\n<p><strong>Viktigt:<\/strong><br \/>\nM\u00e4tdonets baksida m\u00e5ste h\u00e5llas fri, annars kan m\u00e4tfel uppst\u00e5.<\/p>\n<p><strong>Termometer med h\u00f6g noggrannhet:<\/strong> +\/- 2\u00b0C , +\/- 4\u00b0F<br \/>\n<strong>Hygrometer med h\u00f6g noggrannhet:<\/strong> +\/- 5%<\/p>","protected":false},"excerpt":{"rendered":"<p>Set med termometer och hygrometer av metall (43 mm) insatta i akrylglasskiva (73x63 mm)<\/p>","protected":false},"featured_media":7580,"comment_status":"open","ping_status":"closed","template":"","meta":{"_acf_changed":false,"content-type":"","_monsterinsights_skip_tracking":false,"_monsterinsights_sitenote_active":false,"_monsterinsights_sitenote_note":"","_monsterinsights_sitenote_category":0},"product_brand":[],"product_cat":[359,119],"product_tag":[],"class_list":{"0":"post-7590","1":"product","2":"type-product","3":"status-publish","4":"has-post-thumbnail","6":"product_cat-light-heat-humidity","7":"product_cat-formicarium-components","9":"first","10":"instock","11":"taxable","12":"shipping-taxable","13":"purchasable","14":"product-type-simple"},"acf":[],"aioseo_notices":[],"jetpack_sharing_enabled":true,"_links":{"self":[{"href":"https:\/\/antcube.shop\/sv\/wp-json\/wp\/v2\/product\/7590","targetHints":{"allow":["GET"]}}],"collection":[{"href":"https:\/\/antcube.shop\/sv\/wp-json\/wp\/v2\/product"}],"about":[{"href":"https:\/\/antcube.shop\/sv\/wp-json\/wp\/v2\/types\/product"}],"replies":[{"embeddable":true,"href":"https:\/\/antcube.shop\/sv\/wp-json\/wp\/v2\/comments?post=7590"}],"wp:featuredmedia":[{"embeddable":true,"href":"https:\/\/antcube.shop\/sv\/wp-json\/wp\/v2\/media\/7580"}],"wp:attachment":[{"href":"https:\/\/antcube.shop\/sv\/wp-json\/wp\/v2\/media?parent=7590"}],"wp:term":[{"taxonomy":"product_brand","embeddable":true,"href":"https:\/\/antcube.shop\/sv\/wp-json\/wp\/v2\/product_brand?post=7590"},{"taxonomy":"product_cat","embeddable":true,"href":"https:\/\/antcube.shop\/sv\/wp-json\/wp\/v2\/product_cat?post=7590"},{"taxonomy":"product_tag","embeddable":true,"href":"https:\/\/antcube.shop\/sv\/wp-json\/wp\/v2\/product_tag?post=7590"}],"curies":[{"name":"wp","href":"https:\/\/api.w.org\/{rel}","templated":true}]}}