{"id":7589,"date":"2024-04-04T16:24:06","date_gmt":"2024-04-04T14:24:06","guid":{"rendered":"https:\/\/antcube.shop\/product\/mini-thermo-hygrometer-analog-metall-43mm\/"},"modified":"2026-03-31T18:19:20","modified_gmt":"2026-03-31T16:19:20","slug":"mini-termohygrometer-analog-metall-43mm","status":"publish","type":"product","link":"https:\/\/antcube.shop\/sv\/produkt\/mini-termohygrometer-analog-metall-43mm\/","title":{"rendered":"Liten analog termohygrometer i metall - 43 mm"},"content":{"rendered":"<p><strong>Storlek:<\/strong> 43 mm (f\u00f6r 40 mm h\u00e5l)<\/p>\n<p><strong>Material \/ F\u00e4rg:<\/strong> metall, silver<\/p>\n<p><strong>M\u00e4tning:<\/strong><\/p>\n<p><strong>Termometer:<\/strong> -20 till +50\u00b0C \/ -10 till +130\u00b0F<br \/>\n<strong>Noggrannhet:<\/strong> +\/- 2\u00b0C , +\/- 4\u00b0F<\/p>\n<p><strong>Hygrometer:<\/strong> 0 till 100%<br \/>\n<strong>Noggrannhet:<\/strong> +\/- 5%<\/p>\n<p><strong>Beskrivning:<\/strong><br \/>\nAnalog termometer\/hygrometer, som \u00e4r s\u00e4rskilt l\u00e4mplig f\u00f6r mycket sm\u00e5 formikarier.<\/p>\n<p><strong>Observera:<\/strong><br \/>\nM\u00e4tinstrumenten p\u00e5 baksidan m\u00e5ste vara fria, annars kan m\u00e4tfel uppst\u00e5.<\/p>","protected":false},"excerpt":{"rendered":"<p>Storlek: 43 mm (f\u00f6r 40 mm h\u00e5l) Material \/ F\u00e4rg: metall, silver M\u00e4tning: Termometer: -20 till +50\u00b0C \/ -10 till +130\u00b0F Noggrannhet: +\/- 2\u00b0C , +\/- 4\u00b0F Hygrometer: 0 till 100% Noggrannhet: +\/- 5% Beskrivning: Analog termo-\/hygrometer, som \u00e4r s\u00e4rskilt l\u00e4mplig f\u00f6r mycket sm\u00e5 formikarier. Anm\u00e4rkning: M\u00e4tinstrumenten p\u00e5 baksidan m\u00e5ste vara fria, annars kan m\u00e4tningen","protected":false},"featured_media":7581,"comment_status":"open","ping_status":"closed","template":"","meta":{"_acf_changed":false,"content-type":"","_monsterinsights_skip_tracking":false,"_monsterinsights_sitenote_active":false,"_monsterinsights_sitenote_note":"","_monsterinsights_sitenote_category":0},"product_brand":[],"product_cat":[359,119],"product_tag":[],"class_list":{"0":"post-7589","1":"product","2":"type-product","3":"status-publish","4":"has-post-thumbnail","6":"product_cat-light-heat-humidity","7":"product_cat-formicarium-components","9":"first","10":"instock","11":"taxable","12":"shipping-taxable","13":"purchasable","14":"product-type-simple"},"acf":[],"aioseo_notices":[],"jetpack_sharing_enabled":true,"_links":{"self":[{"href":"https:\/\/antcube.shop\/sv\/wp-json\/wp\/v2\/product\/7589","targetHints":{"allow":["GET"]}}],"collection":[{"href":"https:\/\/antcube.shop\/sv\/wp-json\/wp\/v2\/product"}],"about":[{"href":"https:\/\/antcube.shop\/sv\/wp-json\/wp\/v2\/types\/product"}],"replies":[{"embeddable":true,"href":"https:\/\/antcube.shop\/sv\/wp-json\/wp\/v2\/comments?post=7589"}],"wp:featuredmedia":[{"embeddable":true,"href":"https:\/\/antcube.shop\/sv\/wp-json\/wp\/v2\/media\/7581"}],"wp:attachment":[{"href":"https:\/\/antcube.shop\/sv\/wp-json\/wp\/v2\/media?parent=7589"}],"wp:term":[{"taxonomy":"product_brand","embeddable":true,"href":"https:\/\/antcube.shop\/sv\/wp-json\/wp\/v2\/product_brand?post=7589"},{"taxonomy":"product_cat","embeddable":true,"href":"https:\/\/antcube.shop\/sv\/wp-json\/wp\/v2\/product_cat?post=7589"},{"taxonomy":"product_tag","embeddable":true,"href":"https:\/\/antcube.shop\/sv\/wp-json\/wp\/v2\/product_tag?post=7589"}],"curies":[{"name":"wp","href":"https:\/\/api.w.org\/{rel}","templated":true}]}}