{"id":7588,"date":"2024-04-04T16:18:04","date_gmt":"2024-04-04T14:18:04","guid":{"rendered":"https:\/\/antcube.shop\/product\/saugnapfhalter-16mm-2-stk\/"},"modified":"2026-04-03T22:49:22","modified_gmt":"2026-04-03T20:49:22","slug":"hallare-for-sugkopp-16-mm","status":"publish","type":"product","link":"https:\/\/antcube.shop\/sv\/produkt\/hallare-for-sugkopp-16-mm\/","title":{"rendered":"Sugkoppsh\u00e5llare 16mm - 2 st."},"content":{"rendered":"<p><strong>Inneh\u00e5ll:<\/strong><br \/>\n2x montering med sugkopp 16mm<\/p>\n<p><strong>Beskrivning:<\/strong><br \/>\nKl\u00e4mh\u00e5llare f\u00f6r provr\u00f6r 16 mm och 18 mm.<br \/>\nKan anv\u00e4ndas f\u00f6r att f\u00e4sta boender\u00f6r \/ provr\u00f6r p\u00e5 glaset av formicaria eller f\u00f6r att fixera slangar av l\u00e4mplig storlek.<\/p>","protected":false},"excerpt":{"rendered":"<p>Inneh\u00e5ll: 2x sugkoppsmontering 16mm Beskrivning: Kl\u00e4mh\u00e5llare f\u00f6r provr\u00f6r 16mm och 18mm. Kan anv\u00e4ndas f\u00f6r att f\u00e4sta n\u00e4sselr\u00f6r \/ provr\u00f6r p\u00e5 glaset av formicaria eller f\u00f6r att fixera slangar av l\u00e4mplig storlek.<\/p>","protected":false},"featured_media":7585,"comment_status":"open","ping_status":"closed","template":"","meta":{"_acf_changed":false,"content-type":"","_monsterinsights_skip_tracking":false,"_monsterinsights_sitenote_active":false,"_monsterinsights_sitenote_note":"","_monsterinsights_sitenote_category":0},"product_brand":[],"product_cat":[119,239,237],"product_tag":[],"class_list":{"0":"post-7588","1":"product","2":"type-product","3":"status-publish","4":"has-post-thumbnail","6":"product_cat-formicarium-components","7":"product_cat-useful-additions","8":"product_cat-tools","10":"first","11":"instock","12":"taxable","13":"shipping-taxable","14":"purchasable","15":"product-type-simple"},"acf":[],"aioseo_notices":[],"jetpack_sharing_enabled":true,"_links":{"self":[{"href":"https:\/\/antcube.shop\/sv\/wp-json\/wp\/v2\/product\/7588","targetHints":{"allow":["GET"]}}],"collection":[{"href":"https:\/\/antcube.shop\/sv\/wp-json\/wp\/v2\/product"}],"about":[{"href":"https:\/\/antcube.shop\/sv\/wp-json\/wp\/v2\/types\/product"}],"replies":[{"embeddable":true,"href":"https:\/\/antcube.shop\/sv\/wp-json\/wp\/v2\/comments?post=7588"}],"wp:featuredmedia":[{"embeddable":true,"href":"https:\/\/antcube.shop\/sv\/wp-json\/wp\/v2\/media\/7585"}],"wp:attachment":[{"href":"https:\/\/antcube.shop\/sv\/wp-json\/wp\/v2\/media?parent=7588"}],"wp:term":[{"taxonomy":"product_brand","embeddable":true,"href":"https:\/\/antcube.shop\/sv\/wp-json\/wp\/v2\/product_brand?post=7588"},{"taxonomy":"product_cat","embeddable":true,"href":"https:\/\/antcube.shop\/sv\/wp-json\/wp\/v2\/product_cat?post=7588"},{"taxonomy":"product_tag","embeddable":true,"href":"https:\/\/antcube.shop\/sv\/wp-json\/wp\/v2\/product_tag?post=7588"}],"curies":[{"name":"wp","href":"https:\/\/api.w.org\/{rel}","templated":true}]}}