{"id":7504,"date":"2024-04-04T11:27:42","date_gmt":"2024-04-04T09:27:42","guid":{"rendered":"https:\/\/antcube.shop\/product\/folien-thermometer-farm\/"},"modified":"2026-04-02T09:54:42","modified_gmt":"2026-04-02T07:54:42","slug":"folietermometer-for-lantbruk","status":"publish","type":"product","link":"https:\/\/antcube.shop\/sv\/produkt\/folietermometer-for-lantbruk\/","title":{"rendered":"Folietermometer - g\u00e5rd"},"content":{"rendered":"<p><strong>Storlek:<\/strong> 88 mm x 15 mm<\/p>\n<p><strong>M\u00e4tomr\u00e5de:<\/strong> +12\u00b0C till +34\u00b0C<\/p>\n<p><strong>Noggrannhet:<\/strong> +\/- 1\u00b0C<\/p>\n<p><strong>Beskrivning:<\/strong><br \/>\nFolietermometer som kan f\u00e4stas p\u00e5 glaset i en myrstack\/formicarium fr\u00e5n insidan. Sj\u00e4lvh\u00e4ftande yta under folien p\u00e5 baksidan.<\/p>\n<p><strong>F\u00f6r avl\u00e4sning av temperaturen:<\/strong><br \/>\nDet gr\u00f6na omr\u00e5det visar den aktuella temperaturen.<br \/>\nOm det r\u00f6da omr\u00e5det \u00e4r tydligt synligt, subtrahera 0,5\u00b0C<br \/>\nL\u00e4gg till 0,5\u00b0C om det bl\u00e5 omr\u00e5det \u00e4r tydligt synligt<\/p>","protected":false},"excerpt":{"rendered":"<p>M\u00e4tomr\u00e5de: +12\u00b0C till +34\u00b0C<\/p>","protected":false},"featured_media":7576,"comment_status":"open","ping_status":"closed","template":"","meta":{"_acf_changed":false,"content-type":"","_monsterinsights_skip_tracking":false,"_monsterinsights_sitenote_active":false,"_monsterinsights_sitenote_note":"","_monsterinsights_sitenote_category":0},"product_brand":[],"product_cat":[359,119,239],"product_tag":[],"class_list":{"0":"post-7504","1":"product","2":"type-product","3":"status-publish","4":"has-post-thumbnail","6":"product_cat-light-heat-humidity","7":"product_cat-formicarium-components","8":"product_cat-useful-additions","10":"first","11":"instock","12":"taxable","13":"shipping-taxable","14":"purchasable","15":"product-type-simple"},"acf":[],"aioseo_notices":[],"jetpack_sharing_enabled":true,"_links":{"self":[{"href":"https:\/\/antcube.shop\/sv\/wp-json\/wp\/v2\/product\/7504","targetHints":{"allow":["GET"]}}],"collection":[{"href":"https:\/\/antcube.shop\/sv\/wp-json\/wp\/v2\/product"}],"about":[{"href":"https:\/\/antcube.shop\/sv\/wp-json\/wp\/v2\/types\/product"}],"replies":[{"embeddable":true,"href":"https:\/\/antcube.shop\/sv\/wp-json\/wp\/v2\/comments?post=7504"}],"wp:featuredmedia":[{"embeddable":true,"href":"https:\/\/antcube.shop\/sv\/wp-json\/wp\/v2\/media\/7576"}],"wp:attachment":[{"href":"https:\/\/antcube.shop\/sv\/wp-json\/wp\/v2\/media?parent=7504"}],"wp:term":[{"taxonomy":"product_brand","embeddable":true,"href":"https:\/\/antcube.shop\/sv\/wp-json\/wp\/v2\/product_brand?post=7504"},{"taxonomy":"product_cat","embeddable":true,"href":"https:\/\/antcube.shop\/sv\/wp-json\/wp\/v2\/product_cat?post=7504"},{"taxonomy":"product_tag","embeddable":true,"href":"https:\/\/antcube.shop\/sv\/wp-json\/wp\/v2\/product_tag?post=7504"}],"curies":[{"name":"wp","href":"https:\/\/api.w.org\/{rel}","templated":true}]}}