{"id":7500,"date":"2024-04-04T11:27:17","date_gmt":"2024-04-04T09:27:17","guid":{"rendered":"https:\/\/antcube.shop\/product\/ant-maze-20x20-m\/"},"modified":"2026-01-12T12:39:35","modified_gmt":"2026-01-12T11:39:35","slug":"myrlabyrint-20x20-m","status":"publish","type":"product","link":"https:\/\/antcube.shop\/sv\/produkt\/myrlabyrint-20x20-m\/","title":{"rendered":"Myrlabyrint 20\u00d720 - M"},"content":{"rendered":"<p><strong>M\u00e5tt:<\/strong><br \/>\n190x220x23 mm; <strong>banans h\u00f6jd<\/strong> 10mm <strong>banans bredd<\/strong> 10-19 mm<br \/>\n5x styrenhet f\u00f6r glidande passage<\/p>\n<p><strong>Material:<\/strong> akrylglas<\/p>\n<p><strong>F\u00e4rg:<\/strong> kristallklar, genomskinlig<\/p>\n<p><strong>Inneh\u00e5ll:<\/strong><br \/>\n1x Ant Maze M med 5x genomskjutningsregulator<\/p>\n<p><strong>Anslutning:<\/strong> 2x anslutningshylsor 10mm f\u00f6r r\u00f6r 14\/10mm<\/p>\n<p><strong>Beskrivning:<\/strong> Myrlabyrint platt formicarium tillverkat av flera skiktade paneler. Myrlabyrinten kan f\u00f6rl\u00e4ngas via slangar eller anslutas till en myrarena med hj\u00e4lp av de integrerade anslutningsuttagen. De fem inbyggda reglagen g\u00f6r att myrorna kan \u00f6ppna eller st\u00e4nga olika v\u00e4gar i labyrinten. Detta kan anv\u00e4ndas f\u00f6r experiment p\u00e5 t.ex. utbildningsinstitutioner eller i hemmet f\u00f6r att observera hur myror hittar sin v\u00e4g och anpassar sig till pl\u00f6tsligt \u00e4ndrade rutter, t.ex. till f\u00f6doomr\u00e5den.<\/p>\n<p><strong>Observera:<\/strong> Glapp p\u00e5 0,5 mm kan f\u00f6rekomma.<\/p>\n<p><strong>Anm\u00e4rkning om anslutningsuttagen<\/strong><br \/>\nObservera f\u00f6ljande n\u00e4r du monterar eller tar bort slangar:<br \/>\nOm slangen \u00e4r mycket sv\u00e5r att f\u00e5 p\u00e5 plats p\u00e5 anslutningshylsan, ska hylsan gnuggas l\u00e4tt med en droppe av v\u00e5r olja eller pulver som skyddar mot utbrott. Tryck sedan p\u00e5 slangen p\u00e5 uttaget med vridande eller skruvande r\u00f6relser utan att belasta uttaget med upp- och ned\u00e5tg\u00e5ende r\u00f6relser. Detsamma g\u00e4ller n\u00e4r du tar bort slangarna fr\u00e5n g\u00e5rdsanslutningsuttaget. Dra inte bara av den!<\/p>","protected":false},"excerpt":{"rendered":"<p>Anslutning: Uttag 2x 10mm<\/p>","protected":false},"featured_media":7600,"comment_status":"open","ping_status":"closed","template":"","meta":{"_acf_changed":false,"content-type":"","_monsterinsights_skip_tracking":false,"_monsterinsights_sitenote_active":false,"_monsterinsights_sitenote_note":"","_monsterinsights_sitenote_category":0},"product_brand":[],"product_cat":[257,119,239,91],"product_tag":[],"class_list":{"0":"post-7500","1":"product","2":"type-product","3":"status-publish","4":"has-post-thumbnail","6":"product_cat-new-innovatve-products","7":"product_cat-formicarium-components","8":"product_cat-useful-additions","9":"product_cat-formicarium-modules","11":"first","12":"instock","13":"taxable","14":"shipping-taxable","15":"purchasable","16":"product-type-simple"},"acf":[],"aioseo_notices":[],"jetpack_sharing_enabled":true,"_links":{"self":[{"href":"https:\/\/antcube.shop\/sv\/wp-json\/wp\/v2\/product\/7500","targetHints":{"allow":["GET"]}}],"collection":[{"href":"https:\/\/antcube.shop\/sv\/wp-json\/wp\/v2\/product"}],"about":[{"href":"https:\/\/antcube.shop\/sv\/wp-json\/wp\/v2\/types\/product"}],"replies":[{"embeddable":true,"href":"https:\/\/antcube.shop\/sv\/wp-json\/wp\/v2\/comments?post=7500"}],"wp:featuredmedia":[{"embeddable":true,"href":"https:\/\/antcube.shop\/sv\/wp-json\/wp\/v2\/media\/7600"}],"wp:attachment":[{"href":"https:\/\/antcube.shop\/sv\/wp-json\/wp\/v2\/media?parent=7500"}],"wp:term":[{"taxonomy":"product_brand","embeddable":true,"href":"https:\/\/antcube.shop\/sv\/wp-json\/wp\/v2\/product_brand?post=7500"},{"taxonomy":"product_cat","embeddable":true,"href":"https:\/\/antcube.shop\/sv\/wp-json\/wp\/v2\/product_cat?post=7500"},{"taxonomy":"product_tag","embeddable":true,"href":"https:\/\/antcube.shop\/sv\/wp-json\/wp\/v2\/product_tag?post=7500"}],"curies":[{"name":"wp","href":"https:\/\/api.w.org\/{rel}","templated":true}]}}