{"id":7495,"date":"2024-04-04T11:21:06","date_gmt":"2024-04-04T09:21:06","guid":{"rendered":"https:\/\/antcube.shop\/product\/beckenverbinder-3-4-zu-20mm-glasklar\/"},"modified":"2026-04-04T20:31:13","modified_gmt":"2026-04-04T18:31:13","slug":"bassanganslutning-3-4-till-20-mm-glas-klart","status":"publish","type":"product","link":"https:\/\/antcube.shop\/sv\/produkt\/bassanganslutning-3-4-till-20-mm-glas-klart\/","title":{"rendered":"Tv\u00e4ttst\u00e4llsanslutning 3\/4\u2033 till 20mm - glasklar"},"content":{"rendered":"<p><span data-text-color=\"alert\"><strong>Uppm\u00e4rksamhet:<\/strong> <\/span>den mutter som kr\u00e4vs f\u00f6r fasts\u00e4ttning m\u00e5ste best\u00e4llas separat<\/p>\n<p><strong>Kvantitet:<\/strong> 1 st<\/p>\n<p><strong>F\u00e4rg:<\/strong> glasklar<\/p>\n<p><strong>Material:<\/strong> Plast<\/p>\n<p><strong>Beskrivning:<\/strong> Denna r\u00f6rkoppling 3\/4\" passar i ett 27 mm h\u00e5l och p\u00e5 ett r\u00f6r med en ytterdiameter p\u00e5 20 mm.<\/p>","protected":false},"excerpt":{"rendered":"<p>OBS: den mutter som kr\u00e4vs f\u00f6r fasts\u00e4ttning m\u00e5ste best\u00e4llas separat Antal: 1 st F\u00e4rg: glasklar Material: Plast Beskrivning: Denna r\u00f6rkoppling 3\/4 \"passar i ett 27 mm h\u00e5l och p\u00e5 ett 20 mm r\u00f6r med ytterdiameter.<\/p>","protected":false},"featured_media":7510,"comment_status":"open","ping_status":"closed","template":"","meta":{"_acf_changed":false,"content-type":"","_monsterinsights_skip_tracking":false,"_monsterinsights_sitenote_active":false,"_monsterinsights_sitenote_note":"","_monsterinsights_sitenote_category":0},"product_brand":[],"product_cat":[257,345,119,121],"product_tag":[],"class_list":{"0":"post-7495","1":"product","2":"type-product","3":"status-publish","4":"has-post-thumbnail","6":"product_cat-new-innovatve-products","7":"product_cat-pipe-connectors","8":"product_cat-formicarium-components","9":"product_cat-connectors","11":"first","12":"instock","13":"taxable","14":"shipping-taxable","15":"purchasable","16":"product-type-simple"},"acf":[],"aioseo_notices":[],"jetpack_sharing_enabled":true,"_links":{"self":[{"href":"https:\/\/antcube.shop\/sv\/wp-json\/wp\/v2\/product\/7495","targetHints":{"allow":["GET"]}}],"collection":[{"href":"https:\/\/antcube.shop\/sv\/wp-json\/wp\/v2\/product"}],"about":[{"href":"https:\/\/antcube.shop\/sv\/wp-json\/wp\/v2\/types\/product"}],"replies":[{"embeddable":true,"href":"https:\/\/antcube.shop\/sv\/wp-json\/wp\/v2\/comments?post=7495"}],"wp:featuredmedia":[{"embeddable":true,"href":"https:\/\/antcube.shop\/sv\/wp-json\/wp\/v2\/media\/7510"}],"wp:attachment":[{"href":"https:\/\/antcube.shop\/sv\/wp-json\/wp\/v2\/media?parent=7495"}],"wp:term":[{"taxonomy":"product_brand","embeddable":true,"href":"https:\/\/antcube.shop\/sv\/wp-json\/wp\/v2\/product_brand?post=7495"},{"taxonomy":"product_cat","embeddable":true,"href":"https:\/\/antcube.shop\/sv\/wp-json\/wp\/v2\/product_cat?post=7495"},{"taxonomy":"product_tag","embeddable":true,"href":"https:\/\/antcube.shop\/sv\/wp-json\/wp\/v2\/product_tag?post=7495"}],"curies":[{"name":"wp","href":"https:\/\/api.w.org\/{rel}","templated":true}]}}