{"id":6739,"date":"2023-12-12T15:09:04","date_gmt":"2023-12-12T14:09:04","guid":{"rendered":"https:\/\/antcube.shop\/product\/ameisenarena-abdeckung-60x30\/"},"modified":"2026-04-13T10:48:44","modified_gmt":"2026-04-13T08:48:44","slug":"tackning-av-myrarena-60x30","status":"publish","type":"product","link":"https:\/\/antcube.shop\/sv\/produkt\/tackning-av-myrarena-60x30\/","title":{"rendered":"Ant arena som t\u00e4cker 60\u00d730"},"content":{"rendered":"<p><strong>M\u00e5tt (LxBxH):<\/strong> 60x30x0,4 cm<\/p>\n<p><strong>Material:<\/strong> Flytande glas<\/p>\n<p><strong>F\u00e4rg:<\/strong> klar \/ transparent<\/p>\n<p><strong>Inneh\u00e5ll:<\/strong><br \/>\n1x Skydd f\u00f6r myrarena<br \/>\n1x fixeringspunkter 4 st.<\/p>\n<p><strong>Beskrivning:<\/strong><br \/>\nGlasskydd f\u00f6r myrstacken som flyktskydd<\/p>\n<p><strong>Hur man anv\u00e4nder den:<\/strong><br \/>\nMyra-arena-t\u00e4cket av glas kan placeras p\u00e5 en myrarena som flyktskydd och f\u00f6r att reglera klimatet.<br \/>\nOlika moduler f\u00f6r klimatkontroll kan s\u00e4ttas in i 50 mm-\u00f6ppningarna, t.ex. ventilationsgaller, belysning eller befuktning.<br \/>\nF\u00f6r att hindra myror fr\u00e5n att ta sig ut genom \u00f6ppningarna b\u00f6r ett utbrottsskydd (olja, pulver eller lack) appliceras p\u00e5 undersidan runt h\u00e5len.<\/p>\n<p><strong>Observera:<\/strong><br \/>\nEftersom artikeln \u00e4r gjord av glas och d\u00e4rf\u00f6r \u00e4r \u00f6mt\u00e5lig, b\u00f6r den hanteras mycket f\u00f6rsiktigt.<\/p>","protected":false},"excerpt":{"rendered":"<p>Glask\u00e5pa\/lock f\u00f6r myrstacken som flyktskydd<\/p>","protected":false},"featured_media":6730,"comment_status":"open","ping_status":"closed","template":"","meta":{"_acf_changed":false,"content-type":"","_monsterinsights_skip_tracking":false,"_monsterinsights_sitenote_active":false,"_monsterinsights_sitenote_note":"","_monsterinsights_sitenote_category":0},"product_brand":[],"product_cat":[91,92],"product_tag":[],"class_list":{"0":"post-6739","1":"product","2":"type-product","3":"status-publish","4":"has-post-thumbnail","6":"product_cat-formicarium-modules","7":"product_cat-arena-cover","9":"first","10":"instock","11":"taxable","12":"shipping-taxable","13":"purchasable","14":"product-type-simple"},"acf":[],"aioseo_notices":[],"jetpack_sharing_enabled":true,"_links":{"self":[{"href":"https:\/\/antcube.shop\/sv\/wp-json\/wp\/v2\/product\/6739","targetHints":{"allow":["GET"]}}],"collection":[{"href":"https:\/\/antcube.shop\/sv\/wp-json\/wp\/v2\/product"}],"about":[{"href":"https:\/\/antcube.shop\/sv\/wp-json\/wp\/v2\/types\/product"}],"replies":[{"embeddable":true,"href":"https:\/\/antcube.shop\/sv\/wp-json\/wp\/v2\/comments?post=6739"}],"wp:featuredmedia":[{"embeddable":true,"href":"https:\/\/antcube.shop\/sv\/wp-json\/wp\/v2\/media\/6730"}],"wp:attachment":[{"href":"https:\/\/antcube.shop\/sv\/wp-json\/wp\/v2\/media?parent=6739"}],"wp:term":[{"taxonomy":"product_brand","embeddable":true,"href":"https:\/\/antcube.shop\/sv\/wp-json\/wp\/v2\/product_brand?post=6739"},{"taxonomy":"product_cat","embeddable":true,"href":"https:\/\/antcube.shop\/sv\/wp-json\/wp\/v2\/product_cat?post=6739"},{"taxonomy":"product_tag","embeddable":true,"href":"https:\/\/antcube.shop\/sv\/wp-json\/wp\/v2\/product_tag?post=6739"}],"curies":[{"name":"wp","href":"https:\/\/api.w.org\/{rel}","templated":true}]}}