{"id":6737,"date":"2023-12-12T15:03:25","date_gmt":"2023-12-12T14:03:25","guid":{"rendered":"https:\/\/antcube.shop\/product\/antcube-starter-set-fur-weberameisen-gros\/"},"modified":"2026-04-15T13:37:57","modified_gmt":"2026-04-15T11:37:57","slug":"startset-for-vavarmyror-stor","status":"publish","type":"product","link":"https:\/\/antcube.shop\/sv\/produkt\/startset-for-vavarmyror-stor\/","title":{"rendered":"ANTCUBE - Startset f\u00f6r v\u00e4varmyror - stor"},"content":{"rendered":"<p><span data-text-color=\"alert\"><strong>Frakt endast m\u00f6jlig via spedition p\u00e5 palett.<\/strong><\/span><\/p>\n<p><strong>Inneh\u00e5ll:<\/strong><br \/>\n1x ANTCUBE Arena 30x30x60 med skjutd\u00f6rr<br \/>\n1x ram f\u00f6r myrarena 30\u00d730<br \/>\n1x skydd f\u00f6r myrarena 30\u00d730<br \/>\n1x f\u00e4stpunkt f\u00f6r arenaskydd (4 st.)<\/p>\n<p>1x ram f\u00f6r skjutd\u00f6rr<br \/>\nSprutflaska 0,5 liter - m\u00e4ssingsmunstycke<br \/>\n1x Foto bakv\u00e4gg - regnskog - 30\u00d760 - h\u00f6g<br \/>\n1x Formicarium-bas 30\u00d730 cm<br \/>\n1x substrat regnskog 1 kg<\/p>\n<p>7x Grid insert acrylic &#8211; 50 mm with sealing ring<br \/>\n1x drinking clear 5ml &#8211; sponge<br \/>\n1x Feeding dish white rectangle &#8211; 3 compartments<br \/>\n1x Drinking trough 2ml &#8211; 360 Degrees<br \/>\n1x pincett av fj\u00e4derst\u00e5l bred - mjuk<br \/>\n1x plastpincett standard<br \/>\n1x Olja f\u00f6r skydd mot myggutbrott<br \/>\n1x handf\u00f6rstoringsglas - 2x - 30mm<br \/>\n1x skumtorkare 150x18x2,5mm<\/p>\n<p><strong>Can be ordered with shipping by forwarding agent on pallet in our second store ANTCUBE:<\/strong><\/p>\n<blockquote class=\"wp-embedded-content\" data-secret=\"ej6pTCxvgs\"><p><a href=\"https:\/\/antcube.shop\/product\/starter-set-for-weaver-ants-large\/\">ANTCUBE - Startset f\u00f6r v\u00e4varmyror - stor<\/a><\/p><\/blockquote>\n<p><iframe loading=\"lazy\" class=\"wp-embedded-content\" sandbox=\"allow-scripts\" security=\"restricted\" style=\"position: absolute; visibility: hidden;\" title=\"&#8222;ANTCUBE &#8211; Starter set for weaver ants &#8211; large&#8220; &#8211; ANTCUBE\" src=\"https:\/\/antcube.shop\/product\/starter-set-for-weaver-ants-large\/embed\/#?secret=8EE7Sy4tG2#?secret=ej6pTCxvgs\" data-secret=\"ej6pTCxvgs\" width=\"600\" height=\"338\" frameborder=\"0\" marginwidth=\"0\" marginheight=\"0\" scrolling=\"no\"><\/iframe><\/p>\n<p><strong>Beskrivning:<\/strong><br \/>\nDetta expanderbara startset, speciellt f\u00f6r olika arter av v\u00e4vmyror som Polyrhachis spec. eller Oecophylla spec. inneh\u00e5ller inte bara det optimalt anpassade formikariet utan \u00e4ven l\u00e4mpliga tillbeh\u00f6r f\u00f6r att h\u00e5lla denna myrart.<\/p>\n<p>The sliding door in the front (opening 150x200mm) facilitates the work in the formicarium, even with large colonies or planting of the formicarium with a host plant for example Oecophylla smaragdina. Additional formicariums can be connected via the two 50mm holes on the side. The stainless steel grid inserts provide good ventilation and are robust against mechanical impact. If necessary, the humidity can be increased with the spray bottle. The drinker clear 5ml &#8211; sponge is intended for the supply of fresh water, the drinker 2ml &#8211; 360 degrees for honey or sugar solution.<\/p>\n<p><strong>Viktigt: <\/strong>Fukta substratet innan du anv\u00e4nder det, s\u00e5 att blandningen kan sm\u00e4lta samman och f\u00e5 ett fast grepp i myrstacken. Dessutom kan f\u00f6r torrt och dammigt substrat leda till att myrornas luftv\u00e4gar blockeras och i v\u00e4rsta fall kv\u00e4vs djuren.<\/p>\n<p><strong>Viktig anm\u00e4rkning om skjutd\u00f6rrsramen:<\/strong><br \/>\nRamen kan enkelt f\u00e4stas p\u00e5 skruvarna som \u00e4r f\u00e4sta p\u00e5 skjutd\u00f6rrens skenor. F\u00f6r att g\u00f6ra detta, lossa f\u00f6rsiktigt <strong>endast<\/strong> muttrarna inuti. En liten stj\u00e4rnskruvmejsel (kryssskruvmejsel) beh\u00f6vs. S\u00e4tt ihop ramen och h\u00e4ng upp insidan p\u00e5 skruvarna. S\u00e4tt sedan f\u00f6rsiktigt tillbaka muttrarna och <strong>under no circumstances turn too tightly<\/strong>, otherwise the glass may be damaged.<\/p>\n<p><u><strong>Anm\u00e4rkningar om produktionen<\/strong><\/u><br \/>\nGlaset \u00e4r skuret enligt DIN 1249 med en tolerans p\u00e5 +\/- 1 mm. F\u00f6r extremt sm\u00e5 myrarter \u00e4r det n\u00f6dv\u00e4ndigt med ytterligare utbrytningsskydd.<\/p>","protected":false},"excerpt":{"rendered":"<p>The set consists of 22 parts.<br \/>\nStorlek: <span style=\"color: #ed1c24;\"><strong>XL<\/strong><\/span><\/p>","protected":false},"featured_media":6710,"comment_status":"open","ping_status":"closed","template":"","meta":{"_acf_changed":false,"content-type":"","_monsterinsights_skip_tracking":false,"_monsterinsights_sitenote_active":false,"_monsterinsights_sitenote_note":"","_monsterinsights_sitenote_category":0},"product_brand":[],"product_cat":[354,73],"product_tag":[],"class_list":{"0":"post-6737","1":"product","2":"type-product","3":"status-publish","4":"has-post-thumbnail","6":"product_cat-starter-sets-for-weaver-ants","7":"product_cat-starter-sets","8":"product_shipping_class-forwarding-on-pallet","10":"first","11":"instock","12":"taxable","13":"shipping-taxable","14":"purchasable","15":"product-type-simple"},"acf":[],"aioseo_notices":[],"jetpack_sharing_enabled":true,"_links":{"self":[{"href":"https:\/\/antcube.shop\/sv\/wp-json\/wp\/v2\/product\/6737","targetHints":{"allow":["GET"]}}],"collection":[{"href":"https:\/\/antcube.shop\/sv\/wp-json\/wp\/v2\/product"}],"about":[{"href":"https:\/\/antcube.shop\/sv\/wp-json\/wp\/v2\/types\/product"}],"replies":[{"embeddable":true,"href":"https:\/\/antcube.shop\/sv\/wp-json\/wp\/v2\/comments?post=6737"}],"wp:featuredmedia":[{"embeddable":true,"href":"https:\/\/antcube.shop\/sv\/wp-json\/wp\/v2\/media\/6710"}],"wp:attachment":[{"href":"https:\/\/antcube.shop\/sv\/wp-json\/wp\/v2\/media?parent=6737"}],"wp:term":[{"taxonomy":"product_brand","embeddable":true,"href":"https:\/\/antcube.shop\/sv\/wp-json\/wp\/v2\/product_brand?post=6737"},{"taxonomy":"product_cat","embeddable":true,"href":"https:\/\/antcube.shop\/sv\/wp-json\/wp\/v2\/product_cat?post=6737"},{"taxonomy":"product_tag","embeddable":true,"href":"https:\/\/antcube.shop\/sv\/wp-json\/wp\/v2\/product_tag?post=6737"}],"curies":[{"name":"wp","href":"https:\/\/api.w.org\/{rel}","templated":true}]}}